{"id":10001,"date":"2020-11-30T20:06:21","date_gmt":"2020-11-30T19:06:21","guid":{"rendered":"https:\/\/www.mas-oms.com\/habitacions\/"},"modified":"2026-02-03T14:49:09","modified_gmt":"2026-02-03T13:49:09","slug":"habitacions","status":"publish","type":"page","link":"https:\/\/mas-oms.com\/fr\/ca\/habitacions\/","title":{"rendered":"Habitacions"},"content":{"rendered":"<p>[et_pb_section fb_built=&#8221;1&#8243; fullwidth=&#8221;on&#8221; _builder_version=&#8221;4.16&#8243; _dynamic_attributes=&#8221;background_image&#8221; _module_preset=&#8221;default&#8221; background_image=&#8221;@ET-DC@eyJkeW5hbWljIjp0cnVlLCJjb250ZW50IjoiY3VzdG9tX21ldGFfYmFubmllcmVfaW1hZ2UiLCJzZXR0aW5ncyI6eyJiZWZvcmUiOiIiLCJhZnRlciI6IiIsImVuYWJsZV9odG1sIjoib2ZmIn19@&#8221; height=&#8221;200px&#8221; custom_margin=&#8221;0px||0px||false|false&#8221; custom_padding=&#8221;||||false|false&#8221; saved_tabs=&#8221;all&#8221; collapsed=&#8221;off&#8221; global_colors_info=&#8221;{}&#8221;][et_pb_fullwidth_post_title meta=&#8221;off&#8221; featured_image=&#8221;off&#8221; admin_label=&#8221;Titre du poste en pleine largeur&#8221; _builder_version=&#8221;4.16&#8243; _module_preset=&#8221;default&#8221; title_text_align=&#8221;center&#8221; title_text_color=&#8221;#ffffff&#8221; title_font_size=&#8221;40px&#8221; height=&#8221;200px&#8221; custom_margin=&#8221;0px||0px||false|false&#8221; custom_padding=&#8221;80px||80px||false|false&#8221; custom_padding_tablet=&#8221;&#8221; custom_padding_phone=&#8221;||||false|false&#8221; custom_padding_last_edited=&#8221;on|phone&#8221; title_font_size_tablet=&#8221;&#8221; title_font_size_phone=&#8221;33px&#8221; title_font_size_last_edited=&#8221;on|phone&#8221; global_colors_info=&#8221;{}&#8221;][\/et_pb_fullwidth_post_title][\/et_pb_section][et_pb_section fb_built=&#8221;1&#8243; custom_padding_last_edited=&#8221;on|desktop&#8221; admin_label=&#8221;section&#8221; _builder_version=&#8221;4.16&#8243; background_color=&#8221;#ffffff&#8221; custom_padding_tablet=&#8221;50px|0|50px|0&#8243; custom_padding_phone=&#8221;&#8221; transparent_background=&#8221;off&#8221; padding_mobile=&#8221;off&#8221; make_fullwidth=&#8221;off&#8221; use_custom_width=&#8221;off&#8221; width_unit=&#8221;on&#8221; locked=&#8221;off&#8221; global_colors_info=&#8221;{}&#8221;][et_pb_row padding_mobile=&#8221;off&#8221; column_padding_mobile=&#8221;on&#8221; admin_label=&#8221;row&#8221; _builder_version=&#8221;4.16&#8243; background_size=&#8221;initial&#8221; background_position=&#8221;top_left&#8221; background_repeat=&#8221;repeat&#8221; custom_padding=&#8221;0px|||&#8221; make_fullwidth=&#8221;off&#8221; use_custom_width=&#8221;off&#8221; width_unit=&#8221;on&#8221; global_colors_info=&#8221;{}&#8221;][et_pb_column type=&#8221;4_4&#8243; _builder_version=&#8221;4.16&#8243; custom_padding=&#8221;|||&#8221; global_colors_info=&#8221;{}&#8221; custom_padding__hover=&#8221;|||&#8221;][et_pb_text admin_label=&#8221;Texte&#8221; _builder_version=&#8221;4.27.4&#8243; text_text_color=&#8221;#241e20&#8243; link_font=&#8221;||||on|||#241e20|&#8221; header_text_color=&#8221;#241e20&#8243; header_line_height=&#8221;1.4em&#8221; header_2_text_color=&#8221;#241e20&#8243; header_2_line_height=&#8221;1.4em&#8221; header_3_text_color=&#8221;#241e20&#8243; header_3_line_height=&#8221;1.4em&#8221; background_size=&#8221;initial&#8221; background_position=&#8221;top_left&#8221; background_repeat=&#8221;repeat&#8221; hover_enabled=&#8221;0&#8243; use_border_color=&#8221;off&#8221; global_colors_info=&#8221;{}&#8221; sticky_enabled=&#8221;0&#8243;]<\/p>\n<h2 style=\"text-align: center;\"><strong>Descobriu la vostra futura habitaci\u00f3 amb encant on la tranquil\u00b7litat i la comoditat van de la m\u00e0<\/strong><\/h2>\n<h3 style=\"text-align: center;\"><strong>A Mas Oms, combinem la professionalitat d\u2019un hotel amb la simpatia d\u2019un bed and breakfast amb encant<\/strong><\/h3>\n<p style=\"text-align: center;\">Aprofita d&#8217;una estada en tota tranquil\u00b7litat en una de les habitacions d&#8217;aquesta masia t\u00edpica catalana. El Mas Oms compta amb <strong>4 habitacions dobles i 2 habitacions qu\u00e0druples<\/strong>. Les habitacions tenen una decoraci\u00f3 original i senzilla, al mateix temps que ofereixen un <strong>confort excel\u00b7lent<\/strong> gr\u00e0cies a una <strong>roba de llit de gran qualitat. <\/strong>Els <strong>llen\u00e7ols de lli natural<\/strong> s&#8217;han triat pensant en el benestar i la transpirabilitat que aporta aquesta mat\u00e8ria. A m\u00e9s a m\u00e9s, a l&#8217;arribada podr\u00e0s escollir un oli essencial per difondre i personalitzar l&#8217;ambient de la teva habitaci\u00f3. L&#8217;experi\u00e8ncia continua al bany amb els nostres <strong>gels de dutxa i xamp\u00fas 100%\u00a0<\/strong>naturals. L&#8217;<strong><a href=\"https:\/\/mas-oms.com\/ca\/esmorzar\/\">esmorzar saludable est\u00e0 incl\u00f2s<\/a><\/strong> al preu de l&#8217;habitaci\u00f3 per comen\u00e7ar el dia b\u00e9. Totes les habitacions gaudeixen de calefacci\u00f3 central, d&#8217;un tovalloler el\u00e8ctric i d&#8217;aire condicionat. Totes les nostres habitacions dobles poden convertir-se en habitaci\u00f3 &#8220;twin&#8221;. <strong>No oblidis mencionar-ho en el moment de fer la <\/strong><a href=\"https:\/\/direct-book.com\/properties\/masoms\"><strong>teva reserva<\/strong><\/a>.<\/p>\n<p>[\/et_pb_text][\/et_pb_column][\/et_pb_row][et_pb_row column_structure=&#8221;1_2,1_2&#8243; _builder_version=&#8221;4.16&#8243; _module_preset=&#8221;default&#8221; custom_padding=&#8221;0px||0px||false|false&#8221; global_colors_info=&#8221;{}&#8221;][et_pb_column type=&#8221;1_2&#8243; _builder_version=&#8221;4.16&#8243; _module_preset=&#8221;default&#8221; global_colors_info=&#8221;{}&#8221;][mphb-divi-single-accommodation id=&#8221;1852&#8243; gallery=&#8221;off&#8221; book_button=&#8221;off&#8221; admin_label=&#8221;Chambre \u00ab Olivera \u00bb&#8221; _builder_version=&#8221;4.27.4&#8243; _module_preset=&#8221;default&#8221; hover_enabled=&#8221;0&#8243; global_colors_info=&#8221;{}&#8221; view_button=&#8221;off&#8221; sticky_enabled=&#8221;0&#8243;][\/mphb-divi-single-accommodation][et_pb_button button_text=&#8221;Veure detalls&#8221; _builder_version=&#8221;4.27.4&#8243; _module_preset=&#8221;default&#8221; button_url=&#8221;https:\/\/mas-oms.com\/ca\/habitacions\/habitacio-olivera\/&#8221; hover_enabled=&#8221;0&#8243; sticky_enabled=&#8221;0&#8243;][\/et_pb_button][\/et_pb_column][et_pb_column type=&#8221;1_2&#8243; _builder_version=&#8221;4.16&#8243; _module_preset=&#8221;default&#8221; global_colors_info=&#8221;{}&#8221;][mphb-divi-single-accommodation id=&#8221;1851&#8243; gallery=&#8221;off&#8221; book_button=&#8221;off&#8221; admin_label=&#8221; Chambre \u00ab Figuera \u00bb&#8221; _builder_version=&#8221;4.27.4&#8243; _module_preset=&#8221;default&#8221; hover_enabled=&#8221;0&#8243; global_colors_info=&#8221;{}&#8221; view_button=&#8221;off&#8221; sticky_enabled=&#8221;0&#8243;][\/mphb-divi-single-accommodation][et_pb_button button_text=&#8221;Veure detalls&#8221; _builder_version=&#8221;4.27.4&#8243; _module_preset=&#8221;default&#8221; button_url=&#8221;https:\/\/mas-oms.com\/ca\/habitacions\/habitacio-figuera\/&#8221; hover_enabled=&#8221;0&#8243; sticky_enabled=&#8221;0&#8243;][\/et_pb_button][\/et_pb_column][\/et_pb_row][et_pb_row column_structure=&#8221;1_2,1_2&#8243; _builder_version=&#8221;4.16&#8243; _module_preset=&#8221;default&#8221; custom_padding=&#8221;0px||0px||false|false&#8221; global_colors_info=&#8221;{}&#8221;][et_pb_column type=&#8221;1_2&#8243; _builder_version=&#8221;4.16&#8243; _module_preset=&#8221;default&#8221; global_colors_info=&#8221;{}&#8221;][mphb-divi-single-accommodation id=&#8221;1853&#8243; gallery=&#8221;off&#8221; book_button=&#8221;off&#8221; admin_label=&#8221;Chambre \u00ab Bougainvillea \u00bb&#8221; _builder_version=&#8221;4.27.4&#8243; _module_preset=&#8221;default&#8221; hover_enabled=&#8221;0&#8243; global_colors_info=&#8221;{}&#8221; view_button=&#8221;off&#8221; sticky_enabled=&#8221;0&#8243;][\/mphb-divi-single-accommodation][et_pb_button button_text=&#8221;Veure detalls&#8221; _builder_version=&#8221;4.27.4&#8243; _module_preset=&#8221;default&#8221; button_url=&#8221;https:\/\/mas-oms.com\/ca\/habitacions\/habitacio-buguenvillea\/&#8221; hover_enabled=&#8221;0&#8243; sticky_enabled=&#8221;0&#8243;][\/et_pb_button][\/et_pb_column][et_pb_column type=&#8221;1_2&#8243; _builder_version=&#8221;4.16&#8243; _module_preset=&#8221;default&#8221; global_colors_info=&#8221;{}&#8221;][mphb-divi-single-accommodation id=&#8221;1837&#8243; gallery=&#8221;off&#8221; book_button=&#8221;off&#8221; admin_label=&#8221;Chambre \u00ab Alzina \u00bb&#8221; _builder_version=&#8221;4.27.4&#8243; _module_preset=&#8221;default&#8221; module_text_align=&#8221;left&#8221; text_orientation=&#8221;left&#8221; hover_enabled=&#8221;0&#8243; global_colors_info=&#8221;{}&#8221; view_button=&#8221;off&#8221; sticky_enabled=&#8221;0&#8243;][\/mphb-divi-single-accommodation][et_pb_button button_text=&#8221;Veure detalls&#8221; _builder_version=&#8221;4.27.4&#8243; _module_preset=&#8221;default&#8221; button_url=&#8221;https:\/\/mas-oms.com\/ca\/habitacions\/habitacio-alzina\/&#8221; hover_enabled=&#8221;0&#8243; sticky_enabled=&#8221;0&#8243;][\/et_pb_button][\/et_pb_column][\/et_pb_row][et_pb_row column_structure=&#8221;1_2,1_2&#8243; _builder_version=&#8221;4.16&#8243; _module_preset=&#8221;default&#8221; custom_margin=&#8221;0px||0px||false|false&#8221; custom_padding=&#8221;0px||0px||false|false&#8221; global_colors_info=&#8221;{}&#8221;][et_pb_column type=&#8221;1_2&#8243; _builder_version=&#8221;4.16&#8243; _module_preset=&#8221;default&#8221; global_colors_info=&#8221;{}&#8221;][mphb-divi-single-accommodation id=&#8221;1848&#8243; gallery=&#8221;off&#8221; book_button=&#8221;off&#8221; admin_label=&#8221;Chambre familiale \u00ab Prunera \u00bb&#8221; _builder_version=&#8221;4.27.4&#8243; _module_preset=&#8221;default&#8221; hover_enabled=&#8221;0&#8243; global_colors_info=&#8221;{}&#8221; view_button=&#8221;off&#8221; sticky_enabled=&#8221;0&#8243;][\/mphb-divi-single-accommodation][et_pb_button button_text=&#8221;Veure detalls&#8221; _builder_version=&#8221;4.27.4&#8243; _module_preset=&#8221;default&#8221; button_url=&#8221;https:\/\/mas-oms.com\/ca\/habitacions\/habitacio-quadruple-prunera\/&#8221; hover_enabled=&#8221;0&#8243; sticky_enabled=&#8221;0&#8243;][\/et_pb_button][\/et_pb_column][et_pb_column type=&#8221;1_2&#8243; _builder_version=&#8221;4.16&#8243; _module_preset=&#8221;default&#8221; global_colors_info=&#8221;{}&#8221;][mphb-divi-single-accommodation id=&#8221;1854&#8243; gallery=&#8221;off&#8221; book_button=&#8221;off&#8221; admin_label=&#8221;Suite familiale \u00ab Laurel \u00bb&#8221; _builder_version=&#8221;4.27.4&#8243; _module_preset=&#8221;default&#8221; hover_enabled=&#8221;0&#8243; global_colors_info=&#8221;{}&#8221; view_button=&#8221;off&#8221; sticky_enabled=&#8221;0&#8243;][\/mphb-divi-single-accommodation][et_pb_button button_text=&#8221;Veure detalls&#8221; _builder_version=&#8221;4.27.4&#8243; _module_preset=&#8221;default&#8221; button_url=&#8221;https:\/\/mas-oms.com\/ca\/habitacions\/suite-quadruple-llimona\/&#8221; hover_enabled=&#8221;0&#8243; sticky_enabled=&#8221;0&#8243;][\/et_pb_button][\/et_pb_column][\/et_pb_row][\/et_pb_section][et_pb_section fb_built=&#8221;1&#8243; custom_padding_last_edited=&#8221;on|desktop&#8221; disabled_on=&#8221;on|on|on&#8221; admin_label=&#8221;section&#8221; _builder_version=&#8221;4.16&#8243; background_color=&#8221;#ffffff&#8221; custom_padding_tablet=&#8221;50px|0|50px|0&#8243; custom_padding_phone=&#8221;&#8221; transparent_background=&#8221;off&#8221; padding_mobile=&#8221;off&#8221; make_fullwidth=&#8221;off&#8221; use_custom_width=&#8221;off&#8221; width_unit=&#8221;on&#8221; disabled=&#8221;on&#8221; global_colors_info=&#8221;{}&#8221;][et_pb_row padding_mobile=&#8221;off&#8221; column_padding_mobile=&#8221;on&#8221; admin_label=&#8221;row&#8221; _builder_version=&#8221;4.16&#8243; background_size=&#8221;initial&#8221; background_position=&#8221;top_left&#8221; background_repeat=&#8221;repeat&#8221; custom_padding=&#8221;0px|||&#8221; make_fullwidth=&#8221;off&#8221; use_custom_width=&#8221;off&#8221; width_unit=&#8221;on&#8221; global_colors_info=&#8221;{}&#8221;][et_pb_column type=&#8221;4_4&#8243; _builder_version=&#8221;4.16&#8243; custom_padding=&#8221;|||&#8221; global_colors_info=&#8221;{}&#8221; custom_padding__hover=&#8221;|||&#8221;][et_pb_text admin_label=&#8221;Texte&#8221; _builder_version=&#8221;4.16&#8243; background_size=&#8221;initial&#8221; background_position=&#8221;top_left&#8221; background_repeat=&#8221;repeat&#8221; use_border_color=&#8221;off&#8221; global_colors_info=&#8221;{}&#8221;]El Mas Oms compta amb 4 habitacions dobles i 2 suites familiars.<br \/>\nLes habitacions presenten una decoraci\u00f3 original i senzilla, al mateix temps que ofereixen un confort excel\u00b7lent gr\u00e0cies a una roba de llit molt c\u00f2moda.<br \/>\nA l&#8217;arribada, podr\u00e0s escollir un oli essencial per difondre i personalitzar l&#8217;ambient de la teva habitaci\u00f3.<br \/>\nEls gels de dutxa s\u00f3n 100% naturals i de fabricaci\u00f3 local.<br \/>\nLa roba de llit, aix\u00ed com les tovalloles, s\u00f3n de cot\u00f3 org\u00e0nic.<br \/>\nPel que fa a la connexi\u00f3 a Internet, podr\u00e0s escollir una habitaci\u00f3 amb o sense connexi\u00f3 wifi.[\/et_pb_text][mphb-divi-accommodations gallery=&#8221;off&#8221; book_button=&#8221;off&#8221; _builder_version=&#8221;4.16&#8243; _module_preset=&#8221;default&#8221; global_colors_info=&#8221;{}&#8221;][\/mphb-divi-accommodations][\/et_pb_column][\/et_pb_row][\/et_pb_section]<\/p>\n","protected":false},"excerpt":{"rendered":"<p>El Mas Oms compta amb 4 habitacions dobles i 2 suites familiars.<\/p>\n","protected":false},"author":1,"featured_media":0,"parent":0,"menu_order":0,"comment_status":"closed","ping_status":"closed","template":"","meta":{"_acf_changed":false,"_et_pb_use_builder":"on","_et_pb_old_content":"","_et_gb_content_width":"","_monsterinsights_skip_tracking":false,"_monsterinsights_sitenote_active":false,"_monsterinsights_sitenote_note":"","_monsterinsights_sitenote_category":0,"footnotes":""},"class_list":["post-10001","page","type-page","status-publish","hentry"],"acf":[],"yoast_head":"<!-- This site is optimized with the Yoast SEO plugin v27.0 - https:\/\/yoast.com\/product\/yoast-seo-wordpress\/ -->\n<title>Una habitaci\u00f3 amb encant per descobrir! - MAS OMS<\/title>\n<meta name=\"description\" content=\"Aprofita d&#039;una estada en tota tranquil\u00b7litat en una de les confortables habitacions del Mas Oms.\" \/>\n<meta name=\"robots\" content=\"index, follow, max-snippet:-1, max-image-preview:large, max-video-preview:-1\" \/>\n<link rel=\"canonical\" href=\"https:\/\/mas-oms.com\/fr\/ca\/habitacions\/\" \/>\n<meta property=\"og:locale\" content=\"ca_ES\" \/>\n<meta property=\"og:type\" content=\"article\" \/>\n<meta property=\"og:title\" content=\"Una habitaci\u00f3 amb encant per descobrir! - MAS OMS\" \/>\n<meta property=\"og:description\" content=\"Aprofita d&#039;una estada en tota tranquil\u00b7litat en una de les confortables habitacions del Mas Oms.\" \/>\n<meta property=\"og:url\" content=\"https:\/\/mas-oms.com\/fr\/ca\/habitacions\/\" \/>\n<meta property=\"og:site_name\" content=\"MAS OMS\" \/>\n<meta property=\"article:modified_time\" content=\"2026-02-03T13:49:09+00:00\" \/>\n<meta name=\"twitter:card\" content=\"summary_large_image\" \/>\n<meta name=\"twitter:label1\" content=\"Temps estimat de lectura\" \/>\n\t<meta name=\"twitter:data1\" content=\"6 minuts\" \/>\n<script type=\"application\/ld+json\" class=\"yoast-schema-graph\">{\"@context\":\"https:\/\/schema.org\",\"@graph\":[{\"@type\":\"WebPage\",\"@id\":\"https:\/\/mas-oms.com\/fr\/ca\/habitacions\/\",\"url\":\"https:\/\/mas-oms.com\/fr\/ca\/habitacions\/\",\"name\":\"Una habitaci\u00f3 amb encant per descobrir! - MAS OMS\",\"isPartOf\":{\"@id\":\"https:\/\/mas-oms.com\/fr\/ca\/#website\"},\"datePublished\":\"2020-11-30T19:06:21+00:00\",\"dateModified\":\"2026-02-03T13:49:09+00:00\",\"description\":\"Aprofita d'una estada en tota tranquil\u00b7litat en una de les confortables habitacions del Mas Oms.\",\"breadcrumb\":{\"@id\":\"https:\/\/mas-oms.com\/fr\/ca\/habitacions\/#breadcrumb\"},\"inLanguage\":\"ca\",\"potentialAction\":[{\"@type\":\"ReadAction\",\"target\":[\"https:\/\/mas-oms.com\/fr\/ca\/habitacions\/\"]}]},{\"@type\":\"BreadcrumbList\",\"@id\":\"https:\/\/mas-oms.com\/fr\/ca\/habitacions\/#breadcrumb\",\"itemListElement\":[{\"@type\":\"ListItem\",\"position\":1,\"name\":\"Accueil\",\"item\":\"https:\/\/mas-oms.com\/fr\/ca\/\"},{\"@type\":\"ListItem\",\"position\":2,\"name\":\"Habitacions\"}]},{\"@type\":\"WebSite\",\"@id\":\"https:\/\/mas-oms.com\/fr\/ca\/#website\",\"url\":\"https:\/\/mas-oms.com\/fr\/ca\/\",\"name\":\"MAS OMS\",\"description\":\"\",\"potentialAction\":[{\"@type\":\"SearchAction\",\"target\":{\"@type\":\"EntryPoint\",\"urlTemplate\":\"https:\/\/mas-oms.com\/fr\/ca\/?s={search_term_string}\"},\"query-input\":{\"@type\":\"PropertyValueSpecification\",\"valueRequired\":true,\"valueName\":\"search_term_string\"}}],\"inLanguage\":\"ca\"}]}<\/script>\n<!-- \/ Yoast SEO plugin. -->","yoast_head_json":{"title":"Una habitaci\u00f3 amb encant per descobrir! - MAS OMS","description":"Aprofita d'una estada en tota tranquil\u00b7litat en una de les confortables habitacions del Mas Oms.","robots":{"index":"index","follow":"follow","max-snippet":"max-snippet:-1","max-image-preview":"max-image-preview:large","max-video-preview":"max-video-preview:-1"},"canonical":"https:\/\/mas-oms.com\/fr\/ca\/habitacions\/","og_locale":"ca_ES","og_type":"article","og_title":"Una habitaci\u00f3 amb encant per descobrir! - MAS OMS","og_description":"Aprofita d'una estada en tota tranquil\u00b7litat en una de les confortables habitacions del Mas Oms.","og_url":"https:\/\/mas-oms.com\/fr\/ca\/habitacions\/","og_site_name":"MAS OMS","article_modified_time":"2026-02-03T13:49:09+00:00","twitter_card":"summary_large_image","twitter_misc":{"Temps estimat de lectura":"6 minuts"},"schema":{"@context":"https:\/\/schema.org","@graph":[{"@type":"WebPage","@id":"https:\/\/mas-oms.com\/fr\/ca\/habitacions\/","url":"https:\/\/mas-oms.com\/fr\/ca\/habitacions\/","name":"Una habitaci\u00f3 amb encant per descobrir! - MAS OMS","isPartOf":{"@id":"https:\/\/mas-oms.com\/fr\/ca\/#website"},"datePublished":"2020-11-30T19:06:21+00:00","dateModified":"2026-02-03T13:49:09+00:00","description":"Aprofita d'una estada en tota tranquil\u00b7litat en una de les confortables habitacions del Mas Oms.","breadcrumb":{"@id":"https:\/\/mas-oms.com\/fr\/ca\/habitacions\/#breadcrumb"},"inLanguage":"ca","potentialAction":[{"@type":"ReadAction","target":["https:\/\/mas-oms.com\/fr\/ca\/habitacions\/"]}]},{"@type":"BreadcrumbList","@id":"https:\/\/mas-oms.com\/fr\/ca\/habitacions\/#breadcrumb","itemListElement":[{"@type":"ListItem","position":1,"name":"Accueil","item":"https:\/\/mas-oms.com\/fr\/ca\/"},{"@type":"ListItem","position":2,"name":"Habitacions"}]},{"@type":"WebSite","@id":"https:\/\/mas-oms.com\/fr\/ca\/#website","url":"https:\/\/mas-oms.com\/fr\/ca\/","name":"MAS OMS","description":"","potentialAction":[{"@type":"SearchAction","target":{"@type":"EntryPoint","urlTemplate":"https:\/\/mas-oms.com\/fr\/ca\/?s={search_term_string}"},"query-input":{"@type":"PropertyValueSpecification","valueRequired":true,"valueName":"search_term_string"}}],"inLanguage":"ca"}]}},"_links":{"self":[{"href":"https:\/\/mas-oms.com\/fr\/ca\/wp-json\/wp\/v2\/pages\/10001","targetHints":{"allow":["GET"]}}],"collection":[{"href":"https:\/\/mas-oms.com\/fr\/ca\/wp-json\/wp\/v2\/pages"}],"about":[{"href":"https:\/\/mas-oms.com\/fr\/ca\/wp-json\/wp\/v2\/types\/page"}],"author":[{"embeddable":true,"href":"https:\/\/mas-oms.com\/fr\/ca\/wp-json\/wp\/v2\/users\/1"}],"replies":[{"embeddable":true,"href":"https:\/\/mas-oms.com\/fr\/ca\/wp-json\/wp\/v2\/comments?post=10001"}],"version-history":[{"count":12,"href":"https:\/\/mas-oms.com\/fr\/ca\/wp-json\/wp\/v2\/pages\/10001\/revisions"}],"predecessor-version":[{"id":19880,"href":"https:\/\/mas-oms.com\/fr\/ca\/wp-json\/wp\/v2\/pages\/10001\/revisions\/19880"}],"wp:attachment":[{"href":"https:\/\/mas-oms.com\/fr\/ca\/wp-json\/wp\/v2\/media?parent=10001"}],"curies":[{"name":"wp","href":"https:\/\/api.w.org\/{rel}","templated":true}]}}