{"id":10031,"date":"2020-12-04T08:25:36","date_gmt":"2020-12-04T07:25:36","guid":{"rendered":"https:\/\/www.mas-oms.com\/cuina\/"},"modified":"2025-03-19T17:47:38","modified_gmt":"2025-03-19T16:47:38","slug":"cuina","status":"publish","type":"page","link":"https:\/\/mas-oms.com\/fr\/ca\/cuina\/","title":{"rendered":"Restaurant"},"content":{"rendered":"<p>[et_pb_section fb_built=&#8221;1&#8243; fullwidth=&#8221;on&#8221; _builder_version=&#8221;4.16&#8243; _dynamic_attributes=&#8221;background_image&#8221; _module_preset=&#8221;default&#8221; background_image=&#8221;@ET-DC@eyJkeW5hbWljIjp0cnVlLCJjb250ZW50IjoiY3VzdG9tX21ldGFfYmFubmllcmVfaW1hZ2UiLCJzZXR0aW5ncyI6eyJiZWZvcmUiOiIiLCJhZnRlciI6IiIsImVuYWJsZV9odG1sIjoib2ZmIn19@&#8221; height=&#8221;200px&#8221; custom_margin=&#8221;0px||0px||false|false&#8221; custom_padding=&#8221;||||false|false&#8221; saved_tabs=&#8221;all&#8221; locked=&#8221;on&#8221; collapsed=&#8221;off&#8221; global_colors_info=&#8221;{}&#8221;][et_pb_fullwidth_post_title meta=&#8221;off&#8221; featured_image=&#8221;off&#8221; admin_label=&#8221;Titre du poste en pleine largeur&#8221; _builder_version=&#8221;4.16&#8243; _module_preset=&#8221;default&#8221; title_text_align=&#8221;center&#8221; title_text_color=&#8221;#ffffff&#8221; title_font_size=&#8221;40px&#8221; height=&#8221;200px&#8221; custom_margin=&#8221;0px||0px||false|false&#8221; custom_padding=&#8221;80px||80px||false|false&#8221; custom_padding_tablet=&#8221;&#8221; custom_padding_phone=&#8221;20px||20px||false|false&#8221; custom_padding_last_edited=&#8221;on|phone&#8221; global_colors_info=&#8221;{}&#8221;][\/et_pb_fullwidth_post_title][\/et_pb_section][et_pb_section fb_built=&#8221;1&#8243; custom_padding_last_edited=&#8221;on|desktop&#8221; admin_label=&#8221;section&#8221; _builder_version=&#8221;4.16&#8243; background_color=&#8221;#ffffff&#8221; custom_padding_tablet=&#8221;50px|0|50px|0&#8243; custom_padding_phone=&#8221;&#8221; transparent_background=&#8221;off&#8221; padding_mobile=&#8221;off&#8221; make_fullwidth=&#8221;off&#8221; use_custom_width=&#8221;off&#8221; width_unit=&#8221;on&#8221; global_colors_info=&#8221;{}&#8221;][et_pb_row _builder_version=&#8221;4.16&#8243; _module_preset=&#8221;default&#8221; global_colors_info=&#8221;{}&#8221;][et_pb_column type=&#8221;4_4&#8243; _builder_version=&#8221;4.16&#8243; _module_preset=&#8221;default&#8221; global_colors_info=&#8221;{}&#8221;][et_pb_text _builder_version=&#8221;4.27.4&#8243; _module_preset=&#8221;default&#8221; link_font=&#8221;||||on||||&#8221; header_text_color=&#8221;#241e20&#8243; header_font_size=&#8221;38px&#8221; header_line_height=&#8221;1.4em&#8221; header_2_text_color=&#8221;#241e20&#8243; header_2_line_height=&#8221;1.4em&#8221; header_3_text_color=&#8221;#241e20&#8243; header_3_line_height=&#8221;1.4em&#8221; global_colors_info=&#8221;{}&#8221;]<\/p>\n<h1 style=\"text-align: center;\">El Mas Oms \u00e9s un nou concepte d&#8217;hotel-restaurant a Espanya<\/h1>\n<h2 style=\"text-align: center;\">Vols productes ecol\u00f2gics i de proximitat al teu plat? El Mas Oms, el teu hotel rural a Espanya, et convida a provar aquests aliments a cada \u00e0pat.<\/h2>\n<h3 style=\"text-align: center;\">El Mas Oms, un hotel rural modern i sofisticat situat a Catalunya a on menjar de manera saludable es converteix en un plaer!<\/h3>\n<p>&nbsp;<\/p>\n<p>Al <a href=\"https:\/\/mas-oms.com\/ca\/el-mas-oms\/\">Mas Oms<\/a>, el nostre hotel-restaurant situat a Espanya, podr\u00e0s gaudir <strong>d&#8217;una cuina saludable, de proximitat, completament natural<\/strong> i elaborada amb ingredients <a href=\"https:\/\/mas-oms.com\/ca\/nostre-hort\/\">del nuestre hort<\/a> cultivats a ple sol. \u00c9s tot un himne als productes de qualitat i a la simplicitat. Les verdures <strong>ecol\u00f2giques<\/strong> s\u00f3n les reines i competeixen en color amb les flors comestibles. \u00c9s un retorn als or\u00edgens, a les olors de veritat i al bon gust dels productes. A cada \u00e0pat que facis al nostre hotel-restaurant, podr\u00e0s embarcar en direcci\u00f3 <strong>a un aut\u00e8ntic viatge culinari<\/strong> amb sabors espanyols i d&#8217;arreu del m\u00f3n.<\/p>\n<p>[\/et_pb_text][\/et_pb_column][\/et_pb_row][et_pb_row _builder_version=&#8221;4.16&#8243; _module_preset=&#8221;default&#8221; global_colors_info=&#8221;{}&#8221;][et_pb_column type=&#8221;4_4&#8243; _builder_version=&#8221;4.16&#8243; _module_preset=&#8221;default&#8221; global_colors_info=&#8221;{}&#8221;][et_pb_divider color=&#8221;#e5ddc8&#8243; _builder_version=&#8221;4.16&#8243; _module_preset=&#8221;default&#8221; global_colors_info=&#8221;{}&#8221;][\/et_pb_divider][\/et_pb_column][\/et_pb_row][et_pb_row column_structure=&#8221;1_2,1_2&#8243; _builder_version=&#8221;4.16&#8243; _module_preset=&#8221;default&#8221; global_colors_info=&#8221;{}&#8221;][et_pb_column type=&#8221;1_2&#8243; _builder_version=&#8221;4.16&#8243; _module_preset=&#8221;default&#8221; global_colors_info=&#8221;{}&#8221;][et_pb_image src=&#8221;https:\/\/mas-oms.com\/wp-content\/uploads\/2020\/12\/agjp08-hbyy-scaled.jpg&#8221; alt=&#8221;agroturisme catalunya&#8221; title_text=&#8221;dinar agroturisme catalunya&#8221; _builder_version=&#8221;4.16&#8243; _module_preset=&#8221;default&#8221; global_colors_info=&#8221;{}&#8221;][\/et_pb_image][\/et_pb_column][et_pb_column type=&#8221;1_2&#8243; _builder_version=&#8221;4.16&#8243; _module_preset=&#8221;default&#8221; global_colors_info=&#8221;{}&#8221;][et_pb_text _builder_version=&#8221;4.16&#8243; _module_preset=&#8221;default&#8221; link_font=&#8221;||||on||||&#8221; header_3_text_color=&#8221;#241e20&#8243; header_3_line_height=&#8221;1.4em&#8221; global_colors_info=&#8221;{}&#8221;]<\/p>\n<h3 style=\"text-align: center;\">De bon mat\u00ed, podr\u00e0s prendre un esmorzar saludable al nostre hotel rural situat a Espanya i fer front al dia amb energia<\/h3>\n<p style=\"text-align: center;\">L&#8217;esmorzar \u00e9s essencial per poder gaudir d&#8217;un dia ple d&#8217;energia, i \u00e9s per aquesta ra\u00f3 que proposem <strong>un esmorzar salat<\/strong>, un de dol\u00e7 o una barreja dels dos. Els nostres <strong>sucs de fruites i verdures fresques<\/strong> combinen a la perfecci\u00f3 amb els productes del nostre hotel rural situat a Catalunya. Vols canviar els teus h\u00e0bits alimentaris per sentir-te millor al llarg del dia? Gaudeix de la teva estada al nostre hotel-restaurant situat a Espanya: t&#8217;aconsellarem sobre tot all\u00f2 que millor et convingui.<\/p>\n<p>[\/et_pb_text][et_pb_button button_url=&#8221;https:\/\/mas-oms.com\/ca\/esmorzar\/&#8221; button_text=&#8221;Descobreix els nostres esmorzars&#8221; button_alignment=&#8221;center&#8221; _builder_version=&#8221;4.16&#8243; _module_preset=&#8221;default&#8221; custom_button=&#8221;on&#8221; button_text_color=&#8221;#241e20&#8243; button_bg_color=&#8221;rgba(0,0,0,0)&#8221; button_border_color=&#8221;#241e20&#8243; button_border_color_tablet=&#8221;&#8221; button_border_color_phone=&#8221;&#8221; button_border_color_last_edited=&#8221;on|desktop&#8221; global_colors_info=&#8221;{}&#8221; button_bg_color__hover_enabled=&#8221;on|desktop&#8221; button_bg_color__hover=&#8221;rgba(0,0,0,0)&#8221;][\/et_pb_button][\/et_pb_column][\/et_pb_row][et_pb_row _builder_version=&#8221;4.16&#8243; _module_preset=&#8221;default&#8221; global_colors_info=&#8221;{}&#8221;][et_pb_column type=&#8221;4_4&#8243; _builder_version=&#8221;4.16&#8243; _module_preset=&#8221;default&#8221; global_colors_info=&#8221;{}&#8221;][et_pb_divider color=&#8221;#e5ddc8&#8243; _builder_version=&#8221;4.16&#8243; _module_preset=&#8221;default&#8221; global_colors_info=&#8221;{}&#8221;][\/et_pb_divider][\/et_pb_column][\/et_pb_row][et_pb_row column_structure=&#8221;1_2,1_2&#8243; _builder_version=&#8221;4.16&#8243; _module_preset=&#8221;default&#8221; global_colors_info=&#8221;{}&#8221;][et_pb_column type=&#8221;1_2&#8243; _builder_version=&#8221;4.16&#8243; _module_preset=&#8221;default&#8221; global_colors_info=&#8221;{}&#8221;][et_pb_image src=&#8221;https:\/\/mas-oms.com\/wp-content\/uploads\/2020\/12\/Cuisine-1126515311-612&#215;612-1.jpg&#8221; alt=&#8221;sopar hotel restaurant espanya&#8221; title_text=&#8221;restaurant de l&#8217;hotel espanya&#8221; _builder_version=&#8221;4.16&#8243; _module_preset=&#8221;default&#8221; global_colors_info=&#8221;{}&#8221;][\/et_pb_image][\/et_pb_column][et_pb_column type=&#8221;1_2&#8243; _builder_version=&#8221;4.16&#8243; _module_preset=&#8221;default&#8221; global_colors_info=&#8221;{}&#8221;][et_pb_text _builder_version=&#8221;4.27.4&#8243; _module_preset=&#8221;default&#8221; link_font=&#8221;||||on||||&#8221; header_3_text_color=&#8221;#241e20&#8243; header_3_line_height=&#8221;1.4em&#8221; hover_enabled=&#8221;0&#8243; global_colors_info=&#8221;{}&#8221; sticky_enabled=&#8221;0&#8243;]<\/p>\n<h3 style=\"text-align: center;\">A la hora de dinar, el nostre hotel-restaurant ofereix un menu de 3 plats per compartir amb la fam\u00edlia o els amics<\/h3>\n<div class=\"et_pb_column et_pb_column_4_4 et_pb_column_0 et_pb_css_mix_blend_mode_passthrough et-last-child\">\n<div class=\"et_pb_module et_pb_text et_pb_text_0 et_pb_text_align_left et_pb_bg_layout_light\">\n<div class=\"et_pb_text_inner\">\n<p style=\"text-align: center;\">Al Mas Oms, <strong>cada dia preparem<\/strong> tots els plats a base de <strong>productes ecol\u00f2gics i de proximitat<\/strong>. Ens prenem tot el temps necessari per pelar les verdures i coure a foc lent tots els nostres plats. Oferim un menu gastro atractiu que satisfar\u00e0 els sabors, les necessitats i els desitjos de cada client. El nostre hotel-restaurant situat a Espanya us acull cada dia a la terrassa per gaudir d&#8217;una vista inigualable de les muntanyes. A l&#8217;hivern, l&#8217;hotel-restaurant us acull al seu interior per gaudir de la llar de foc.<\/p>\n<p>&nbsp;<\/p>\n<\/div>\n<\/div>\n<\/div>\n<p>[\/et_pb_text][et_pb_button button_url=&#8221;https:\/\/mas-oms.com\/ca\/sopar\/&#8221; button_text=&#8221;Descobreix el nostre restaurant&#8221; button_alignment=&#8221;center&#8221; _builder_version=&#8221;4.16&#8243; _module_preset=&#8221;default&#8221; custom_button=&#8221;on&#8221; button_text_color=&#8221;#241e20&#8243; button_bg_color=&#8221;rgba(0,0,0,0)&#8221; button_border_color=&#8221;#241e20&#8243; button_border_color_tablet=&#8221;&#8221; button_border_color_phone=&#8221;&#8221; button_border_color_last_edited=&#8221;on|desktop&#8221; global_colors_info=&#8221;{}&#8221; button_bg_color__hover_enabled=&#8221;on|desktop&#8221; button_bg_color__hover=&#8221;rgba(0,0,0,0)&#8221;][\/et_pb_button][\/et_pb_column][\/et_pb_row][et_pb_row _builder_version=&#8221;4.16&#8243; _module_preset=&#8221;default&#8221; global_colors_info=&#8221;{}&#8221;][et_pb_column type=&#8221;4_4&#8243; _builder_version=&#8221;4.16&#8243; _module_preset=&#8221;default&#8221; global_colors_info=&#8221;{}&#8221;][et_pb_divider color=&#8221;#e5ddc8&#8243; _builder_version=&#8221;4.16&#8243; _module_preset=&#8221;default&#8221; global_colors_info=&#8221;{}&#8221;][\/et_pb_divider][\/et_pb_column][\/et_pb_row][et_pb_row column_structure=&#8221;1_2,1_2&#8243; _builder_version=&#8221;4.16&#8243; _module_preset=&#8221;default&#8221; global_colors_info=&#8221;{}&#8221;][et_pb_column type=&#8221;1_2&#8243; _builder_version=&#8221;4.16&#8243; _module_preset=&#8221;default&#8221; global_colors_info=&#8221;{}&#8221;][et_pb_image src=&#8221;https:\/\/mas-oms.com\/wp-content\/uploads\/2020\/12\/escapades.jpg&#8221; alt=&#8221;restaurant hotel catalunya&#8221; title_text=&#8221;restaurant hotel espanya&#8221; _builder_version=&#8221;4.16&#8243; _module_preset=&#8221;default&#8221; global_colors_info=&#8221;{}&#8221;][\/et_pb_image][\/et_pb_column][et_pb_column type=&#8221;1_2&#8243; _builder_version=&#8221;4.16&#8243; _module_preset=&#8221;default&#8221; global_colors_info=&#8221;{}&#8221;][et_pb_text _builder_version=&#8221;4.16&#8243; _module_preset=&#8221;default&#8221; link_font=&#8221;||||on||||&#8221; header_text_color=&#8221;#241e20&#8243; header_line_height=&#8221;1.4em&#8221; header_3_text_color=&#8221;#241e20&#8243; header_3_line_height=&#8221;1.4em&#8221; global_colors_info=&#8221;{}&#8221;]<\/p>\n<h3 style=\"text-align: center;\">Per acompanyar l&#8217;\u00e0pat o l&#8217;aperitiu, el nostre hotel rural, situat al nord d&#8217;Espanya, proposa una gran selecci\u00f3 de vins naturals de la regi\u00f3.<\/h3>\n<p style=\"text-align: center;\">No hi ha res millor que una bona copa de vi per acompanyar el menjar. Al Mas, intentem posar a la teva disposici\u00f3 una <strong>selecci\u00f3 de vins<\/strong> adaptada al nostre men\u00fa i al teu gust. A m\u00e9s a m\u00e9s, privilegiem els <a href=\"https:\/\/mas-oms.com\/ca\/degustacio-de-vins-naturals-2h\/\"><strong>vins ecol\u00f2gics i natural<\/strong>s<\/a>. Deixa&#8217;t guiar per les nostres recomanacions i descobreix les millors ampolles de la regi\u00f3 i de m\u00e9s enll\u00e0.<\/p>\n<p>\u00a0[\/et_pb_text][et_pb_button button_url=&#8221;https:\/\/mas-oms.com\/ca\/vins-naturals\/&#8221; button_text=&#8221;Descobreix els nostres vins&#8221; button_alignment=&#8221;center&#8221; _builder_version=&#8221;4.16&#8243; _module_preset=&#8221;default&#8221; custom_button=&#8221;on&#8221; button_text_color=&#8221;#241e20&#8243; button_bg_color=&#8221;rgba(0,0,0,0)&#8221; button_border_color=&#8221;#241e20&#8243; button_border_color_tablet=&#8221;&#8221; button_border_color_phone=&#8221;&#8221; button_border_color_last_edited=&#8221;on|desktop&#8221; global_colors_info=&#8221;{}&#8221; button_bg_color__hover_enabled=&#8221;on|desktop&#8221; button_bg_color__hover=&#8221;rgba(0,0,0,0)&#8221;][\/et_pb_button][\/et_pb_column][\/et_pb_row][et_pb_row _builder_version=&#8221;4.16&#8243; _module_preset=&#8221;default&#8221; global_colors_info=&#8221;{}&#8221;][et_pb_column type=&#8221;4_4&#8243; _builder_version=&#8221;4.16&#8243; _module_preset=&#8221;default&#8221; global_colors_info=&#8221;{}&#8221;][et_pb_divider color=&#8221;#e5ddc8&#8243; _builder_version=&#8221;4.16&#8243; _module_preset=&#8221;default&#8221; global_colors_info=&#8221;{}&#8221;][\/et_pb_divider][\/et_pb_column][\/et_pb_row][\/et_pb_section]<\/p>\n","protected":false},"excerpt":{"rendered":"<p>Al Mas Oms, podr\u00e0s gaudir d&#8217;una cuina saludable, de proximitat, completament natural i elaborada amb ingredients d&#8217;origen ecol\u00f2gic. Tot un himne a la qualitat i a la simplicitat. Les verdures s\u00f3n les reines i comparteixen protagonisme amb les flors comestibles. \u00c9s un retorn als or\u00edgens, a les olors de veritat i al bon gust dels productes. Podr\u00e0s embarcar en direcci\u00f3 a un aut\u00e8ntic viatge culinari a cada \u00e0pat.<\/p>\n","protected":false},"author":1,"featured_media":0,"parent":0,"menu_order":0,"comment_status":"closed","ping_status":"closed","template":"","meta":{"_acf_changed":false,"_et_pb_use_builder":"on","_et_pb_old_content":"","_et_gb_content_width":"","_monsterinsights_skip_tracking":false,"_monsterinsights_sitenote_active":false,"_monsterinsights_sitenote_note":"","_monsterinsights_sitenote_category":0,"footnotes":""},"class_list":["post-10031","page","type-page","status-publish","hentry"],"acf":[],"yoast_head":"<!-- This site is optimized with the Yoast SEO plugin v27.0 - https:\/\/yoast.com\/product\/yoast-seo-wordpress\/ -->\n<title>Mantingueu-vos en un agroturisme a Espanya: MAS OMS<\/title>\n<meta name=\"description\" content=\"Vols productes ecol\u00f2gics i de proximitat al teu plat? El Mas Oms, el teu hotel rural a Espanya, et convida a provar aquests aliments a cada \u00e0pat.\" \/>\n<meta name=\"robots\" content=\"index, follow, max-snippet:-1, max-image-preview:large, max-video-preview:-1\" \/>\n<link rel=\"canonical\" href=\"https:\/\/mas-oms.com\/fr\/ca\/cuina\/\" \/>\n<meta property=\"og:locale\" content=\"ca_ES\" \/>\n<meta property=\"og:type\" content=\"article\" \/>\n<meta property=\"og:title\" content=\"Mantingueu-vos en un agroturisme a Espanya: MAS OMS\" \/>\n<meta property=\"og:description\" content=\"Vols productes ecol\u00f2gics i de proximitat al teu plat? El Mas Oms, el teu hotel rural a Espanya, et convida a provar aquests aliments a cada \u00e0pat.\" \/>\n<meta property=\"og:url\" content=\"https:\/\/mas-oms.com\/fr\/ca\/cuina\/\" \/>\n<meta property=\"og:site_name\" content=\"MAS OMS\" \/>\n<meta property=\"article:modified_time\" content=\"2025-03-19T16:47:38+00:00\" \/>\n<meta name=\"twitter:card\" content=\"summary_large_image\" \/>\n<meta name=\"twitter:label1\" content=\"Temps estimat de lectura\" \/>\n\t<meta name=\"twitter:data1\" content=\"7 minuts\" \/>\n<script type=\"application\/ld+json\" class=\"yoast-schema-graph\">{\"@context\":\"https:\/\/schema.org\",\"@graph\":[{\"@type\":\"WebPage\",\"@id\":\"https:\/\/mas-oms.com\/fr\/ca\/cuina\/\",\"url\":\"https:\/\/mas-oms.com\/fr\/ca\/cuina\/\",\"name\":\"Mantingueu-vos en un agroturisme a Espanya: MAS OMS\",\"isPartOf\":{\"@id\":\"https:\/\/mas-oms.com\/fr\/ca\/#website\"},\"datePublished\":\"2020-12-04T07:25:36+00:00\",\"dateModified\":\"2025-03-19T16:47:38+00:00\",\"description\":\"Vols productes ecol\u00f2gics i de proximitat al teu plat? El Mas Oms, el teu hotel rural a Espanya, et convida a provar aquests aliments a cada \u00e0pat.\",\"breadcrumb\":{\"@id\":\"https:\/\/mas-oms.com\/fr\/ca\/cuina\/#breadcrumb\"},\"inLanguage\":\"ca\",\"potentialAction\":[{\"@type\":\"ReadAction\",\"target\":[\"https:\/\/mas-oms.com\/fr\/ca\/cuina\/\"]}]},{\"@type\":\"BreadcrumbList\",\"@id\":\"https:\/\/mas-oms.com\/fr\/ca\/cuina\/#breadcrumb\",\"itemListElement\":[{\"@type\":\"ListItem\",\"position\":1,\"name\":\"Accueil\",\"item\":\"https:\/\/mas-oms.com\/fr\/ca\/\"},{\"@type\":\"ListItem\",\"position\":2,\"name\":\"Restaurant\"}]},{\"@type\":\"WebSite\",\"@id\":\"https:\/\/mas-oms.com\/fr\/ca\/#website\",\"url\":\"https:\/\/mas-oms.com\/fr\/ca\/\",\"name\":\"MAS OMS\",\"description\":\"\",\"potentialAction\":[{\"@type\":\"SearchAction\",\"target\":{\"@type\":\"EntryPoint\",\"urlTemplate\":\"https:\/\/mas-oms.com\/fr\/ca\/?s={search_term_string}\"},\"query-input\":{\"@type\":\"PropertyValueSpecification\",\"valueRequired\":true,\"valueName\":\"search_term_string\"}}],\"inLanguage\":\"ca\"}]}<\/script>\n<!-- \/ Yoast SEO plugin. -->","yoast_head_json":{"title":"Mantingueu-vos en un agroturisme a Espanya: MAS OMS","description":"Vols productes ecol\u00f2gics i de proximitat al teu plat? El Mas Oms, el teu hotel rural a Espanya, et convida a provar aquests aliments a cada \u00e0pat.","robots":{"index":"index","follow":"follow","max-snippet":"max-snippet:-1","max-image-preview":"max-image-preview:large","max-video-preview":"max-video-preview:-1"},"canonical":"https:\/\/mas-oms.com\/fr\/ca\/cuina\/","og_locale":"ca_ES","og_type":"article","og_title":"Mantingueu-vos en un agroturisme a Espanya: MAS OMS","og_description":"Vols productes ecol\u00f2gics i de proximitat al teu plat? El Mas Oms, el teu hotel rural a Espanya, et convida a provar aquests aliments a cada \u00e0pat.","og_url":"https:\/\/mas-oms.com\/fr\/ca\/cuina\/","og_site_name":"MAS OMS","article_modified_time":"2025-03-19T16:47:38+00:00","twitter_card":"summary_large_image","twitter_misc":{"Temps estimat de lectura":"7 minuts"},"schema":{"@context":"https:\/\/schema.org","@graph":[{"@type":"WebPage","@id":"https:\/\/mas-oms.com\/fr\/ca\/cuina\/","url":"https:\/\/mas-oms.com\/fr\/ca\/cuina\/","name":"Mantingueu-vos en un agroturisme a Espanya: MAS OMS","isPartOf":{"@id":"https:\/\/mas-oms.com\/fr\/ca\/#website"},"datePublished":"2020-12-04T07:25:36+00:00","dateModified":"2025-03-19T16:47:38+00:00","description":"Vols productes ecol\u00f2gics i de proximitat al teu plat? El Mas Oms, el teu hotel rural a Espanya, et convida a provar aquests aliments a cada \u00e0pat.","breadcrumb":{"@id":"https:\/\/mas-oms.com\/fr\/ca\/cuina\/#breadcrumb"},"inLanguage":"ca","potentialAction":[{"@type":"ReadAction","target":["https:\/\/mas-oms.com\/fr\/ca\/cuina\/"]}]},{"@type":"BreadcrumbList","@id":"https:\/\/mas-oms.com\/fr\/ca\/cuina\/#breadcrumb","itemListElement":[{"@type":"ListItem","position":1,"name":"Accueil","item":"https:\/\/mas-oms.com\/fr\/ca\/"},{"@type":"ListItem","position":2,"name":"Restaurant"}]},{"@type":"WebSite","@id":"https:\/\/mas-oms.com\/fr\/ca\/#website","url":"https:\/\/mas-oms.com\/fr\/ca\/","name":"MAS OMS","description":"","potentialAction":[{"@type":"SearchAction","target":{"@type":"EntryPoint","urlTemplate":"https:\/\/mas-oms.com\/fr\/ca\/?s={search_term_string}"},"query-input":{"@type":"PropertyValueSpecification","valueRequired":true,"valueName":"search_term_string"}}],"inLanguage":"ca"}]}},"_links":{"self":[{"href":"https:\/\/mas-oms.com\/fr\/ca\/wp-json\/wp\/v2\/pages\/10031","targetHints":{"allow":["GET"]}}],"collection":[{"href":"https:\/\/mas-oms.com\/fr\/ca\/wp-json\/wp\/v2\/pages"}],"about":[{"href":"https:\/\/mas-oms.com\/fr\/ca\/wp-json\/wp\/v2\/types\/page"}],"author":[{"embeddable":true,"href":"https:\/\/mas-oms.com\/fr\/ca\/wp-json\/wp\/v2\/users\/1"}],"replies":[{"embeddable":true,"href":"https:\/\/mas-oms.com\/fr\/ca\/wp-json\/wp\/v2\/comments?post=10031"}],"version-history":[{"count":21,"href":"https:\/\/mas-oms.com\/fr\/ca\/wp-json\/wp\/v2\/pages\/10031\/revisions"}],"predecessor-version":[{"id":18737,"href":"https:\/\/mas-oms.com\/fr\/ca\/wp-json\/wp\/v2\/pages\/10031\/revisions\/18737"}],"wp:attachment":[{"href":"https:\/\/mas-oms.com\/fr\/ca\/wp-json\/wp\/v2\/media?parent=10031"}],"curies":[{"name":"wp","href":"https:\/\/api.w.org\/{rel}","templated":true}]}}