{"id":10035,"date":"2020-12-12T12:19:46","date_gmt":"2020-12-12T11:19:46","guid":{"rendered":"https:\/\/www.mas-oms.com\/el-mas-oms\/"},"modified":"2023-03-17T11:29:40","modified_gmt":"2023-03-17T10:29:40","slug":"el-mas-oms","status":"publish","type":"page","link":"https:\/\/mas-oms.com\/fr\/ca\/el-mas-oms\/","title":{"rendered":"El Mas Oms"},"content":{"rendered":"<p>[et_pb_section fb_built=&#8221;1&#8243; fullwidth=&#8221;on&#8221; _builder_version=&#8221;4.16&#8243; _dynamic_attributes=&#8221;background_image&#8221; _module_preset=&#8221;default&#8221; background_image=&#8221;@ET-DC@eyJkeW5hbWljIjp0cnVlLCJjb250ZW50IjoiY3VzdG9tX21ldGFfYmFubmllcmVfaW1hZ2UiLCJzZXR0aW5ncyI6eyJiZWZvcmUiOiIiLCJhZnRlciI6IiIsImVuYWJsZV9odG1sIjoib2ZmIn19@&#8221; height=&#8221;200px&#8221; custom_margin=&#8221;0px||0px||false|false&#8221; custom_padding=&#8221;||||false|false&#8221; saved_tabs=&#8221;all&#8221; collapsed=&#8221;off&#8221; global_colors_info=&#8221;{}&#8221;][et_pb_fullwidth_post_title meta=&#8221;off&#8221; featured_image=&#8221;off&#8221; admin_label=&#8221;Titre du poste en pleine largeur&#8221; _builder_version=&#8221;4.16&#8243; _module_preset=&#8221;default&#8221; title_text_align=&#8221;center&#8221; title_text_color=&#8221;#ffffff&#8221; title_font_size=&#8221;40px&#8221; height=&#8221;200px&#8221; custom_margin=&#8221;0px||0px||false|false&#8221; custom_padding=&#8221;80px||80px||false|false&#8221; custom_padding_tablet=&#8221;&#8221; custom_padding_phone=&#8221;||||false|false&#8221; custom_padding_last_edited=&#8221;on|phone&#8221; title_font_size_tablet=&#8221;&#8221; title_font_size_phone=&#8221;33px&#8221; title_font_size_last_edited=&#8221;on|phone&#8221; global_colors_info=&#8221;{}&#8221;][\/et_pb_fullwidth_post_title][\/et_pb_section][et_pb_section fb_built=&#8221;1&#8243; custom_padding_last_edited=&#8221;on|desktop&#8221; admin_label=&#8221;section&#8221; _builder_version=&#8221;4.16&#8243; background_color=&#8221;#ffffff&#8221; custom_padding_tablet=&#8221;50px|0|50px|0&#8243; custom_padding_phone=&#8221;&#8221; transparent_background=&#8221;off&#8221; padding_mobile=&#8221;off&#8221; make_fullwidth=&#8221;off&#8221; use_custom_width=&#8221;off&#8221; width_unit=&#8221;on&#8221; global_colors_info=&#8221;{}&#8221;][et_pb_row _builder_version=&#8221;4.16&#8243; _module_preset=&#8221;default&#8221; global_colors_info=&#8221;{}&#8221;][et_pb_column type=&#8221;4_4&#8243; _builder_version=&#8221;4.16&#8243; _module_preset=&#8221;default&#8221; global_colors_info=&#8221;{}&#8221;][et_pb_text _builder_version=&#8221;4.16&#8243; _module_preset=&#8221;default&#8221; text_text_color=&#8221;#241e20&#8243; header_text_color=&#8221;#241e20&#8243; header_line_height=&#8221;1.4em&#8221; header_2_text_color=&#8221;#241e20&#8243; header_2_line_height=&#8221;1.4em&#8221; header_3_text_color=&#8221;#241e20&#8243; header_3_line_height=&#8221;1.4em&#8221; global_colors_info=&#8221;{}&#8221;]<\/p>\n<h2 style=\"text-align: center\">Un nou model de vacances a Espanya<\/h2>\n<h3 style=\"text-align: center\">El desig d&#8217;oferir un nou concepte de vacances enfocat cap a la natura, el &#8220;slow life&#8221; o moviment lent, la generositat i la reconnexi\u00f3 amb si mateix.<\/h3>\n<p>[\/et_pb_text][\/et_pb_column][\/et_pb_row][et_pb_row column_structure=&#8221;1_2,1_2&#8243; _builder_version=&#8221;4.16&#8243; _module_preset=&#8221;default&#8221; global_colors_info=&#8221;{}&#8221;][et_pb_column type=&#8221;1_2&#8243; _builder_version=&#8221;4.16&#8243; _module_preset=&#8221;default&#8221; global_colors_info=&#8221;{}&#8221;][et_pb_image src=&#8221;https:\/\/mas-oms.com\/wp-content\/uploads\/2023\/01\/IMG_1271.jpeg&#8221; alt=&#8221;el teu hotel slow life t\u2019espera&#8221; title_text=&#8221;IMG_1271&#8243; _builder_version=&#8221;4.18.0&#8243; _module_preset=&#8221;default&#8221; hover_enabled=&#8221;0&#8243; global_colors_info=&#8221;{}&#8221; sticky_enabled=&#8221;0&#8243;][\/et_pb_image][\/et_pb_column][et_pb_column type=&#8221;1_2&#8243; _builder_version=&#8221;4.16&#8243; _module_preset=&#8221;default&#8221; global_colors_info=&#8221;{}&#8221;][et_pb_text _builder_version=&#8221;4.16&#8243; _module_preset=&#8221;default&#8221; text_text_color=&#8221;#241e20&#8243; link_font=&#8221;||||on||||&#8221; header_3_text_color=&#8221;#241e20&#8243; header_3_line_height=&#8221;1.4em&#8221; global_colors_info=&#8221;{}&#8221;]<\/p>\n<div class=\"et_pb_module et_pb_text et_pb_text_0 et_pb_text_align_left et_pb_bg_layout_light\">\n<div class=\"et_pb_text_inner\">\n<h3>El Mas Oms pot resumir-se com el desenlla\u00e7 d&#8217;una reflexi\u00f3 conjunta en la qual la C\u00e9line i el Julien ja feia anys que hi pensaven.<\/h3>\n<p>El descobriment del Mas Oms va ser l&#8217;empenta necess\u00e0ria per donar vida al nostre projecte. Situat enmig d&#8217;una <strong>zona natural protegida<\/strong>, <strong>l\u2019emblem\u00e0tica masia catalana<\/strong> \u00e9s un lloc realment m\u00e0gic i intemporal. Aquesta masia ens permet donar ales a la nostra creativitat i proposar-vos un concentrat de tots <a href=\"https:\/\/mas-oms.com\/ca\/tallers\/\">els descobriments que hem fet pel que fa <strong>al benestar<\/strong><\/a><strong>.<\/strong><\/p>\n<p>El Mas Oms \u00e9s la relaci\u00f3 perfecta entre un lloc replet de bones energies, d\u2019<a href=\"https:\/\/mas-oms.com\/ca\/cuina\/\">una <strong>cuina &#8220;saludable&#8221;<\/strong> rica en verdures de l&#8217;hort<\/a>, d\u2019un entorn en <strong>plena natura<\/strong>, de nombroses <a href=\"https:\/\/mas-oms.com\/ca\/senderisme\/\">rutes de <strong>senderisme<\/strong><\/a> i d\u2019una <strong>serenor absoluta<\/strong> per <a href=\"https:\/\/mas-oms.com\/ca\/arees-de-descans\/\">poder <strong>descansar en tota tranquil\u00b7litat<\/strong><\/a>. Tamb\u00e9 ofereix la possibilitat de participar cada mat\u00ed a <a href=\"https:\/\/mas-oms.com\/ca\/morning-bloom\/\">les classes guiades<\/a> per despertar els sentits i <a href=\"https:\/\/mas-oms.com\/ca\/meditacio\/\">cada nit a les classes guiades per relaxar-se<\/a> encara m\u00e9s. A m\u00e9s a m\u00e9s, tamb\u00e9 \u00e9s l&#8217;oportunitat id\u00f2nia per participar en els <a href=\"https:\/\/mas-oms.com\/ca\/tallers\/\">diferents tallers<\/a> que et permetran cr\u00e9ixer com a persona en un ambient envoltat d&#8217;amor i generositat.<\/p>\n<p>Escollir el Mas Oms per passar-hi uns dies \u00e9s sin\u00f2nim d&#8217;oferir-se unes <strong>vacances regeneradores<\/strong> de les quals tornar\u00e0s amb les piles carregades, al mateix temps que podr\u00e0s gaudir de moments <strong>de plaer i gastronomia.<\/strong><\/p>\n<\/div>\n<\/div>\n<p>[\/et_pb_text][\/et_pb_column][\/et_pb_row][et_pb_row _builder_version=&#8221;4.16&#8243; _module_preset=&#8221;default&#8221; global_colors_info=&#8221;{}&#8221;][et_pb_column type=&#8221;4_4&#8243; _builder_version=&#8221;4.16&#8243; _module_preset=&#8221;default&#8221; global_colors_info=&#8221;{}&#8221;][et_pb_divider color=&#8221;#e5ddc8&#8243; _builder_version=&#8221;4.16&#8243; _module_preset=&#8221;default&#8221; border_color_all=&#8221;#e5ddc8&#8243; global_colors_info=&#8221;{}&#8221;][\/et_pb_divider][\/et_pb_column][\/et_pb_row][et_pb_row column_structure=&#8221;1_2,1_2&#8243; _builder_version=&#8221;4.16&#8243; _module_preset=&#8221;default&#8221; global_colors_info=&#8221;{}&#8221;][et_pb_column type=&#8221;1_2&#8243; _builder_version=&#8221;4.16&#8243; _module_preset=&#8221;default&#8221; global_colors_info=&#8221;{}&#8221;][et_pb_image src=&#8221;https:\/\/mas-oms.com\/wp-content\/uploads\/2023\/01\/Local-Hideaways-Spain-24.jpg&#8221; alt=&#8221;un hotel de vida lenta&#8221; title_text=&#8221;Local-Hideaways-Spain-24&#8243; _builder_version=&#8221;4.18.0&#8243; _module_preset=&#8221;default&#8221; hover_enabled=&#8221;0&#8243; global_colors_info=&#8221;{}&#8221; sticky_enabled=&#8221;0&#8243;][\/et_pb_image][\/et_pb_column][et_pb_column type=&#8221;1_2&#8243; _builder_version=&#8221;4.16&#8243; _module_preset=&#8221;default&#8221; global_colors_info=&#8221;{}&#8221;][et_pb_text _builder_version=&#8221;4.16&#8243; _module_preset=&#8221;default&#8221; text_text_color=&#8221;#241e20&#8243; link_font=&#8221;||||on||||&#8221; header_3_text_color=&#8221;#241e20&#8243; header_3_line_height=&#8221;1.4em&#8221; global_colors_info=&#8221;{}&#8221;]<\/p>\n<div class=\"et_pb_module et_pb_text et_pb_text_0 et_pb_text_align_left et_pb_bg_layout_light\">\n<div class=\"et_pb_text_inner\">\n<h3>Al Mas Oms, s&#8217;ha aturat el temps.<\/h3>\n<p>El cam\u00ed d&#8217;entrada est\u00e0 vorejat de flors silvestres. Les papallones i els ocells voletegen entre l&#8217;olor de farigola fresca i de menta. La <strong>vista<\/strong> del mass\u00eds de les Gavarres et deixar\u00e0 <strong>sense paraules<\/strong>. A l&#8217;obrir la porta del Mas, l&#8217;olor de pa fresc i de past\u00eds acabat de fer et donar\u00e0 la benvinguda. Les flors fresques completen aquesta escena de pel\u00b7l\u00edcula. Us acollirem com a amics, oferint-vos tota la nostra generositat i amabilitat.<\/p>\n<p>Aquesta <strong>masia catalana del segle XIV<\/strong>, situada enmig de les muntanyes entre <strong>Girona, l\u2019Empord\u00e0, el mar i les platges de la Costa Brava<\/strong>, ha estat renovada amb molt d&#8217;amor. L&#8217;encant r\u00fastic de la masia \u00e9s embriagador. Durant els migdies d&#8217;estiu, es pot gaudir <a href=\"https:\/\/mas-oms.com\/ca\/arees-de-descans\/\">de les hamaques escampades<\/a> enmig de les alzines i les oliveres, paladejar una tassa de te amb gel sota la figuera o fer una cabussada <a href=\"https:\/\/mas-oms.com\/ca\/piscina\/\"><strong>a la piscina d&#8217;aigua salada<\/strong><\/a> (i climatitzada) amb vistes a la vall. Tamb\u00e9 es pot jugar a la petanca i demanar un suc &#8220;detox&#8221; o una cervesa local ben fresca al bar.<\/p>\n<p>A l&#8217;hivern, es pot aprofitar la llum del dia per passejar o per <a href=\"https:\/\/mas-oms.com\/ca\/ciclisme-i-btt\/\">fer una escapada en BTT<\/a> (el\u00e8ctrica) per la muntanya. A la tornada, l&#8217;arbre dels balancins permet gaudir dels \u00faltims rajos de sol del dia. Al capvespre, toca asseure&#8217;s al costat del foc. De cam\u00ed cap a la llar de foc, s&#8217;ha de fer una parada obligat\u00f2ria a <a href=\"https:\/\/mas-oms.com\/ca\/sala-destar-i-biblioteca\/\">la biblioteca<\/a> per escollir un llibre. Finalment, es pot visitar el bar per <a href=\"https:\/\/mas-oms.com\/ca\/vins-naturals\/\">degustar un vi natural<\/a> mentre en Julien explica la seva hist\u00f2ria apassionadament.<\/p>\n<p><strong>Cada estaci\u00f3 t\u00e9 el seu encant i la seva atracci\u00f3. Al Mas Oms s&#8217;hi est\u00e0 a gust durant tot l&#8217;any.<\/strong><\/p>\n<\/div>\n<\/div>\n<p>[\/et_pb_text][\/et_pb_column][\/et_pb_row][et_pb_row _builder_version=&#8221;4.16&#8243; _module_preset=&#8221;default&#8221; global_colors_info=&#8221;{}&#8221;][et_pb_column type=&#8221;4_4&#8243; _builder_version=&#8221;4.16&#8243; _module_preset=&#8221;default&#8221; global_colors_info=&#8221;{}&#8221;][et_pb_gallery gallery_ids=&#8221;7039,6657,7064,7169,7051,7059,6909,6665,6669,6961,6673,6921,6750,6757,7006,7022,6652,6362,6394,6399,6084&#8243; posts_number=&#8221;100&#8243; _builder_version=&#8221;4.16&#8243; _module_preset=&#8221;default&#8221; global_colors_info=&#8221;{}&#8221;][\/et_pb_gallery][\/et_pb_column][\/et_pb_row][et_pb_row _builder_version=&#8221;4.16&#8243; _module_preset=&#8221;default&#8221; global_colors_info=&#8221;{}&#8221;][et_pb_column type=&#8221;4_4&#8243; _builder_version=&#8221;4.16&#8243; _module_preset=&#8221;default&#8221; global_colors_info=&#8221;{}&#8221;][et_pb_divider color=&#8221;#e5ddc8&#8243; _builder_version=&#8221;4.16&#8243; _module_preset=&#8221;default&#8221; border_color_all=&#8221;#e5ddc8&#8243; global_colors_info=&#8221;{}&#8221;][\/et_pb_divider][\/et_pb_column][\/et_pb_row][\/et_pb_section]<\/p>\n","protected":false},"excerpt":{"rendered":"<p>Al Mas Oms, podr\u00e0s gaudir d&#8217;una cuina saludable, de proximitat, completament natural i elaborada amb ingredients d&#8217;origen ecol\u00f2gic. Tot un himne a la qualitat i a la simplicitat. Les verdures s\u00f3n les reines i comparteixen protagonisme amb les flors comestibles. \u00c9s un retorn als or\u00edgens, a les olors de veritat i al bon gust dels productes. Podr\u00e0s embarcar en direcci\u00f3 a un aut\u00e8ntic viatge culinari a cada \u00e0pat.<\/p>\n","protected":false},"author":1,"featured_media":0,"parent":0,"menu_order":0,"comment_status":"closed","ping_status":"closed","template":"","meta":{"_acf_changed":false,"_et_pb_use_builder":"on","_et_pb_old_content":"","_et_gb_content_width":"","_monsterinsights_skip_tracking":false,"_monsterinsights_sitenote_active":false,"_monsterinsights_sitenote_note":"","_monsterinsights_sitenote_category":0,"footnotes":""},"class_list":["post-10035","page","type-page","status-publish","hentry"],"acf":[],"yoast_head":"<!-- This site is optimized with the Yoast SEO plugin v27.0 - https:\/\/yoast.com\/product\/yoast-seo-wordpress\/ -->\n<title>El vostre hotel slow life, un nou concepte de vacances<\/title>\n<meta name=\"description\" content=\"El desig d\u2019oferir un nou concepte de vacances enfocat cap a la natura, el &quot;slow life&quot; o moviment lent, la generositat i la reconnexi\u00f3 amb si mateix\" \/>\n<meta name=\"robots\" content=\"index, follow, max-snippet:-1, max-image-preview:large, max-video-preview:-1\" \/>\n<link rel=\"canonical\" href=\"https:\/\/mas-oms.com\/fr\/ca\/el-mas-oms\/\" \/>\n<meta property=\"og:locale\" content=\"ca_ES\" \/>\n<meta property=\"og:type\" content=\"article\" \/>\n<meta property=\"og:title\" content=\"El vostre hotel slow life, un nou concepte de vacances\" \/>\n<meta property=\"og:description\" content=\"El desig d\u2019oferir un nou concepte de vacances enfocat cap a la natura, el &quot;slow life&quot; o moviment lent, la generositat i la reconnexi\u00f3 amb si mateix\" \/>\n<meta property=\"og:url\" content=\"https:\/\/mas-oms.com\/fr\/ca\/el-mas-oms\/\" \/>\n<meta property=\"og:site_name\" content=\"MAS OMS\" \/>\n<meta property=\"article:modified_time\" content=\"2023-03-17T10:29:40+00:00\" \/>\n<meta name=\"twitter:card\" content=\"summary_large_image\" \/>\n<meta name=\"twitter:label1\" content=\"Temps estimat de lectura\" \/>\n\t<meta name=\"twitter:data1\" content=\"6 minuts\" \/>\n<script type=\"application\/ld+json\" class=\"yoast-schema-graph\">{\"@context\":\"https:\/\/schema.org\",\"@graph\":[{\"@type\":\"WebPage\",\"@id\":\"https:\/\/mas-oms.com\/fr\/ca\/el-mas-oms\/\",\"url\":\"https:\/\/mas-oms.com\/fr\/ca\/el-mas-oms\/\",\"name\":\"El vostre hotel slow life, un nou concepte de vacances\",\"isPartOf\":{\"@id\":\"https:\/\/mas-oms.com\/fr\/ca\/#website\"},\"datePublished\":\"2020-12-12T11:19:46+00:00\",\"dateModified\":\"2023-03-17T10:29:40+00:00\",\"description\":\"El desig d\u2019oferir un nou concepte de vacances enfocat cap a la natura, el \\\"slow life\\\" o moviment lent, la generositat i la reconnexi\u00f3 amb si mateix\",\"breadcrumb\":{\"@id\":\"https:\/\/mas-oms.com\/fr\/ca\/el-mas-oms\/#breadcrumb\"},\"inLanguage\":\"ca\",\"potentialAction\":[{\"@type\":\"ReadAction\",\"target\":[\"https:\/\/mas-oms.com\/fr\/ca\/el-mas-oms\/\"]}]},{\"@type\":\"BreadcrumbList\",\"@id\":\"https:\/\/mas-oms.com\/fr\/ca\/el-mas-oms\/#breadcrumb\",\"itemListElement\":[{\"@type\":\"ListItem\",\"position\":1,\"name\":\"Accueil\",\"item\":\"https:\/\/mas-oms.com\/fr\/ca\/\"},{\"@type\":\"ListItem\",\"position\":2,\"name\":\"El Mas Oms\"}]},{\"@type\":\"WebSite\",\"@id\":\"https:\/\/mas-oms.com\/fr\/ca\/#website\",\"url\":\"https:\/\/mas-oms.com\/fr\/ca\/\",\"name\":\"MAS OMS\",\"description\":\"\",\"potentialAction\":[{\"@type\":\"SearchAction\",\"target\":{\"@type\":\"EntryPoint\",\"urlTemplate\":\"https:\/\/mas-oms.com\/fr\/ca\/?s={search_term_string}\"},\"query-input\":{\"@type\":\"PropertyValueSpecification\",\"valueRequired\":true,\"valueName\":\"search_term_string\"}}],\"inLanguage\":\"ca\"}]}<\/script>\n<!-- \/ Yoast SEO plugin. -->","yoast_head_json":{"title":"El vostre hotel slow life, un nou concepte de vacances","description":"El desig d\u2019oferir un nou concepte de vacances enfocat cap a la natura, el \"slow life\" o moviment lent, la generositat i la reconnexi\u00f3 amb si mateix","robots":{"index":"index","follow":"follow","max-snippet":"max-snippet:-1","max-image-preview":"max-image-preview:large","max-video-preview":"max-video-preview:-1"},"canonical":"https:\/\/mas-oms.com\/fr\/ca\/el-mas-oms\/","og_locale":"ca_ES","og_type":"article","og_title":"El vostre hotel slow life, un nou concepte de vacances","og_description":"El desig d\u2019oferir un nou concepte de vacances enfocat cap a la natura, el \"slow life\" o moviment lent, la generositat i la reconnexi\u00f3 amb si mateix","og_url":"https:\/\/mas-oms.com\/fr\/ca\/el-mas-oms\/","og_site_name":"MAS OMS","article_modified_time":"2023-03-17T10:29:40+00:00","twitter_card":"summary_large_image","twitter_misc":{"Temps estimat de lectura":"6 minuts"},"schema":{"@context":"https:\/\/schema.org","@graph":[{"@type":"WebPage","@id":"https:\/\/mas-oms.com\/fr\/ca\/el-mas-oms\/","url":"https:\/\/mas-oms.com\/fr\/ca\/el-mas-oms\/","name":"El vostre hotel slow life, un nou concepte de vacances","isPartOf":{"@id":"https:\/\/mas-oms.com\/fr\/ca\/#website"},"datePublished":"2020-12-12T11:19:46+00:00","dateModified":"2023-03-17T10:29:40+00:00","description":"El desig d\u2019oferir un nou concepte de vacances enfocat cap a la natura, el \"slow life\" o moviment lent, la generositat i la reconnexi\u00f3 amb si mateix","breadcrumb":{"@id":"https:\/\/mas-oms.com\/fr\/ca\/el-mas-oms\/#breadcrumb"},"inLanguage":"ca","potentialAction":[{"@type":"ReadAction","target":["https:\/\/mas-oms.com\/fr\/ca\/el-mas-oms\/"]}]},{"@type":"BreadcrumbList","@id":"https:\/\/mas-oms.com\/fr\/ca\/el-mas-oms\/#breadcrumb","itemListElement":[{"@type":"ListItem","position":1,"name":"Accueil","item":"https:\/\/mas-oms.com\/fr\/ca\/"},{"@type":"ListItem","position":2,"name":"El Mas Oms"}]},{"@type":"WebSite","@id":"https:\/\/mas-oms.com\/fr\/ca\/#website","url":"https:\/\/mas-oms.com\/fr\/ca\/","name":"MAS OMS","description":"","potentialAction":[{"@type":"SearchAction","target":{"@type":"EntryPoint","urlTemplate":"https:\/\/mas-oms.com\/fr\/ca\/?s={search_term_string}"},"query-input":{"@type":"PropertyValueSpecification","valueRequired":true,"valueName":"search_term_string"}}],"inLanguage":"ca"}]}},"_links":{"self":[{"href":"https:\/\/mas-oms.com\/fr\/ca\/wp-json\/wp\/v2\/pages\/10035","targetHints":{"allow":["GET"]}}],"collection":[{"href":"https:\/\/mas-oms.com\/fr\/ca\/wp-json\/wp\/v2\/pages"}],"about":[{"href":"https:\/\/mas-oms.com\/fr\/ca\/wp-json\/wp\/v2\/types\/page"}],"author":[{"embeddable":true,"href":"https:\/\/mas-oms.com\/fr\/ca\/wp-json\/wp\/v2\/users\/1"}],"replies":[{"embeddable":true,"href":"https:\/\/mas-oms.com\/fr\/ca\/wp-json\/wp\/v2\/comments?post=10035"}],"version-history":[{"count":6,"href":"https:\/\/mas-oms.com\/fr\/ca\/wp-json\/wp\/v2\/pages\/10035\/revisions"}],"predecessor-version":[{"id":14802,"href":"https:\/\/mas-oms.com\/fr\/ca\/wp-json\/wp\/v2\/pages\/10035\/revisions\/14802"}],"wp:attachment":[{"href":"https:\/\/mas-oms.com\/fr\/ca\/wp-json\/wp\/v2\/media?parent=10035"}],"curies":[{"name":"wp","href":"https:\/\/api.w.org\/{rel}","templated":true}]}}