{"id":10052,"date":"2020-12-16T09:27:20","date_gmt":"2020-12-16T08:27:20","guid":{"rendered":"https:\/\/www.mas-oms.com\/condicions-generals-de-venda\/"},"modified":"2024-08-29T15:27:35","modified_gmt":"2024-08-29T13:27:35","slug":"condicions-generals-de-venda","status":"publish","type":"page","link":"https:\/\/mas-oms.com\/fr\/ca\/condicions-generals-de-venda\/","title":{"rendered":"Condicions generals de venda"},"content":{"rendered":"<p>[et_pb_section fb_built=&#8221;1&#8243; custom_padding_last_edited=&#8221;on|desktop&#8221; admin_label=&#8221;section&#8221; _builder_version=&#8221;4.16&#8243; background_color=&#8221;#ffffff&#8221; parallax=&#8221;on&#8221; parallax_method=&#8221;off&#8221; custom_padding=&#8221;0px||0px|&#8221; custom_padding_tablet=&#8221;50px|0|50px|0&#8243; custom_padding_phone=&#8221;&#8221; transparent_background=&#8221;off&#8221; padding_mobile=&#8221;off&#8221; make_fullwidth=&#8221;off&#8221; use_custom_width=&#8221;off&#8221; width_unit=&#8221;on&#8221; locked=&#8221;off&#8221; global_colors_info=&#8221;{}&#8221;][et_pb_row admin_label=&#8221;row&#8221; _builder_version=&#8221;4.16&#8243; background_size=&#8221;initial&#8221; background_position=&#8221;top_left&#8221; background_repeat=&#8221;repeat&#8221; width=&#8221;90%&#8221; max_width=&#8221;1200px&#8221; global_colors_info=&#8221;{}&#8221;][et_pb_column type=&#8221;4_4&#8243; _builder_version=&#8221;4.16&#8243; custom_padding=&#8221;|||&#8221; global_colors_info=&#8221;{}&#8221; custom_padding__hover=&#8221;|||&#8221;][et_pb_post_title meta=&#8221;off&#8221; featured_image=&#8221;off&#8221; _builder_version=&#8221;4.16&#8243; title_font_size=&#8221;35px&#8221; title_line_height=&#8221;1.7em&#8221; background_color=&#8221;rgba(255,255,255,0)&#8221; parallax=&#8221;on&#8221; parallax_method=&#8221;off&#8221; title_font_size_tablet=&#8221;50px&#8221; title_font_size_phone=&#8221;20px&#8221; title_font_size_last_edited=&#8221;off|phone&#8221; use_border_color=&#8221;off&#8221; global_colors_info=&#8221;{}&#8221;][\/et_pb_post_title][\/et_pb_column][\/et_pb_row][\/et_pb_section][et_pb_section fb_built=&#8221;1&#8243; admin_label=&#8221;section&#8221; _builder_version=&#8221;4.16&#8243; global_colors_info=&#8221;{}&#8221;][et_pb_row admin_label=&#8221;row&#8221; _builder_version=&#8221;4.16&#8243; background_size=&#8221;initial&#8221; background_position=&#8221;top_left&#8221; background_repeat=&#8221;repeat&#8221; global_colors_info=&#8221;{}&#8221;][et_pb_column type=&#8221;4_4&#8243; _builder_version=&#8221;4.16&#8243; custom_padding=&#8221;|||&#8221; global_colors_info=&#8221;{}&#8221; custom_padding__hover=&#8221;|||&#8221;][et_pb_text admin_label=&#8221;Text&#8221; _builder_version=&#8221;4.24.3&#8243; background_size=&#8221;initial&#8221; background_position=&#8221;top_left&#8221; background_repeat=&#8221;repeat&#8221; hover_enabled=&#8221;0&#8243; use_border_color=&#8221;off&#8221; global_colors_info=&#8221;{}&#8221; sticky_enabled=&#8221;0&#8243;]<\/p>\n<h2 style=\"text-align: left;\"><strong>Condicions de reserva a Mas Oms<\/strong><\/h2>\n<h3>\u00a0<\/h3>\n<h3>Respecte pels llocs i els convidats<\/h3>\n<p>Ja heu reservat una estada a MAS OMS i us ho agra\u00efm. Viur\u00e0s en un espai natural protegit que mereix el m\u00e0xim respecte. Us demanem que respecteu el lloc, per la vostra comoditat i la dels vostres ve\u00efns.<\/p>\n<h3>\u00a0<\/h3>\n<h3>Arribada i sortida<\/h3>\n<p>Les habitacions estan disponibles el dia d\u2019arribada a partir de les 15:00 i s\u2019han d\u2019alliberar a les 11:00 del dia de sortida.<\/p>\n<h3>\u00a0<\/h3>\n<h3>Reserva<\/h3>\n<p>Per ser v\u00e0lid, cal abonar el dip\u00f2sit de la reserva. Tant si la vostra reserva es fa a trav\u00e9s del nostre sistema de reserves en l\u00ednia amb pagament segur a https:\/\/mas-oms.com, per tel\u00e8fon o per correu electr\u00f2nic amb el nostre servei de reserva, o a trav\u00e9s dels nostres socis, el dip\u00f2sit es carregar\u00e0 a la vostra targeta de cr\u00e8dit en fer la reserva .<\/p>\n<h3>\u00a0<\/h3>\n<h3>Cancel\u00b7laci\u00f3 o modificaci\u00f3<\/h3>\n<p>Cancel\u00b7laci\u00f3 gratu\u00efta si la cancel\u00b7laci\u00f3 es fa 14 dies abans de l&#8217;arribada. El pagament es retornar\u00e0 \u00edntegrament. Si la cancel\u00b7laci\u00f3 es produeix entre 7 i 14 dies, es retornar\u00e0 el 50% de l&#8217;import. No obstant aix\u00f2, si la cancel\u00b7laci\u00f3 es produeix amb menys de 7 dies d&#8217;antelaci\u00f3, no s&#8217;efectuar\u00e0 cap reembossament.<\/p>\n<p>En cas de sortida anticipada o no presentaci\u00f3, no es realitzar\u00e0 cap reembossament i la reserva es cancel\u00b7lar\u00e0 autom\u00e0ticament.<\/p>\n<p>Les sol\u00b7licituds de canvis s\u2019han d\u2019enviar per correu electr\u00f2nic i estaran subjectes a disponibilitat en el moment de la sol\u00b7licitud.<\/p>\n<h3>\u00a0<\/h3>\n<h3>Tarifes<\/h3>\n<p>Les nostres tarifes inclouen tots els impostos. Nom\u00e9s s\u00f3n v\u00e0lides les tarifes del nostre lloc web. A aquest preu s\u2019afegir\u00e0 l\u2019impost tur\u00edstic que s\u2019ha de pagar localment a l\u2019arribada.<\/p>\n<h3>\u00a0<\/h3>\n<h3>M\u00e8todes de pagament acceptats<\/h3>\n<ul>\n<li>Targetes banc\u00e0ries: Mastercard, Visa, Bancontact<\/li>\n<li>Paypal<\/li>\n<li>Esp\u00e8cie<\/li>\n<\/ul>\n<h3>\u00a0<\/h3>\n<h3>Animals<\/h3>\n<p>No s&#8217;admeten mascotes als nostres amics. Si voleu, hi ha una guarderia disponible a prop. Objectes valuosos Es recomana no deixar objectes de valor a les habitacions. La direcci\u00f3 no es fa responsable dels robatoris a les habitacions. Una caixa forta sempre est\u00e0 disponible a la vostra habitaci\u00f3.<\/p>\n<h3>\u00a0<\/h3>\n<h3>Objectes valuosos<\/h3>\n<p>Es recomana no deixar objectes de valor a les habitacions. La direcci\u00f3 no es fa responsable dels robatoris a les habitacions. Tot i aix\u00f2, hi ha caixa forta a la vostra habitaci\u00f3.<\/p>\n<h3>\u00a0<\/h3>\n<h3>Queixes<\/h3>\n<p>Qualsevol reclamaci\u00f3 relacionada amb una estada s\u2019ha d\u2019enviar mitjan\u00e7ant carta certificada a A.R. dins dels 30 dies seg\u00fcents a la seg\u00fcent adre\u00e7a:<\/p>\n<p>Mas Oms<\/p>\n<p>GIV 6641 km 10,5<\/p>\n<p>17242 Montnegre (Quart)<\/p>\n<h3>\u00a0<\/h3>\n<h3>Tabac<\/h3>\n<p>Est\u00e0 totalment prohibit fumar a l\u2019interior de les habitacions i l\u2019establiment. Es permet fumar fora, sempre que no quedin cap extrem de cigarreta a terra. Cendrers a la vostra disposici\u00f3. Es demana no fumar a la terrassa del restaurant durant els \u00e0pats.<\/p>\n<p>[\/et_pb_text][\/et_pb_column][\/et_pb_row][\/et_pb_section]<\/p>\n","protected":false},"excerpt":{"rendered":"<p>Condicions de reserva a Mas Oms \u00a0 Respecte pels llocs i els convidats Ja heu reservat una estada a MAS OMS i us ho agra\u00efm. Viur\u00e0s en un espai natural protegit que mereix el m\u00e0xim respecte. Us demanem que respecteu el lloc, per la vostra comoditat i la dels vostres ve\u00efns. \u00a0 Arribada i sortida [&hellip;]<\/p>\n","protected":false},"author":1,"featured_media":0,"parent":0,"menu_order":0,"comment_status":"closed","ping_status":"closed","template":"","meta":{"_acf_changed":false,"_et_pb_use_builder":"on","_et_pb_old_content":"","_et_gb_content_width":"","_monsterinsights_skip_tracking":false,"_monsterinsights_sitenote_active":false,"_monsterinsights_sitenote_note":"","_monsterinsights_sitenote_category":0,"footnotes":""},"class_list":["post-10052","page","type-page","status-publish","hentry"],"acf":[],"yoast_head":"<!-- This site is optimized with the Yoast SEO plugin v27.0 - https:\/\/yoast.com\/product\/yoast-seo-wordpress\/ -->\n<title>Condicions generals de venda - MAS OMS<\/title>\n<meta name=\"robots\" content=\"index, follow, max-snippet:-1, max-image-preview:large, max-video-preview:-1\" \/>\n<link rel=\"canonical\" href=\"https:\/\/mas-oms.com\/fr\/ca\/condicions-generals-de-venda\/\" \/>\n<meta property=\"og:locale\" content=\"ca_ES\" \/>\n<meta property=\"og:type\" content=\"article\" \/>\n<meta property=\"og:title\" content=\"Condicions generals de venda - MAS OMS\" \/>\n<meta property=\"og:url\" content=\"https:\/\/mas-oms.com\/fr\/ca\/condicions-generals-de-venda\/\" \/>\n<meta property=\"og:site_name\" content=\"MAS OMS\" \/>\n<meta property=\"article:modified_time\" content=\"2024-08-29T13:27:35+00:00\" \/>\n<meta name=\"twitter:card\" content=\"summary_large_image\" \/>\n<meta name=\"twitter:label1\" content=\"Temps estimat de lectura\" \/>\n\t<meta name=\"twitter:data1\" content=\"4 minuts\" \/>\n<script type=\"application\/ld+json\" class=\"yoast-schema-graph\">{\"@context\":\"https:\/\/schema.org\",\"@graph\":[{\"@type\":\"WebPage\",\"@id\":\"https:\/\/mas-oms.com\/fr\/ca\/condicions-generals-de-venda\/\",\"url\":\"https:\/\/mas-oms.com\/fr\/ca\/condicions-generals-de-venda\/\",\"name\":\"Condicions generals de venda - MAS OMS\",\"isPartOf\":{\"@id\":\"https:\/\/mas-oms.com\/fr\/ca\/#website\"},\"datePublished\":\"2020-12-16T08:27:20+00:00\",\"dateModified\":\"2024-08-29T13:27:35+00:00\",\"breadcrumb\":{\"@id\":\"https:\/\/mas-oms.com\/fr\/ca\/condicions-generals-de-venda\/#breadcrumb\"},\"inLanguage\":\"ca\",\"potentialAction\":[{\"@type\":\"ReadAction\",\"target\":[\"https:\/\/mas-oms.com\/fr\/ca\/condicions-generals-de-venda\/\"]}]},{\"@type\":\"BreadcrumbList\",\"@id\":\"https:\/\/mas-oms.com\/fr\/ca\/condicions-generals-de-venda\/#breadcrumb\",\"itemListElement\":[{\"@type\":\"ListItem\",\"position\":1,\"name\":\"Accueil\",\"item\":\"https:\/\/mas-oms.com\/fr\/ca\/\"},{\"@type\":\"ListItem\",\"position\":2,\"name\":\"Condicions generals de venda\"}]},{\"@type\":\"WebSite\",\"@id\":\"https:\/\/mas-oms.com\/fr\/ca\/#website\",\"url\":\"https:\/\/mas-oms.com\/fr\/ca\/\",\"name\":\"MAS OMS\",\"description\":\"\",\"potentialAction\":[{\"@type\":\"SearchAction\",\"target\":{\"@type\":\"EntryPoint\",\"urlTemplate\":\"https:\/\/mas-oms.com\/fr\/ca\/?s={search_term_string}\"},\"query-input\":{\"@type\":\"PropertyValueSpecification\",\"valueRequired\":true,\"valueName\":\"search_term_string\"}}],\"inLanguage\":\"ca\"}]}<\/script>\n<!-- \/ Yoast SEO plugin. -->","yoast_head_json":{"title":"Condicions generals de venda - MAS OMS","robots":{"index":"index","follow":"follow","max-snippet":"max-snippet:-1","max-image-preview":"max-image-preview:large","max-video-preview":"max-video-preview:-1"},"canonical":"https:\/\/mas-oms.com\/fr\/ca\/condicions-generals-de-venda\/","og_locale":"ca_ES","og_type":"article","og_title":"Condicions generals de venda - MAS OMS","og_url":"https:\/\/mas-oms.com\/fr\/ca\/condicions-generals-de-venda\/","og_site_name":"MAS OMS","article_modified_time":"2024-08-29T13:27:35+00:00","twitter_card":"summary_large_image","twitter_misc":{"Temps estimat de lectura":"4 minuts"},"schema":{"@context":"https:\/\/schema.org","@graph":[{"@type":"WebPage","@id":"https:\/\/mas-oms.com\/fr\/ca\/condicions-generals-de-venda\/","url":"https:\/\/mas-oms.com\/fr\/ca\/condicions-generals-de-venda\/","name":"Condicions generals de venda - MAS OMS","isPartOf":{"@id":"https:\/\/mas-oms.com\/fr\/ca\/#website"},"datePublished":"2020-12-16T08:27:20+00:00","dateModified":"2024-08-29T13:27:35+00:00","breadcrumb":{"@id":"https:\/\/mas-oms.com\/fr\/ca\/condicions-generals-de-venda\/#breadcrumb"},"inLanguage":"ca","potentialAction":[{"@type":"ReadAction","target":["https:\/\/mas-oms.com\/fr\/ca\/condicions-generals-de-venda\/"]}]},{"@type":"BreadcrumbList","@id":"https:\/\/mas-oms.com\/fr\/ca\/condicions-generals-de-venda\/#breadcrumb","itemListElement":[{"@type":"ListItem","position":1,"name":"Accueil","item":"https:\/\/mas-oms.com\/fr\/ca\/"},{"@type":"ListItem","position":2,"name":"Condicions generals de venda"}]},{"@type":"WebSite","@id":"https:\/\/mas-oms.com\/fr\/ca\/#website","url":"https:\/\/mas-oms.com\/fr\/ca\/","name":"MAS OMS","description":"","potentialAction":[{"@type":"SearchAction","target":{"@type":"EntryPoint","urlTemplate":"https:\/\/mas-oms.com\/fr\/ca\/?s={search_term_string}"},"query-input":{"@type":"PropertyValueSpecification","valueRequired":true,"valueName":"search_term_string"}}],"inLanguage":"ca"}]}},"_links":{"self":[{"href":"https:\/\/mas-oms.com\/fr\/ca\/wp-json\/wp\/v2\/pages\/10052","targetHints":{"allow":["GET"]}}],"collection":[{"href":"https:\/\/mas-oms.com\/fr\/ca\/wp-json\/wp\/v2\/pages"}],"about":[{"href":"https:\/\/mas-oms.com\/fr\/ca\/wp-json\/wp\/v2\/types\/page"}],"author":[{"embeddable":true,"href":"https:\/\/mas-oms.com\/fr\/ca\/wp-json\/wp\/v2\/users\/1"}],"replies":[{"embeddable":true,"href":"https:\/\/mas-oms.com\/fr\/ca\/wp-json\/wp\/v2\/comments?post=10052"}],"version-history":[{"count":5,"href":"https:\/\/mas-oms.com\/fr\/ca\/wp-json\/wp\/v2\/pages\/10052\/revisions"}],"predecessor-version":[{"id":17339,"href":"https:\/\/mas-oms.com\/fr\/ca\/wp-json\/wp\/v2\/pages\/10052\/revisions\/17339"}],"wp:attachment":[{"href":"https:\/\/mas-oms.com\/fr\/ca\/wp-json\/wp\/v2\/media?parent=10052"}],"curies":[{"name":"wp","href":"https:\/\/api.w.org\/{rel}","templated":true}]}}