{"id":9982,"date":"2016-02-13T09:43:20","date_gmt":"2016-02-13T08:43:20","guid":{"rendered":"https:\/\/www.mas-oms.com\/inici\/"},"modified":"2026-01-29T14:50:37","modified_gmt":"2026-01-29T13:50:37","slug":"inici","status":"publish","type":"page","link":"https:\/\/mas-oms.com\/fr\/ca\/","title":{"rendered":"Inici"},"content":{"rendered":"<p>[et_pb_section fb_built=&#8221;1&#8243; _builder_version=&#8221;4.16&#8243; _module_preset=&#8221;default&#8221; global_colors_info=&#8221;{}&#8221;][et_pb_row _builder_version=&#8221;4.16&#8243; _module_preset=&#8221;default&#8221; global_colors_info=&#8221;{}&#8221;][et_pb_column type=&#8221;4_4&#8243; _builder_version=&#8221;4.16&#8243; _module_preset=&#8221;default&#8221; global_colors_info=&#8221;{}&#8221;][et_pb_text _builder_version=&#8221;4.18.0&#8243; _module_preset=&#8221;default&#8221; text_font=&#8221;||||||||&#8221; text_text_color=&#8221;#241e20&#8243; link_font=&#8221;||||on||||&#8221; header_text_color=&#8221;#241e20&#8243; header_font_size=&#8221;38px&#8221; header_line_height=&#8221;1.4em&#8221; header_2_text_color=&#8221;#241e20&#8243; header_2_line_height=&#8221;1.4em&#8221; header_3_text_color=&#8221;#241e20&#8243; header_3_line_height=&#8221;1.3em&#8221; text_orientation=&#8221;center&#8221; global_colors_info=&#8221;{}&#8221;]<\/p>\n<h1>El Mas Oms, un petit hotel situat a l&#8217;interior de la Costa Brava<\/h1>\n<h2 style=\"text-align: center;\">Busques un <strong>hotel petit a prop de la Costa Brava<\/strong>? El Mas Oms et d\u00f3na la benvinguda dins d&#8217;un <strong>marc elegant i ecol\u00f2gic<\/strong> enmig de la natura, on podr\u00e0s gaudir en tota tranquil\u00b7litat<\/h2>\n<h3 style=\"text-align: center;\">Un <strong>hotel acollidor situat a Espanya<\/strong><\/h3>\n<h3>\u00a0<\/h3>\n<p>El Mas Oms \u00e9s un <strong>hotel ecol\u00f2gic<\/strong> situat a prop de Girona, en el mass\u00eds de les Gavarres. El nostre hotel compta amb<a href=\"https:\/\/mas-oms.com\/ca\/habitacions\/\"> 6 habitacions<\/a> i et d\u00f3na la benvinguda durant tot l&#8217;any en una ubicaci\u00f3 d&#8217;ensomni entre el mar i la muntanya. El Mas se situa a l&#8217;encreuament entre diverses <a href=\"https:\/\/mas-oms.com\/ca\/caminades\/\">rutes de senderisme<\/a> o <a href=\"https:\/\/mas-oms.com\/ca\/ciclisme-i-btt\/\">de ciclisme<\/a>. El nostre hotel se situa <a href=\"https:\/\/mas-oms.com\/ca\/platja\/\">a prop de les platges de la Costa Brava<\/a>. Aprofita d&#8217;aquestes <strong>vacances per recuperar-te<\/strong>: prova <a href=\"https:\/\/mas-oms.com\/ca\/cuina\/\"><strong>la cuina saludable i ecol\u00f2gica<\/strong><\/a> del nostre hotel i relaxa&#8217;t amb <a href=\"https:\/\/mas-oms.com\/ca\/massatges\/\">massatges a mida<\/a>, <a href=\"https:\/\/mas-oms.com\/ca\/terapia-energetica-de-reiki\/\">sessions de reiki<\/a> o fins i tot <a href=\"https:\/\/mas-oms.com\/ca\/morning-bloom\/\">ioga<\/a> amb un professor nom\u00e9s per a tu.. <strong>El nostre hotel combina tot all\u00f2 que ofereix l&#8217;Espanya: sol, confort i gastronomia catalana.<\/strong> Vols m\u00e9s informaci\u00f3? <a href=\"https:\/\/mas-oms.com\/ca\/contacte\/\">Contacta&#8217;ns<\/a>, ser\u00e0 un plaer contestar a totes les teves preguntes.<\/p>\n<p>[\/et_pb_text][\/et_pb_column][\/et_pb_row][et_pb_row _builder_version=&#8221;4.16&#8243; _module_preset=&#8221;50926c3d-dffb-4ed3-b324-8e9d9c2f5c2a&#8221; custom_padding=&#8221;20px||0px||false|false&#8221; global_colors_info=&#8221;{}&#8221;][et_pb_column type=&#8221;4_4&#8243; _builder_version=&#8221;4.16&#8243; _module_preset=&#8221;default&#8221; custom_padding=&#8221;0px|0px|0px|0px|false|false&#8221; global_colors_info=&#8221;{}&#8221;][et_pb_divider color=&#8221;#e5ddc8&#8243; _builder_version=&#8221;4.16&#8243; _module_preset=&#8221;default&#8221; module_alignment=&#8221;center&#8221; global_colors_info=&#8221;{}&#8221;][\/et_pb_divider][\/et_pb_column][\/et_pb_row][et_pb_row column_structure=&#8221;1_2,1_2&#8243; _builder_version=&#8221;4.16&#8243; _module_preset=&#8221;21dda975-802c-43fa-961b-c627216e8d03&#8243; width=&#8221;100%&#8221; custom_margin=&#8221;0px||0px||false|false&#8221; custom_padding=&#8221;0px|0px|0px|0px|false|true&#8221; global_colors_info=&#8221;{}&#8221;][et_pb_column type=&#8221;1_2&#8243; _builder_version=&#8221;4.16&#8243; _module_preset=&#8221;default&#8221; global_colors_info=&#8221;{}&#8221;][et_pb_image src=&#8221;https:\/\/mas-oms.com\/wp-content\/uploads\/2021\/03\/www.murmur.cat-WEB-93-scaled.jpg&#8221; alt=&#8221;petit hotel costa brava&#8221; title_text=&#8221;www.murmur.cat WEB-93&#8243; _builder_version=&#8221;4.16&#8243; _module_preset=&#8221;default&#8221; global_colors_info=&#8221;{}&#8221;][\/et_pb_image][\/et_pb_column][et_pb_column type=&#8221;1_2&#8243; _builder_version=&#8221;4.16&#8243; _module_preset=&#8221;default&#8221; global_colors_info=&#8221;{}&#8221;][et_pb_text _builder_version=&#8221;4.16&#8243; _module_preset=&#8221;default&#8221; text_text_color=&#8221;#241e20&#8243; link_font=&#8221;||||on||||&#8221; header_text_color=&#8221;#241e20&#8243; header_line_height=&#8221;1.4em&#8221; header_2_text_align=&#8221;center&#8221; header_2_text_color=&#8221;#241e20&#8243; header_2_line_height=&#8221;1.4em&#8221; header_3_text_color=&#8221;#241e20&#8243; header_3_line_height=&#8221;1.4em&#8221; global_colors_info=&#8221;{}&#8221;]<\/p>\n<h3 style=\"text-align: center\">Passa uns quants dies en un hotel ecol\u00f2gic constru\u00eft en una masia tradicional situada a Espanya<\/h3>\n<p style=\"text-align: center\">Tot i que la creaci\u00f3 d&#8217;un hotel acollidor a Espanya era el nostre somni des de feia bastant de temps, el primer pas consistia a trobar el lloc adequat. La nostra idea era trobar un <strong>hotel petit situat a prop de la Costa Brava<\/strong>, per\u00f2 lluny de tota la gentada que s&#8217;hi acumula a l&#8217;estiu. A m\u00e9s a m\u00e9s, la nostra esperan\u00e7a era convertir aquest hotel en un <strong>hotel ecol\u00f2gic<\/strong> de refer\u00e8ncia a Espanya. Tan bon punt vam descobrir <a href=\"https:\/\/mas-oms.com\/ca\/el-mas-oms\/\">el Mas Oms<\/a>, vam tenir clar que aquest era el lloc que est\u00e0vem buscant.<strong> A\u00efllat, per\u00f2 a prop de tot el que puguis necessitar<\/strong>, el Mas se situa al final d&#8217;un cam\u00ed empedrat en el qual ni s&#8217;escolten els cotxes ni hi ha contaminaci\u00f3 lluminosa. En aquell moment, ens vam adonar que aquesta masia seria el <strong>trosset de parad\u00eds<\/strong> que ens agradaria compartir amb tu.<\/p>\n<p>[\/et_pb_text][et_pb_button button_url=&#8221;https:\/\/mas-oms.com\/ca\/el-mas-oms\/&#8221; button_text=&#8221;Descobreix el Mas&#8221; button_alignment=&#8221;center&#8221; _builder_version=&#8221;4.16&#8243; _module_preset=&#8221;bf741747-9d39-44a3-908a-ec541a3419d4&#8243; custom_button=&#8221;on&#8221; button_text_color=&#8221;#241e20&#8243; button_border_color=&#8221;#241e20&#8243; global_colors_info=&#8221;{}&#8221; button_text_color__hover_enabled=&#8221;on|hover&#8221; button_border_color__hover_enabled=&#8221;on|hover&#8221; button_border_color__hover=&#8221;#241e20&#8243; button_text_color__hover=&#8221;#241e20&#8243;][\/et_pb_button][\/et_pb_column][\/et_pb_row][et_pb_row _builder_version=&#8221;4.16&#8243; _module_preset=&#8221;50926c3d-dffb-4ed3-b324-8e9d9c2f5c2a&#8221; custom_padding=&#8221;20px||0px||false|false&#8221; saved_tabs=&#8221;all&#8221; global_colors_info=&#8221;{}&#8221;][et_pb_column type=&#8221;4_4&#8243; _builder_version=&#8221;4.16&#8243; _module_preset=&#8221;default&#8221; custom_padding=&#8221;0px|0px|0px|0px|false|false&#8221; global_colors_info=&#8221;{}&#8221;][et_pb_divider color=&#8221;#e5ddc8&#8243; _builder_version=&#8221;4.16&#8243; _module_preset=&#8221;default&#8221; module_alignment=&#8221;center&#8221; global_colors_info=&#8221;{}&#8221;][\/et_pb_divider][\/et_pb_column][\/et_pb_row][et_pb_row column_structure=&#8221;1_2,1_2&#8243; _builder_version=&#8221;4.16&#8243; _module_preset=&#8221;21dda975-802c-43fa-961b-c627216e8d03&#8243; width=&#8221;100%&#8221; custom_margin=&#8221;0px||0px||false|false&#8221; custom_padding=&#8221;0px|0px|0px|0px|false|true&#8221; global_colors_info=&#8221;{}&#8221;][et_pb_column type=&#8221;1_2&#8243; _builder_version=&#8221;4.16&#8243; _module_preset=&#8221;default&#8221; global_colors_info=&#8221;{}&#8221;][et_pb_image src=&#8221;https:\/\/mas-oms.com\/wp-content\/uploads\/2021\/03\/www.murmur.cat-WEB-50-scaled.jpg&#8221; alt=&#8221;hotel acollidor espanya&#8221; title_text=&#8221;www.murmur.cat WEB-50&#8243; admin_label=&#8221;Image&#8221; _builder_version=&#8221;4.16&#8243; _module_preset=&#8221;default&#8221; global_colors_info=&#8221;{}&#8221;][\/et_pb_image][\/et_pb_column][et_pb_column type=&#8221;1_2&#8243; _builder_version=&#8221;4.16&#8243; _module_preset=&#8221;default&#8221; global_colors_info=&#8221;{}&#8221;][et_pb_text _builder_version=&#8221;4.16&#8243; _module_preset=&#8221;default&#8221; link_font=&#8221;||||on||||&#8221; header_2_text_align=&#8221;center&#8221; header_2_text_color=&#8221;#241e20&#8243; header_2_line_height=&#8221;1.4em&#8221; header_3_text_color=&#8221;#241e20&#8243; header_3_line_height=&#8221;1.4em&#8221; global_colors_info=&#8221;{}&#8221;]<\/p>\n<h3 style=\"text-align: center\">Relaxa&#8217;t en una de les habitacions del nostre hotel ecol\u00f2gic situat a Espanya i aprofita aquesta tranquil\u00b7litat absoluta<\/h3>\n<p style=\"text-align: center\">Lluny del xivarri, el nostre acollidor hotel ofereix als nostres clients tot el confort necessari per poder descansar. Les habitacions estan decorades amb delicadesa per ajudar a relaxar la teva ment. Els llits &#8220;king size&#8221; garanteixen un descans reparador i ben merescut.<\/p>\n<p>[\/et_pb_text][et_pb_button button_url=&#8221;https:\/\/mas-oms.com\/ca\/chambres\/&#8221; button_text=&#8221;Descobreix les habitacions&#8221; button_alignment=&#8221;center&#8221; _builder_version=&#8221;4.16&#8243; _module_preset=&#8221;bf741747-9d39-44a3-908a-ec541a3419d4&#8243; custom_button=&#8221;on&#8221; button_text_color=&#8221;#241e20&#8243; button_border_color=&#8221;#241e20&#8243; locked=&#8221;off&#8221; global_colors_info=&#8221;{}&#8221; button_text_color__hover_enabled=&#8221;on|hover&#8221; button_bg_color__hover_enabled=&#8221;on|desktop&#8221; button_bg_color__hover=&#8221;&#8221; button_bg_enable_color__hover=&#8221;on&#8221; button_border_color__hover_enabled=&#8221;on|hover&#8221; button_border_color__hover=&#8221;#241e20&#8243; button_text_color__hover=&#8221;#241e20&#8243;][\/et_pb_button][\/et_pb_column][\/et_pb_row][et_pb_row _builder_version=&#8221;4.16&#8243; _module_preset=&#8221;50926c3d-dffb-4ed3-b324-8e9d9c2f5c2a&#8221; custom_padding=&#8221;20px||0px||false|false&#8221; global_colors_info=&#8221;{}&#8221;][et_pb_column type=&#8221;4_4&#8243; _builder_version=&#8221;4.16&#8243; _module_preset=&#8221;default&#8221; custom_padding=&#8221;0px|0px|0px|0px|false|false&#8221; global_colors_info=&#8221;{}&#8221;][et_pb_divider color=&#8221;#e5ddc8&#8243; _builder_version=&#8221;4.16&#8243; _module_preset=&#8221;default&#8221; module_alignment=&#8221;center&#8221; global_colors_info=&#8221;{}&#8221;][\/et_pb_divider][\/et_pb_column][\/et_pb_row][et_pb_row column_structure=&#8221;1_2,1_2&#8243; _builder_version=&#8221;4.16&#8243; _module_preset=&#8221;21dda975-802c-43fa-961b-c627216e8d03&#8243; width=&#8221;100%&#8221; custom_margin=&#8221;0px||0px||false|false&#8221; custom_padding=&#8221;0px|0px|0px|0px|false|true&#8221; global_colors_info=&#8221;{}&#8221;][et_pb_column type=&#8221;1_2&#8243; _builder_version=&#8221;4.16&#8243; _module_preset=&#8221;default&#8221; global_colors_info=&#8221;{}&#8221;][et_pb_image src=&#8221;https:\/\/mas-oms.com\/wp-content\/uploads\/2021\/03\/www.murmur.cat-WEB-11-scaled.jpg&#8221; alt=&#8221;hotel ecol\u00f2gic espanya&#8221; title_text=&#8221;www.murmur.cat WEB-11&#8243; admin_label=&#8221;Image&#8221; _builder_version=&#8221;4.16&#8243; _module_preset=&#8221;default&#8221; global_colors_info=&#8221;{}&#8221;][\/et_pb_image][\/et_pb_column][et_pb_column type=&#8221;1_2&#8243; _builder_version=&#8221;4.16&#8243; _module_preset=&#8221;default&#8221; global_colors_info=&#8221;{}&#8221;][et_pb_text _builder_version=&#8221;4.16&#8243; _module_preset=&#8221;default&#8221; link_font=&#8221;||||on||||&#8221; header_2_text_align=&#8221;center&#8221; header_2_text_color=&#8221;#241e20&#8243; header_2_line_height=&#8221;1.4em&#8221; header_3_text_color=&#8221;#241e20&#8243; header_3_line_height=&#8221;1.4em&#8221; global_colors_info=&#8221;{}&#8221;]<\/p>\n<h3 style=\"text-align: center\">Descobreix la nostra cuina ecol\u00f2gica i de qualitat elaborada amb productes collits al nostre hotel ecol\u00f2gic situat a Espanya<\/h3>\n<p style=\"text-align: center\"><strong>La cuina \u00e9s una passi\u00f3 que ens d\u00f3na vida<\/strong> des de ben petits. Al nostre acollidor hotel situat a Espanya, la riquesa que presenten tots els <strong>productes de proximitat<\/strong> ofereix una paleta de sabors que es pot combinar de mil maneres per satisfer les papil\u00b7les gustatives. A m\u00e9s a m\u00e9s, tamb\u00e9 oferim sucs de fruites i verdures fresques i <a href=\"https:\/\/mas-oms.com\/ca\/vins-naturals\/\">excel\u00b7lents vins naturals<\/a>. Per a nosaltres, la combinaci\u00f3 entre <strong>una alimentaci\u00f3 saludable i menjar per plaer<\/strong> \u00e9s un dels pilars per una vida equilibrada.<\/p>\n<p>[\/et_pb_text][et_pb_button button_url=&#8221;https:\/\/mas-oms.com\/ca\/cuina\/&#8221; button_text=&#8221;Descobreix la cuina del Mas Oms&#8221; button_alignment=&#8221;center&#8221; _builder_version=&#8221;4.16&#8243; _module_preset=&#8221;bf741747-9d39-44a3-908a-ec541a3419d4&#8243; custom_button=&#8221;on&#8221; button_text_color=&#8221;#241e20&#8243; button_border_color=&#8221;#241e20&#8243; locked=&#8221;off&#8221; global_colors_info=&#8221;{}&#8221; button_text_color__hover_enabled=&#8221;on|hover&#8221; button_bg_color__hover_enabled=&#8221;on|desktop&#8221; button_bg_color__hover=&#8221;&#8221; button_bg_enable_color__hover=&#8221;on&#8221; button_border_color__hover_enabled=&#8221;on|hover&#8221; button_border_color__hover=&#8221;#241e20&#8243; button_text_color__hover=&#8221;#241e20&#8243;][\/et_pb_button][\/et_pb_column][\/et_pb_row][et_pb_row _builder_version=&#8221;4.16&#8243; _module_preset=&#8221;50926c3d-dffb-4ed3-b324-8e9d9c2f5c2a&#8221; custom_padding=&#8221;20px||0px||false|false&#8221; global_colors_info=&#8221;{}&#8221;][et_pb_column type=&#8221;4_4&#8243; _builder_version=&#8221;4.16&#8243; _module_preset=&#8221;default&#8221; custom_padding=&#8221;0px|0px|0px|0px|false|false&#8221; global_colors_info=&#8221;{}&#8221;][et_pb_divider color=&#8221;#e5ddc8&#8243; _builder_version=&#8221;4.16&#8243; _module_preset=&#8221;default&#8221; module_alignment=&#8221;center&#8221; global_colors_info=&#8221;{}&#8221;][\/et_pb_divider][\/et_pb_column][\/et_pb_row][et_pb_row column_structure=&#8221;1_2,1_2&#8243; _builder_version=&#8221;4.16&#8243; _module_preset=&#8221;21dda975-802c-43fa-961b-c627216e8d03&#8243; width=&#8221;100%&#8221; custom_margin=&#8221;0px||0px||false|false&#8221; custom_padding=&#8221;0px|0px|0px|0px|false|true&#8221; global_colors_info=&#8221;{}&#8221;][et_pb_column type=&#8221;1_2&#8243; _builder_version=&#8221;4.16&#8243; _module_preset=&#8221;default&#8221; global_colors_info=&#8221;{}&#8221;][et_pb_image src=&#8221;https:\/\/mas-oms.com\/wp-content\/uploads\/2021\/03\/www.murmur.cat-WEB-23-scaled.jpg&#8221; alt=&#8221;hotel boutique costa brava&#8221; title_text=&#8221;www.murmur.cat WEB-23&#8243; admin_label=&#8221;Image&#8221; _builder_version=&#8221;4.16&#8243; _module_preset=&#8221;default&#8221; global_colors_info=&#8221;{}&#8221;][\/et_pb_image][\/et_pb_column][et_pb_column type=&#8221;1_2&#8243; _builder_version=&#8221;4.16&#8243; _module_preset=&#8221;default&#8221; global_colors_info=&#8221;{}&#8221;][et_pb_text _builder_version=&#8221;4.16&#8243; _module_preset=&#8221;default&#8221; link_font=&#8221;||||on||||&#8221; header_2_text_align=&#8221;center&#8221; header_2_text_color=&#8221;#241e20&#8243; header_2_line_height=&#8221;1.4em&#8221; header_3_text_color=&#8221;#241e20&#8243; header_3_line_height=&#8221;1.4em&#8221; global_colors_info=&#8221;{}&#8221;]<\/p>\n<h3 style=\"text-align: center\">Al Mas Oms, hem reinventat la &#8220;Slow Life&#8221; en una combinaci\u00f3 de descans en plena natura, senderisme i ganduleria al costat de la piscina<\/h3>\n<p style=\"text-align: center\">Busques un hotel acollidor situat a Espanya? Fes una escapada al nostre hotel situat a prop de la Costa Brava i aprofita per explorar totes les possibilitats que ofereix aquesta regi\u00f3. <strong>Desconnecta de tot<\/strong> i aprofita les diferents <a href=\"https:\/\/mas-oms.com\/ca\/arees-de-descans\/\"><strong>\u00e0rees de descans<\/strong><strong> i benestar<\/strong><\/a> que trobar\u00e0s repartides pel Mas Oms. Aprofita per passejar pels voltants del Mas, per jugar a la petanca o per relaxar-te <a href=\"https:\/\/mas-oms.com\/ca\/piscina\/\">al costat de la piscina<\/a> abans de descobrir el ventall <a href=\"https:\/\/mas-oms.com\/ca\/tallers\/\">d&#8217;activitats per al teu benestar<\/a> que oferim cada dia.<\/p>\n<p>[\/et_pb_text][et_pb_button button_url=&#8221;\/cat\/descans\/&#8221; button_text=&#8221;Descobreix la %22Slow Life%22&#8243; button_alignment=&#8221;center&#8221; _builder_version=&#8221;4.16&#8243; _module_preset=&#8221;bf741747-9d39-44a3-908a-ec541a3419d4&#8243; custom_button=&#8221;on&#8221; button_text_color=&#8221;#241e20&#8243; button_border_color=&#8221;#241e20&#8243; locked=&#8221;off&#8221; global_colors_info=&#8221;{}&#8221; button_text_color__hover_enabled=&#8221;on|hover&#8221; button_bg_color__hover_enabled=&#8221;on|desktop&#8221; button_bg_color__hover=&#8221;&#8221; button_bg_enable_color__hover=&#8221;on&#8221; button_border_color__hover_enabled=&#8221;on|hover&#8221; button_border_color__hover=&#8221;#241e20&#8243; button_text_color__hover=&#8221;#241e20&#8243;][\/et_pb_button][\/et_pb_column][\/et_pb_row][\/et_pb_section]<\/p>\n","protected":false},"excerpt":{"rendered":"<p>El Mas Oms, un petit hotel situat a l&#8217;interior de la Costa Brava Busques un hotel petit a prop de la Costa Brava? El Mas Oms et d\u00f3na la benvinguda dins d&#8217;un marc elegant i ecol\u00f2gic enmig de la natura, on podr\u00e0s gaudir en tota tranquil\u00b7litat Un hotel acollidor situat a Espanya \u00a0 El Mas [&hellip;]<\/p>\n","protected":false},"author":1,"featured_media":6031,"parent":0,"menu_order":0,"comment_status":"closed","ping_status":"closed","template":"","meta":{"_acf_changed":false,"_et_pb_use_builder":"on","_et_pb_old_content":"","_et_gb_content_width":"","_monsterinsights_skip_tracking":false,"_monsterinsights_sitenote_active":false,"_monsterinsights_sitenote_note":"","_monsterinsights_sitenote_category":0,"footnotes":""},"class_list":["post-9982","page","type-page","status-publish","has-post-thumbnail","hentry"],"acf":[],"yoast_head":"<!-- This site is optimized with the Yoast SEO plugin v27.0 - https:\/\/yoast.com\/product\/yoast-seo-wordpress\/ -->\n<title>Petit hotel Costa Brava - MAS OMS - SITE OFFICIEL<\/title>\n<meta name=\"description\" content=\"Busques un hotel acollidor a prop de la Costa Brava? El Mas Oms et d\u00f3na la benvinguda dins d&#039;un marc elegant i ecol\u00f2gic enmig de la natura, on podr\u00e0s gaudir en tota tranquil\u00b7litat\" \/>\n<meta name=\"robots\" content=\"index, follow, max-snippet:-1, max-image-preview:large, max-video-preview:-1\" \/>\n<link rel=\"canonical\" href=\"https:\/\/mas-oms.com\/fr\/ca\/\" \/>\n<meta property=\"og:locale\" content=\"ca_ES\" \/>\n<meta property=\"og:type\" content=\"article\" \/>\n<meta property=\"og:title\" content=\"Petit hotel Costa Brava - MAS OMS - SITE OFFICIEL\" \/>\n<meta property=\"og:description\" content=\"Busques un hotel acollidor a prop de la Costa Brava? El Mas Oms et d\u00f3na la benvinguda dins d&#039;un marc elegant i ecol\u00f2gic enmig de la natura, on podr\u00e0s gaudir en tota tranquil\u00b7litat\" \/>\n<meta property=\"og:url\" content=\"https:\/\/mas-oms.com\/fr\/ca\/\" \/>\n<meta property=\"og:site_name\" content=\"MAS OMS\" \/>\n<meta property=\"article:modified_time\" content=\"2026-01-29T13:50:37+00:00\" \/>\n<meta property=\"og:image\" content=\"https:\/\/mas-oms.com\/wp-content\/uploads\/2020\/12\/logo-carre.jpg\" \/>\n\t<meta property=\"og:image:width\" content=\"800\" \/>\n\t<meta property=\"og:image:height\" content=\"800\" \/>\n\t<meta property=\"og:image:type\" content=\"image\/jpeg\" \/>\n<meta name=\"twitter:card\" content=\"summary_large_image\" \/>\n<meta name=\"twitter:label1\" content=\"Temps estimat de lectura\" \/>\n\t<meta name=\"twitter:data1\" content=\"10 minuts\" \/>\n<script type=\"application\/ld+json\" class=\"yoast-schema-graph\">{\"@context\":\"https:\/\/schema.org\",\"@graph\":[{\"@type\":\"WebPage\",\"@id\":\"https:\/\/mas-oms.com\/fr\/ca\/\",\"url\":\"https:\/\/mas-oms.com\/fr\/ca\/\",\"name\":\"Petit hotel Costa Brava - MAS OMS - SITE OFFICIEL\",\"isPartOf\":{\"@id\":\"https:\/\/mas-oms.com\/fr\/ca\/#website\"},\"primaryImageOfPage\":{\"@id\":\"https:\/\/mas-oms.com\/fr\/ca\/#primaryimage\"},\"image\":{\"@id\":\"https:\/\/mas-oms.com\/fr\/ca\/#primaryimage\"},\"thumbnailUrl\":\"https:\/\/mas-oms.com\/wp-content\/uploads\/2020\/12\/logo-carre.jpg\",\"datePublished\":\"2016-02-13T08:43:20+00:00\",\"dateModified\":\"2026-01-29T13:50:37+00:00\",\"description\":\"Busques un hotel acollidor a prop de la Costa Brava? El Mas Oms et d\u00f3na la benvinguda dins d'un marc elegant i ecol\u00f2gic enmig de la natura, on podr\u00e0s gaudir en tota tranquil\u00b7litat\",\"breadcrumb\":{\"@id\":\"https:\/\/mas-oms.com\/fr\/ca\/#breadcrumb\"},\"inLanguage\":\"ca\",\"potentialAction\":[{\"@type\":\"ReadAction\",\"target\":[\"https:\/\/mas-oms.com\/fr\/ca\/\"]}]},{\"@type\":\"ImageObject\",\"inLanguage\":\"ca\",\"@id\":\"https:\/\/mas-oms.com\/fr\/ca\/#primaryimage\",\"url\":\"https:\/\/mas-oms.com\/wp-content\/uploads\/2020\/12\/logo-carre.jpg\",\"contentUrl\":\"https:\/\/mas-oms.com\/wp-content\/uploads\/2020\/12\/logo-carre.jpg\",\"width\":800,\"height\":800,\"caption\":\"El Mas Oms\"},{\"@type\":\"BreadcrumbList\",\"@id\":\"https:\/\/mas-oms.com\/fr\/ca\/#breadcrumb\",\"itemListElement\":[{\"@type\":\"ListItem\",\"position\":1,\"name\":\"Accueil\",\"item\":\"https:\/\/mas-oms.com\/fr\/ca\/\"},{\"@type\":\"ListItem\",\"position\":2,\"name\":\"Inici\"}]},{\"@type\":\"WebSite\",\"@id\":\"https:\/\/mas-oms.com\/fr\/ca\/#website\",\"url\":\"https:\/\/mas-oms.com\/fr\/ca\/\",\"name\":\"MAS OMS\",\"description\":\"\",\"potentialAction\":[{\"@type\":\"SearchAction\",\"target\":{\"@type\":\"EntryPoint\",\"urlTemplate\":\"https:\/\/mas-oms.com\/fr\/ca\/?s={search_term_string}\"},\"query-input\":{\"@type\":\"PropertyValueSpecification\",\"valueRequired\":true,\"valueName\":\"search_term_string\"}}],\"inLanguage\":\"ca\"}]}<\/script>\n<!-- \/ Yoast SEO plugin. -->","yoast_head_json":{"title":"Petit hotel Costa Brava - MAS OMS - SITE OFFICIEL","description":"Busques un hotel acollidor a prop de la Costa Brava? El Mas Oms et d\u00f3na la benvinguda dins d'un marc elegant i ecol\u00f2gic enmig de la natura, on podr\u00e0s gaudir en tota tranquil\u00b7litat","robots":{"index":"index","follow":"follow","max-snippet":"max-snippet:-1","max-image-preview":"max-image-preview:large","max-video-preview":"max-video-preview:-1"},"canonical":"https:\/\/mas-oms.com\/fr\/ca\/","og_locale":"ca_ES","og_type":"article","og_title":"Petit hotel Costa Brava - MAS OMS - SITE OFFICIEL","og_description":"Busques un hotel acollidor a prop de la Costa Brava? El Mas Oms et d\u00f3na la benvinguda dins d'un marc elegant i ecol\u00f2gic enmig de la natura, on podr\u00e0s gaudir en tota tranquil\u00b7litat","og_url":"https:\/\/mas-oms.com\/fr\/ca\/","og_site_name":"MAS OMS","article_modified_time":"2026-01-29T13:50:37+00:00","og_image":[{"width":800,"height":800,"url":"https:\/\/mas-oms.com\/wp-content\/uploads\/2020\/12\/logo-carre.jpg","type":"image\/jpeg"}],"twitter_card":"summary_large_image","twitter_misc":{"Temps estimat de lectura":"10 minuts"},"schema":{"@context":"https:\/\/schema.org","@graph":[{"@type":"WebPage","@id":"https:\/\/mas-oms.com\/fr\/ca\/","url":"https:\/\/mas-oms.com\/fr\/ca\/","name":"Petit hotel Costa Brava - MAS OMS - SITE OFFICIEL","isPartOf":{"@id":"https:\/\/mas-oms.com\/fr\/ca\/#website"},"primaryImageOfPage":{"@id":"https:\/\/mas-oms.com\/fr\/ca\/#primaryimage"},"image":{"@id":"https:\/\/mas-oms.com\/fr\/ca\/#primaryimage"},"thumbnailUrl":"https:\/\/mas-oms.com\/wp-content\/uploads\/2020\/12\/logo-carre.jpg","datePublished":"2016-02-13T08:43:20+00:00","dateModified":"2026-01-29T13:50:37+00:00","description":"Busques un hotel acollidor a prop de la Costa Brava? El Mas Oms et d\u00f3na la benvinguda dins d'un marc elegant i ecol\u00f2gic enmig de la natura, on podr\u00e0s gaudir en tota tranquil\u00b7litat","breadcrumb":{"@id":"https:\/\/mas-oms.com\/fr\/ca\/#breadcrumb"},"inLanguage":"ca","potentialAction":[{"@type":"ReadAction","target":["https:\/\/mas-oms.com\/fr\/ca\/"]}]},{"@type":"ImageObject","inLanguage":"ca","@id":"https:\/\/mas-oms.com\/fr\/ca\/#primaryimage","url":"https:\/\/mas-oms.com\/wp-content\/uploads\/2020\/12\/logo-carre.jpg","contentUrl":"https:\/\/mas-oms.com\/wp-content\/uploads\/2020\/12\/logo-carre.jpg","width":800,"height":800,"caption":"El Mas Oms"},{"@type":"BreadcrumbList","@id":"https:\/\/mas-oms.com\/fr\/ca\/#breadcrumb","itemListElement":[{"@type":"ListItem","position":1,"name":"Accueil","item":"https:\/\/mas-oms.com\/fr\/ca\/"},{"@type":"ListItem","position":2,"name":"Inici"}]},{"@type":"WebSite","@id":"https:\/\/mas-oms.com\/fr\/ca\/#website","url":"https:\/\/mas-oms.com\/fr\/ca\/","name":"MAS OMS","description":"","potentialAction":[{"@type":"SearchAction","target":{"@type":"EntryPoint","urlTemplate":"https:\/\/mas-oms.com\/fr\/ca\/?s={search_term_string}"},"query-input":{"@type":"PropertyValueSpecification","valueRequired":true,"valueName":"search_term_string"}}],"inLanguage":"ca"}]}},"_links":{"self":[{"href":"https:\/\/mas-oms.com\/fr\/ca\/wp-json\/wp\/v2\/pages\/9982","targetHints":{"allow":["GET"]}}],"collection":[{"href":"https:\/\/mas-oms.com\/fr\/ca\/wp-json\/wp\/v2\/pages"}],"about":[{"href":"https:\/\/mas-oms.com\/fr\/ca\/wp-json\/wp\/v2\/types\/page"}],"author":[{"embeddable":true,"href":"https:\/\/mas-oms.com\/fr\/ca\/wp-json\/wp\/v2\/users\/1"}],"replies":[{"embeddable":true,"href":"https:\/\/mas-oms.com\/fr\/ca\/wp-json\/wp\/v2\/comments?post=9982"}],"version-history":[{"count":31,"href":"https:\/\/mas-oms.com\/fr\/ca\/wp-json\/wp\/v2\/pages\/9982\/revisions"}],"predecessor-version":[{"id":19724,"href":"https:\/\/mas-oms.com\/fr\/ca\/wp-json\/wp\/v2\/pages\/9982\/revisions\/19724"}],"wp:featuredmedia":[{"embeddable":true,"href":"https:\/\/mas-oms.com\/fr\/ca\/wp-json\/wp\/v2\/media\/6031"}],"wp:attachment":[{"href":"https:\/\/mas-oms.com\/fr\/ca\/wp-json\/wp\/v2\/media?parent=9982"}],"curies":[{"name":"wp","href":"https:\/\/api.w.org\/{rel}","templated":true}]}}