{"id":9993,"date":"2021-03-08T17:12:27","date_gmt":"2021-03-08T16:12:27","guid":{"rendered":"https:\/\/www.mas-oms.com\/avis-legal\/"},"modified":"2021-03-08T17:16:23","modified_gmt":"2021-03-08T16:16:23","slug":"avis-legal","status":"publish","type":"page","link":"https:\/\/mas-oms.com\/fr\/ca\/avis-legal\/","title":{"rendered":"Av\u00eds legal"},"content":{"rendered":"<p>[et_pb_section fb_built=&#8221;1&#8243; custom_padding_last_edited=&#8221;on|desktop&#8221; admin_label=&#8221;section&#8221; _builder_version=&#8221;3.22&#8243; background_color=&#8221;#ffffff&#8221; parallax=&#8221;on&#8221; parallax_method=&#8221;off&#8221; custom_padding=&#8221;0px||0px|&#8221; custom_padding_tablet=&#8221;50px|0|50px|0&#8243; custom_padding_phone=&#8221;&#8221; transparent_background=&#8221;off&#8221; padding_mobile=&#8221;off&#8221; make_fullwidth=&#8221;off&#8221; use_custom_width=&#8221;off&#8221; width_unit=&#8221;on&#8221; global_module=&#8221;544&#8243; locked=&#8221;off&#8221;][et_pb_row admin_label=&#8221;row&#8221; _builder_version=&#8221;3.25&#8243; background_size=&#8221;initial&#8221; background_position=&#8221;top_left&#8221; background_repeat=&#8221;repeat&#8221; width=&#8221;90%&#8221; max_width=&#8221;1200px&#8221;][et_pb_column type=&#8221;4_4&#8243; _builder_version=&#8221;3.0.47&#8243; custom_padding=&#8221;|||&#8221; custom_padding__hover=&#8221;|||&#8221;][et_pb_post_title meta=&#8221;off&#8221; featured_image=&#8221;off&#8221; _builder_version=&#8221;3.11.1&#8243; title_font_size=&#8221;35px&#8221; title_line_height=&#8221;1.7em&#8221; background_color=&#8221;rgba(255,255,255,0)&#8221; parallax=&#8221;on&#8221; parallax_method=&#8221;off&#8221; title_font_size_tablet=&#8221;50px&#8221; title_font_size_phone=&#8221;20px&#8221; title_font_size_last_edited=&#8221;off|phone&#8221; use_border_color=&#8221;off&#8221;][\/et_pb_post_title][\/et_pb_column][\/et_pb_row][\/et_pb_section][et_pb_section fb_built=&#8221;1&#8243; admin_label=&#8221;section&#8221; _builder_version=&#8221;3.22.3&#8243;][et_pb_row admin_label=&#8221;row&#8221; _builder_version=&#8221;3.25&#8243; background_size=&#8221;initial&#8221; background_position=&#8221;top_left&#8221; background_repeat=&#8221;repeat&#8221;][et_pb_column type=&#8221;4_4&#8243; _builder_version=&#8221;3.25&#8243; custom_padding=&#8221;|||&#8221; custom_padding__hover=&#8221;|||&#8221;][et_pb_text admin_label=&#8221;Text&#8221; _builder_version=&#8221;4.7.4&#8243; background_size=&#8221;initial&#8221; background_position=&#8221;top_left&#8221; background_repeat=&#8221;repeat&#8221; hover_enabled=&#8221;0&#8243; use_border_color=&#8221;off&#8221; sticky_enabled=&#8221;0&#8243;]<\/p>\n<p><strong>OBJET<\/strong><br \/>Le pr\u00e9sent avis l\u00e9gal r\u00e8glemente l&#8217;utilisation des sites web <a href=\"http:\/\/www.casacacaogirona.com\">www.mas-oms.com<\/a> et <a href=\"http:\/\/www.masoms.com\">www.masoms.com<\/a> dont Julien EVRARD est titulaire \u00a0(ci-apr\u00e8s, LE PROPRI\u00c9TAIRE DU SITE WEB).<\/p>\n<p>La navigation sur le site web du PROPRI\u00c9TAIRE DU SITE WEB vous attribue la condition d&#8217;UTILISATEUR de celui-ci et implique l\u2019acceptation pleine et enti\u00e8re de chacune des conditions publi\u00e9es dans cet avis l\u00e9gal, tout en sachant que ces conditions peuvent \u00eatre modifi\u00e9es sans notification pr\u00e9alable par le PROPRI\u00c9TAIRE DU SITE WEB.<\/p>\n<p><strong>IDENTIFICATION<\/strong><\/p>\n<p>LE PROPRI\u00c9TAIRE DU SITE WEB, conform\u00e9ment \u00e0 la loi 34\/2002, du 11 juillet, relative aux services de la soci\u00e9t\u00e9 de l\u2019information et du commerce \u00e9lectronique, vous informe que :<\/p>\n<ul>\n<li>Son num\u00e9ro de TVA est : Y8201524Z<\/li>\n<li>Son si\u00e8ge social est : GIV6641 km 10,5 17242 Montenegre (Quart)<\/li>\n<li>Ses coordonn\u00e9es de contact\u00a0: +34 634.732.697\u00a0et <a href=\"mailto:julien@mas-oms.com\">julien@mas-oms.com<\/a><\/li>\n<\/ul>\n<p><strong>CONDITIONS D\u2019ACC\u00c8S ET D\u2019UTILISATION<\/strong><\/p>\n<p>Le site Web et ses services sont gratuits et en libre acc\u00e8s. Cependant, le PROPRI\u00c9TAIRE DU SITE WEB conditionne l\u2019utilisation de certains des services propos\u00e9s sur son site \u00e0 l\u2019ach\u00e8vement pr\u00e9alable du formulaire correspondant.<\/p>\n<p>Tous les contenus du site web, tel que textes, photographies, graphiques, images, ic\u00f4nes, technologie, logiciels ainsi que son graphisme et ses codes sources constituent une \u0153uvre dont la propri\u00e9t\u00e9 appartient au PROPRI\u00c9TAIRE DU SITE WEB, sans qu\u2019aucun des droits d\u2019exploitation sur ceux-ci, au-del\u00e0 de ce qui est strictement n\u00e9cessaire pour l\u2019utilisation correcte du site web, ne puisse \u00eatre interpr\u00e9t\u00e9 comme \u00e9tant transf\u00e9r\u00e9 \u00e0 l\u2019utilisateur.<\/p>\n<p>La distribution, la modification, la cession ou la communication publique des contenus et tout autre acte qui n\u2019a pas \u00e9t\u00e9 express\u00e9ment autoris\u00e9 par le propri\u00e9taire des droits d\u2019exploitation sont interdits.<\/p>\n<p>L\u2019\u00e9tablissement d\u2019un lien hypertexte n\u2019implique en aucun cas l\u2019existence de relations entre le PROPRI\u00c9TAIRE DU SITE WEB et le propri\u00e9taire du site web sur lequel il est \u00e9tablit, ni l\u2019acceptation et l\u2019approbation par le PROPRI\u00c9TAIRE DU SITE WEB de ses contenus ou services.<\/p>\n<p><strong>L\u00c9GISLATION APPLICABLE<\/strong><br \/>Les pr\u00e9sentes conditions seront r\u00e9gies par la l\u00e9gislation espagnole en vigueur.<\/p>\n<p>&nbsp;<\/p>\n<p>&nbsp;<\/p>\n<div class=\"region region-content\">\n<div id=\"block-system-main\" class=\"block block-system block-even\">\n<div class=\"content\">\n<article id=\"node-88\" class=\"node node-page node-odd published with-comments node-full clearfix\">\n<div class=\"content\">\n<div class=\"field field-name-body field-type-text-with-summary field-label-hidden\">\n<div class=\"field-items\">\u00a0<\/div>\n<\/div>\n<\/div>\n<\/article>\n<\/div>\n<\/div>\n<\/div>\n<p>[\/et_pb_text][\/et_pb_column][\/et_pb_row][\/et_pb_section]<\/p>\n","protected":false},"excerpt":{"rendered":"<p>OBJETLe pr\u00e9sent avis l\u00e9gal r\u00e8glemente l&#8217;utilisation des sites web www.mas-oms.com et www.masoms.com dont Julien EVRARD est titulaire \u00a0(ci-apr\u00e8s, LE PROPRI\u00c9TAIRE DU SITE WEB). La navigation sur le site web du PROPRI\u00c9TAIRE DU SITE WEB vous attribue la condition d&#8217;UTILISATEUR de celui-ci et implique l\u2019acceptation pleine et enti\u00e8re de chacune des conditions publi\u00e9es dans cet avis [&hellip;]<\/p>\n","protected":false},"author":1,"featured_media":0,"parent":0,"menu_order":0,"comment_status":"closed","ping_status":"closed","template":"","meta":{"_acf_changed":false,"_et_pb_use_builder":"on","_et_pb_old_content":"","_et_gb_content_width":"","_monsterinsights_skip_tracking":false,"_monsterinsights_sitenote_active":false,"_monsterinsights_sitenote_note":"","_monsterinsights_sitenote_category":0,"footnotes":""},"class_list":["post-9993","page","type-page","status-publish","hentry"],"acf":[],"yoast_head":"<!-- This site is optimized with the Yoast SEO plugin v27.0 - https:\/\/yoast.com\/product\/yoast-seo-wordpress\/ -->\n<title>Av\u00eds legal - MAS OMS<\/title>\n<meta name=\"robots\" content=\"index, follow, max-snippet:-1, max-image-preview:large, max-video-preview:-1\" \/>\n<link rel=\"canonical\" href=\"https:\/\/mas-oms.com\/fr\/ca\/avis-legal\/\" \/>\n<meta property=\"og:locale\" content=\"ca_ES\" \/>\n<meta property=\"og:type\" content=\"article\" \/>\n<meta property=\"og:title\" content=\"Av\u00eds legal - MAS OMS\" \/>\n<meta property=\"og:url\" content=\"https:\/\/mas-oms.com\/fr\/ca\/avis-legal\/\" \/>\n<meta property=\"og:site_name\" content=\"MAS OMS\" \/>\n<meta property=\"article:modified_time\" content=\"2021-03-08T16:16:23+00:00\" \/>\n<meta name=\"twitter:card\" content=\"summary_large_image\" \/>\n<meta name=\"twitter:label1\" content=\"Temps estimat de lectura\" \/>\n\t<meta name=\"twitter:data1\" content=\"3 minuts\" \/>\n<script type=\"application\/ld+json\" class=\"yoast-schema-graph\">{\"@context\":\"https:\/\/schema.org\",\"@graph\":[{\"@type\":\"WebPage\",\"@id\":\"https:\/\/mas-oms.com\/fr\/ca\/avis-legal\/\",\"url\":\"https:\/\/mas-oms.com\/fr\/ca\/avis-legal\/\",\"name\":\"Av\u00eds legal - MAS OMS\",\"isPartOf\":{\"@id\":\"https:\/\/mas-oms.com\/fr\/ca\/#website\"},\"datePublished\":\"2021-03-08T16:12:27+00:00\",\"dateModified\":\"2021-03-08T16:16:23+00:00\",\"breadcrumb\":{\"@id\":\"https:\/\/mas-oms.com\/fr\/ca\/avis-legal\/#breadcrumb\"},\"inLanguage\":\"ca\",\"potentialAction\":[{\"@type\":\"ReadAction\",\"target\":[\"https:\/\/mas-oms.com\/fr\/ca\/avis-legal\/\"]}]},{\"@type\":\"BreadcrumbList\",\"@id\":\"https:\/\/mas-oms.com\/fr\/ca\/avis-legal\/#breadcrumb\",\"itemListElement\":[{\"@type\":\"ListItem\",\"position\":1,\"name\":\"Accueil\",\"item\":\"https:\/\/mas-oms.com\/fr\/ca\/\"},{\"@type\":\"ListItem\",\"position\":2,\"name\":\"Av\u00eds legal\"}]},{\"@type\":\"WebSite\",\"@id\":\"https:\/\/mas-oms.com\/fr\/ca\/#website\",\"url\":\"https:\/\/mas-oms.com\/fr\/ca\/\",\"name\":\"MAS OMS\",\"description\":\"\",\"potentialAction\":[{\"@type\":\"SearchAction\",\"target\":{\"@type\":\"EntryPoint\",\"urlTemplate\":\"https:\/\/mas-oms.com\/fr\/ca\/?s={search_term_string}\"},\"query-input\":{\"@type\":\"PropertyValueSpecification\",\"valueRequired\":true,\"valueName\":\"search_term_string\"}}],\"inLanguage\":\"ca\"}]}<\/script>\n<!-- \/ Yoast SEO plugin. -->","yoast_head_json":{"title":"Av\u00eds legal - MAS OMS","robots":{"index":"index","follow":"follow","max-snippet":"max-snippet:-1","max-image-preview":"max-image-preview:large","max-video-preview":"max-video-preview:-1"},"canonical":"https:\/\/mas-oms.com\/fr\/ca\/avis-legal\/","og_locale":"ca_ES","og_type":"article","og_title":"Av\u00eds legal - MAS OMS","og_url":"https:\/\/mas-oms.com\/fr\/ca\/avis-legal\/","og_site_name":"MAS OMS","article_modified_time":"2021-03-08T16:16:23+00:00","twitter_card":"summary_large_image","twitter_misc":{"Temps estimat de lectura":"3 minuts"},"schema":{"@context":"https:\/\/schema.org","@graph":[{"@type":"WebPage","@id":"https:\/\/mas-oms.com\/fr\/ca\/avis-legal\/","url":"https:\/\/mas-oms.com\/fr\/ca\/avis-legal\/","name":"Av\u00eds legal - MAS OMS","isPartOf":{"@id":"https:\/\/mas-oms.com\/fr\/ca\/#website"},"datePublished":"2021-03-08T16:12:27+00:00","dateModified":"2021-03-08T16:16:23+00:00","breadcrumb":{"@id":"https:\/\/mas-oms.com\/fr\/ca\/avis-legal\/#breadcrumb"},"inLanguage":"ca","potentialAction":[{"@type":"ReadAction","target":["https:\/\/mas-oms.com\/fr\/ca\/avis-legal\/"]}]},{"@type":"BreadcrumbList","@id":"https:\/\/mas-oms.com\/fr\/ca\/avis-legal\/#breadcrumb","itemListElement":[{"@type":"ListItem","position":1,"name":"Accueil","item":"https:\/\/mas-oms.com\/fr\/ca\/"},{"@type":"ListItem","position":2,"name":"Av\u00eds legal"}]},{"@type":"WebSite","@id":"https:\/\/mas-oms.com\/fr\/ca\/#website","url":"https:\/\/mas-oms.com\/fr\/ca\/","name":"MAS OMS","description":"","potentialAction":[{"@type":"SearchAction","target":{"@type":"EntryPoint","urlTemplate":"https:\/\/mas-oms.com\/fr\/ca\/?s={search_term_string}"},"query-input":{"@type":"PropertyValueSpecification","valueRequired":true,"valueName":"search_term_string"}}],"inLanguage":"ca"}]}},"_links":{"self":[{"href":"https:\/\/mas-oms.com\/fr\/ca\/wp-json\/wp\/v2\/pages\/9993","targetHints":{"allow":["GET"]}}],"collection":[{"href":"https:\/\/mas-oms.com\/fr\/ca\/wp-json\/wp\/v2\/pages"}],"about":[{"href":"https:\/\/mas-oms.com\/fr\/ca\/wp-json\/wp\/v2\/types\/page"}],"author":[{"embeddable":true,"href":"https:\/\/mas-oms.com\/fr\/ca\/wp-json\/wp\/v2\/users\/1"}],"replies":[{"embeddable":true,"href":"https:\/\/mas-oms.com\/fr\/ca\/wp-json\/wp\/v2\/comments?post=9993"}],"version-history":[{"count":1,"href":"https:\/\/mas-oms.com\/fr\/ca\/wp-json\/wp\/v2\/pages\/9993\/revisions"}],"predecessor-version":[{"id":9996,"href":"https:\/\/mas-oms.com\/fr\/ca\/wp-json\/wp\/v2\/pages\/9993\/revisions\/9996"}],"wp:attachment":[{"href":"https:\/\/mas-oms.com\/fr\/ca\/wp-json\/wp\/v2\/media?parent=9993"}],"curies":[{"name":"wp","href":"https:\/\/api.w.org\/{rel}","templated":true}]}}