{"id":9997,"date":"2021-03-08T17:12:28","date_gmt":"2021-03-08T16:12:28","guid":{"rendered":"https:\/\/www.mas-oms.com\/politica-de-privacitat\/"},"modified":"2021-03-08T17:16:23","modified_gmt":"2021-03-08T16:16:23","slug":"politica-de-privacitat","status":"publish","type":"page","link":"https:\/\/mas-oms.com\/fr\/ca\/politica-de-privacitat\/","title":{"rendered":"Pol\u00edtica de privacitat"},"content":{"rendered":"<p>[et_pb_section fb_built=&#8221;1&#8243; custom_padding_last_edited=&#8221;on|desktop&#8221; admin_label=&#8221;section&#8221; _builder_version=&#8221;3.22&#8243; background_color=&#8221;#ffffff&#8221; parallax=&#8221;on&#8221; parallax_method=&#8221;off&#8221; custom_padding=&#8221;0px||0px|&#8221; custom_padding_tablet=&#8221;50px|0|50px|0&#8243; custom_padding_phone=&#8221;&#8221; transparent_background=&#8221;off&#8221; padding_mobile=&#8221;off&#8221; make_fullwidth=&#8221;off&#8221; use_custom_width=&#8221;off&#8221; width_unit=&#8221;on&#8221; global_module=&#8221;544&#8243; locked=&#8221;off&#8221;][et_pb_row admin_label=&#8221;row&#8221; _builder_version=&#8221;3.25&#8243; background_size=&#8221;initial&#8221; background_position=&#8221;top_left&#8221; background_repeat=&#8221;repeat&#8221; width=&#8221;90%&#8221; max_width=&#8221;1200px&#8221;][et_pb_column type=&#8221;4_4&#8243; _builder_version=&#8221;3.0.47&#8243; custom_padding=&#8221;|||&#8221; custom_padding__hover=&#8221;|||&#8221;][et_pb_post_title meta=&#8221;off&#8221; featured_image=&#8221;off&#8221; _builder_version=&#8221;3.11.1&#8243; title_font_size=&#8221;35px&#8221; title_line_height=&#8221;1.7em&#8221; background_color=&#8221;rgba(255,255,255,0)&#8221; parallax=&#8221;on&#8221; parallax_method=&#8221;off&#8221; title_font_size_tablet=&#8221;50px&#8221; title_font_size_phone=&#8221;20px&#8221; title_font_size_last_edited=&#8221;off|phone&#8221; use_border_color=&#8221;off&#8221;][\/et_pb_post_title][\/et_pb_column][\/et_pb_row][\/et_pb_section][et_pb_section fb_built=&#8221;1&#8243; admin_label=&#8221;section&#8221; _builder_version=&#8221;3.22.3&#8243;][et_pb_row admin_label=&#8221;row&#8221; _builder_version=&#8221;3.25&#8243; background_size=&#8221;initial&#8221; background_position=&#8221;top_left&#8221; background_repeat=&#8221;repeat&#8221;][et_pb_column type=&#8221;4_4&#8243; _builder_version=&#8221;3.25&#8243; custom_padding=&#8221;|||&#8221; custom_padding__hover=&#8221;|||&#8221;][et_pb_text admin_label=&#8221;Text&#8221; _builder_version=&#8221;4.7.4&#8243; background_size=&#8221;initial&#8221; background_position=&#8221;top_left&#8221; background_repeat=&#8221;repeat&#8221; hover_enabled=&#8221;0&#8243; use_border_color=&#8221;off&#8221; border_color=&#8221;#ffffff&#8221; border_style=&#8221;solid&#8221; sticky_enabled=&#8221;0&#8243;]<\/p>\n<h2>Introduction<\/h2>\n<p>Dans le cadre de l\u2019utilisation des services accessibles sur son site internet, \u00ab\u00a0notre \u00e9tablissement\u00a0\u00bb repr\u00e9sent\u00e9 par Julien EVRARD \u2013 NIE Y8201524Z est susceptible de collecter et traiter des donn\u00e9es \u00e0 caract\u00e8re personnel vous concernant.<\/p>\n<p>Notre \u00e9tablissement est attach\u00e9 au respect des r\u00e8gles de protection de la vie priv\u00e9e des visiteurs de notre site: <a href=\"http:\/\/www.masoms.com\">www.masoms.com<\/a> ou <a href=\"https:\/\/mas-oms.com\">www.mas-oms.com<\/a>. L\u2019ensemble des traitements de donn\u00e9es personnelles mis en \u0153uvre dans le cadre des services accessibles respecte les dispositions du R\u00e8glement Europ\u00e9en g\u00e9n\u00e9ral 2016\/679 relatif \u00e0 la protection des donn\u00e9es \u00e0 caract\u00e8re personnel (\u00abRGPD\u00bb).<\/p>\n<h2>1 \u2013 Quels sont nos engagements en mati\u00e8re de protection des donn\u00e9es personnelles ?<\/h2>\n<p>Notre \u00e9tablissement s\u2019engage \u00e0 prot\u00e9ger les donn\u00e9es personnelles des utilisateurs de son site <a href=\"http:\/\/www.masoms.com\">www.masoms.com<\/a> et <a href=\"https:\/\/mas-oms.com\">www.mas-oms.com<\/a>.<\/p>\n<p>Notre \u00e9tablissement s\u2019engage \u00e0 respecter la r\u00e8glementation applicable \u00e0 l\u2019ensemble des traitements de donn\u00e9es personnelles qu\u2019elle met en \u0153uvre :<\/p>\n<ul>\n<li>Vos donn\u00e9es personnelles sont trait\u00e9es de mani\u00e8re licite, loyale et transparente ;<\/li>\n<li>Vos donn\u00e9es personnelles sont collect\u00e9es pour des finalit\u00e9s d\u00e9termin\u00e9es, explicites et l\u00e9gitimes, et ne sont pas trait\u00e9es ult\u00e9rieurement d\u2019une mani\u00e8re incompatible avec ces finalit\u00e9s ;<\/li>\n<li>Vos donn\u00e9es personnelles sont conserv\u00e9es de mani\u00e8re ad\u00e9quate, pertinente et sont limit\u00e9es \u00e0 ce qui est n\u00e9cessaire au regard des finalit\u00e9s pour lesquelles elles sont trait\u00e9es ;<\/li>\n<\/ul>\n<h2>2 \u2013 Quelles sont les donn\u00e9es personnelles que nous collectons?<\/h2>\n<h3>A \u2013 En fonction du but de la collecte<\/h3>\n<p>Les donn\u00e9es personnelles que nous collectons sont les suivantes :<\/p>\n<ol>\n<li>a) vos coordonn\u00e9es personnelles, telles que votre nom, votre pr\u00e9nom, votre adresse e-mail, votre adresse postale et votre ou vos num\u00e9ro(s) de t\u00e9l\u00e9phone ;<\/li>\n<li>b) les \u00e9changes mails avec notre \u00e9tablissement\u00a0;<\/li>\n<li>c) vos historiques de navigation, telles que les pages visit\u00e9es, la date de la visite, la localisation lors de la visite, ou encore l\u2019adresse IP ;<\/li>\n<li>d) vos informations relatives au paiement lorsqu\u2019une r\u00e9servation est r\u00e9alis\u00e9e sur notre site. G\u00e9n\u00e9ralement la facture est \u00e9dit\u00e9e \u00e0 votre nom, votre adresse de facturation et donn\u00e9es de paiement telles que votre carte de cr\u00e9dit ou votre compte bancaire ;<\/li>\n<\/ol>\n<p>Nous pouvons \u00e9galement collecter de mani\u00e8re occasionelle des donn\u00e9es personnelles vous concernant telles que votre \u00e2ge, votre genre, la composition de votre famille, votre chambre pr\u00e9f\u00e9r\u00e9e ou l\u2019int\u00e9r\u00eat que vous portez \u00e0 notre \u00e9tablissement. De mani\u00e8re indirecte, nous pouvons \u00e9galement conserver vos r\u00e9ponses \u00e0 nos post ou \u00e0 nos annonces promotionnelles sur les r\u00e9seaux sociaux.<\/p>\n<h3>B \u2013 Donn\u00e9es personnelles concernant les mineurs<\/h3>\n<p>Notre \u00e9tablissement ne collecte ni ne traite de donn\u00e9es personnelles relatives aux enfants de moins de 18 ans sans accord pr\u00e9alable des parents ou titulaires de la responsabilit\u00e9 parentale \u00e0 l\u2019\u00e9gard de l\u2019enfant.<\/p>\n<p>Si des donn\u00e9es personnelles concernant des enfants sont collect\u00e9es via notre site, les parents ou titulaires de l\u2019exercice de l\u2019autorit\u00e9 parentale ont la possibilit\u00e9 de s\u2019y opposer en nous contactant \u00e0 l\u2019adresse indiqu\u00e9e en bas de cette page.<\/p>\n<h2>3 \u2013 Comment sont collect\u00e9es les donn\u00e9es personnelles ?<\/h2>\n<h3>A \u2013 Moyens de collecte de vos donn\u00e9es<\/h3>\n<p>Dans le cadre de nos relations, vous \u00eates susceptibles de nous communiquer vos donn\u00e9es personnelles par diff\u00e9rents moyens et notamment sur notre site lors de votre r\u00e9servation, , lors de la souscription \u00e0 la newsletter, lorsque vous publiez des commentaires sur nos pages de r\u00e9seaux sociaux, lorsque vous \u00e9tablissez tout contact avec notre \u00e9tablissement ou lorsque vous nous transmettez de toute autre mani\u00e8re vos donn\u00e9es personnelles.<\/p>\n<h3>B \u2013 Adresse IP<\/h3>\n<p>L\u2019adresse IP est une s\u00e9rie de chiffres qui est assign\u00e9e automatiquement \u00e0 votre ordinateur par votre fournisseur d\u2019acc\u00e8s internet \u00e0 chaque connexion. A chacune de vos requ\u00eates sur le site, notre serveur enregistre la trace de votre passage et d\u00e9termine la ville depuis laquelle vous vous connectez. Nous ne transmettons aucune information qui permette de vous identifier, ce qui veut dire que votre session sera enregistr\u00e9e, mais restera anonyme pour nous.<\/p>\n<h3>C \u2013 Cookies<\/h3>\n<h3>Qu\u2019est-ce qu\u2019un cookie<\/h3>\n<p>Un cookie est un petit fichier texte sauv\u00e9 par le serveur d\u2019un site web dans le navigateur de votre ordinateur ou de votre appareil mobile lorsque vous consultez ce site web. Le cookie contient un code unique permettant de reconna\u00eetre votre navigateur lors de votre visite sur le site web (\u201ccookie de session\u201d) ou lors de futures visites r\u00e9p\u00e9t\u00e9es (\u201ccookie permanent\u201d).<\/p>\n<p>Les cookies peuvent \u00eatre plac\u00e9s par le serveur du site web que vous visitez ou par des partenaires avec lesquels ce site web collabore. Le serveur d\u2019un site web peut uniquement lire les cookies qu\u2019il a lui-m\u00eame plac\u00e9s ; il n\u2019a acc\u00e8s \u00e0 aucune autre information se trouvant sur votre ordinateur ou sur votre appareil mobile. Les cookies sont stock\u00e9s sur votre ordinateur ou appareil mobile dans le r\u00e9pertoire de votre navigateur. Le contenu d\u2019un cookie se compose en g\u00e9n\u00e9ral du nom du serveur qui a plac\u00e9 le cookie, d\u2019une date d\u2019expiration et d\u2019un code chiffr\u00e9 unique.<\/p>\n<p>Les cookies assurent une interaction g\u00e9n\u00e9ralement plus ais\u00e9e et plus rapide entre le visiteur et le site web. De plus, ils aident le visiteur \u00e0 naviguer entre les diff\u00e9rentes parties du site web. Les cookies peuvent \u00e9galement \u00eatre utilis\u00e9s pour rendre le contenu d\u2019un site web ou la publicit\u00e9 pr\u00e9sente sur ce site plus pertinents pour le visiteur et adapter le site web aux go\u00fbts personnels et aux besoins du visiteur.<\/p>\n<h3>Cookies internes n\u00e9cessaires au site pour fonctionner<\/h3>\n<p>Ces cookies sont requis pour permettre la visite de notre site web. Ces cookies vous permettent par exemple de naviguer entre les diff\u00e9rentes rubriques du site, de compl\u00e9ter les formulaires, de faire une r\u00e9servation, de consulter un site web multilingue et d\u2019actualiser le contenu de votre panier. Si vous refusez ces cookies, certaines rubriques du site web ne fonctionneront pas comme il se doit, voire pas du tout.<\/p>\n<h3>Cookies de mesure d\u2019audience<\/h3>\n<p>Ce site contient Google Analytics pour collecter des informations sur l\u2019utilisation faite du site web par les visiteurs, dans le but d\u2019en am\u00e9liorer le contenu, de mieux adapter le contenu aux souhaits des visiteurs et d\u2019en augmenter la convivialit\u00e9. Ainsi, ce site utilise par exemple des cookies fournis par Google Analytics. En cas d\u2019utilisation de ce type de cookies, le proc\u00e9d\u00e9 de r\u00e9colte de donn\u00e9es d\u00e9pend du fonctionnement de la r\u00e9gie publicitaire.<\/p>\n<h4>analytics.js<\/h4>\n<ul>\n<li>_ga :\n<ul>\n<li>Dur\u00e9e de r\u00e9tention : 2 ans<\/li>\n<li>Description :\u00a0Utilis\u00e9 pour distinguer les utilisateurs<\/li>\n<\/ul>\n<\/li>\n<li>_gid :\n<ul>\n<li>Dur\u00e9e de r\u00e9tention : 24 heures<\/li>\n<li>Description : Utilis\u00e9 pour distinguer les utilisateurs<\/li>\n<\/ul>\n<\/li>\n<li>_gat :\n<ul>\n<li>Dur\u00e9e de r\u00e9tention : 1 minute<\/li>\n<li>Description : Utilis\u00e9 pour r\u00e9duire le taux de demande<\/li>\n<\/ul>\n<\/li>\n<\/ul>\n<h4>ga.js<\/h4>\n<ul>\n<li>__utma :\n<ul>\n<li>Dur\u00e9e de r\u00e9tention : 2 ans apr\u00e8s la derni\u00e8re mise \u00e0 jour<\/li>\n<li>Description : Utilis\u00e9 pour distinguer les utilisateurs et les sessions. Le cookie est cr\u00e9\u00e9 lorsque la biblioth\u00e8que javascript est ex\u00e9cut\u00e9e et qu\u2019aucun cookie __utma existant n\u2019existe. Le cookie est mis \u00e0 jour chaque fois que des donn\u00e9es sont envoy\u00e9es \u00e0 Google Analytics.<\/li>\n<\/ul>\n<\/li>\n<li>__utmt :\n<ul>\n<li>Dur\u00e9e de r\u00e9tention : 10 minutes<\/li>\n<li>Description : Utilis\u00e9 pour r\u00e9duire le taux de demande<\/li>\n<\/ul>\n<\/li>\n<li>__utmb :\n<ul>\n<li>Dur\u00e9e de r\u00e9tention : 30 minutes apr\u00e8s la derni\u00e8re mise \u00e0 jour<\/li>\n<li>Description : Utilis\u00e9 pour distinguer les utilisateurs et les sessions. Le cookie est cr\u00e9\u00e9 lorsque la biblioth\u00e8que javascript est ex\u00e9cut\u00e9e et qu\u2019aucun cookie __utmb existant n\u2019existe. Le cookie est mis \u00e0 jour chaque fois que des donn\u00e9es sont envoy\u00e9es \u00e0 Google Analytics<\/li>\n<\/ul>\n<\/li>\n<li>__utmz :\n<ul>\n<li>Dur\u00e9e de r\u00e9tention : 6 mois apr\u00e8s la derni\u00e8re mise \u00e0 jour<\/li>\n<li>Description : Stocke la source de trafic ou la campagne qui explique comment l\u2019utilisateur a atteint votre site. Le cookie est cr\u00e9\u00e9 lorsque la biblioth\u00e8que javascript est ex\u00e9cut\u00e9e et est mise \u00e0 jour chaque fois que des donn\u00e9es sont envoy\u00e9es \u00e0 Google Analytics.<\/li>\n<\/ul>\n<\/li>\n<\/ul>\n<p>Google assure avoir mis en place toutes les mesures de s\u00e9curit\u00e9 n\u00e9cessaires pour garantir la s\u00e9curit\u00e9 des donn\u00e9es via son adh\u00e9sion au \u00ab Privacy Shield \u00bb dont la certification est visible via ce lien :\u00a0<a href=\"https:\/\/www.privacyshield.gov\/participant?id=a2zt000000001L5AAI\">https:\/\/www.privacyshield.gov\/participant?id=a2zt000000001L5AAI<\/a><\/p>\n<p>Vous pouvez choisir de refuser les cookies et l\u2019analyse statistique de vos donn\u00e9es de navigation via la proc\u00e9dure d\u2019opt-out disponible via ce lien :\u00a0<a href=\"https:\/\/tools.google.com\/dlpage\/gaoptout?hl=fr\">https:\/\/tools.google.com\/dlpage\/gaoptout?hl=fr<\/a><\/p>\n<p>Aucune information li\u00e9e \u00e0 ces cookies n\u2019est transf\u00e9r\u00e9e \u00e0 des tiers ni utilis\u00e9es \u00e0 d\u2019autres fins.<\/p>\n<h3>D \u2013 Respect de votre vie priv\u00e9e<\/h3>\n<p>Nous nous engageons en faveur de la protection de votre priv\u00e9e et respectons les 2 principes suivants.<\/p>\n<ul>\n<li>Nous n\u2019associons \u00e0 vos cookies aucune information permettant de vous identifier directement et personnellement. Les cookies ne permettent en aucun cas de conna\u00eetre votre adresse, votre date de naissance, votre num\u00e9ro de t\u00e9l\u00e9phone ou toute autre information permettant de vous identifier.<\/li>\n<li>Nous ne fournissons aucune de vos informations personnelles \u00e0 des personnes tierces.<\/li>\n<\/ul>\n<h3>E \u2013 Liens vers des sites tiers<\/h3>\n<p>Notre site peut comporter des liens redirigeant vers des sites Web tiers. Nous d\u00e9clinons toute responsabilit\u00e9 dans la collecte, l\u2019utilisation, la gestion, le partage ou la divulgation de donn\u00e9es et d\u2019informations par ces tiers.<\/p>\n<h2>4 \u2013 \u00c0 quoi servent les donn\u00e9es susceptibles d\u2019\u00eatre collect\u00e9es ?<\/h2>\n<p>Vos donn\u00e9es sont collect\u00e9es pour :<\/p>\n<ul>\n<li>vous permettre de b\u00e9n\u00e9ficier de l\u2019ensemble des services disponibles sur notre site internet;<\/li>\n<li>vous permettre de naviguer sur notre site internet ;\u00a0<\/li>\n<li>faire correspondre au mieux nos informations, nos offres \u00e0 vos int\u00e9r\u00eats ;<\/li>\n<li>faciliter l\u2019accomplissement des formalit\u00e9s administratives relatives \u00e0 la r\u00e9servation.<\/li>\n<\/ul>\n<h2>5 \u2013 Combien de temps vos donn\u00e9es sont-elles conserv\u00e9es ?<\/h2>\n<p>Les dur\u00e9es de conservation sont d\u00e9finies en fonction des finalit\u00e9s de traitement mis en \u0153uvre par notre \u00e9tablissement et tiennent notamment compte des dispositions l\u00e9gales applicables imposant une dur\u00e9e de conservation pr\u00e9cise pour certaines cat\u00e9gories de donn\u00e9es.<\/p>\n<h2>6 \u2013 Qui est susceptible d\u2019acc\u00e9der \u00e0 vos donn\u00e9es personnelles ?<\/h2>\n<h3>A \u2013 Destinataires de vos donn\u00e9es<\/h3>\n<p>Les donn\u00e9es collect\u00e9es sur notre site internet sont susceptibles d\u2019\u00eatre communiqu\u00e9es \u00e0 notre personnel interne, ou \u00e0 ses prestataires de services annexes (sous-traitants, prestataires, banques), dans le cadre de l\u2019accomplissement de tout ou partie des prestations vis\u00e9es ci-dessus.<\/p>\n<h2>7 \u2013 Comment exercer vos droits ?<\/h2>\n<p>Conform\u00e9ment \u00e0 la r\u00e9glementation applicable en mati\u00e8re de protection des donn\u00e9es personnelles, vous pouvez, \u00e0 tout moment, exercer vos droits d\u2019acc\u00e8s, de rectification, de suppression des donn\u00e9es vous concernant.<\/p>\n<p>Ces droits s\u2019exercent par courrier postal \u00e0 l\u2019adresse suivante :<\/p>\n<p>Julien EVRARD<\/p>\n<p>GIV6641 Km 10,5<\/p>\n<p>17242 Montnegre (Quart)<\/p>\n<p>Espagna<\/p>\n<p>Ou par courrier \u00e9lectronique \u00e0\u00a0: <a href=\"mailto:julien@mas-oms.com\">julien@mas-oms.com<\/a><\/p>\n<p>Vous disposez \u00e9galement d\u2019un droit de recours aupr\u00e8s de la Commission Nationale de l\u2019Informatique et des Libert\u00e9s en cas de violation de la r\u00e9glementation applicable en mati\u00e8re de protection des Donn\u00e9es Personnelles et notamment du RGPD.<\/p>\n<h2>8 \u2013 S\u00e9curit\u00e9 informatique \/ s\u00e9curisation des transactions<\/h2>\n<p>Veiller \u00e0 la s\u00e9curit\u00e9 et \u00e0 la confidentialit\u00e9 des donn\u00e9es personnelles que vous nous confiez est une priorit\u00e9 pour notre \u00e9tablissement. Nous vous proposons un syst\u00e8me de paiement en ligne s\u00e9curis\u00e9 gr\u00e2ce aux derni\u00e8res technologies en vigueur.<\/p>\n<h2>9 \u2013 Contactez-nous<\/h2>\n<p>Pour toute question compl\u00e9mentaire relative \u00e0 cette politique ou \u00e0 la mani\u00e8re dont notre \u00e9tablissement traite vos donn\u00e9es personnelles, nous vous invitons \u00e0 nous contacter \u00e0 l\u2019adresse suivante :\u00a0<a href=\"mailto:julien@mas-oms.com\">julien@mas-oms.com<\/a><\/p>\n<h2>10 \u2013 Modifications de la d\u00e9claration<\/h2>\n<p>Notre \u00e9tablissement se r\u00e9serve le droit d\u2019adapter la politique de protection des donn\u00e9es personnelles.<\/p>\n<p>[\/et_pb_text][\/et_pb_column][\/et_pb_row][\/et_pb_section]<\/p>\n","protected":false},"excerpt":{"rendered":"<p>Dejeond &#8211; Delarge es compromet a que la recollida i el tractament de dades de car\u00e0cter personal dins de la p\u00e0gina web www.dejeond.be compleixin les exig\u00e8ncies del Reglament General de Protecci\u00f3 de Dades (RGPD).<\/p>\n","protected":false},"author":1,"featured_media":0,"parent":0,"menu_order":0,"comment_status":"closed","ping_status":"closed","template":"","meta":{"_acf_changed":false,"_et_pb_use_builder":"on","_et_pb_old_content":"","_et_gb_content_width":"","_monsterinsights_skip_tracking":false,"_monsterinsights_sitenote_active":false,"_monsterinsights_sitenote_note":"","_monsterinsights_sitenote_category":0,"footnotes":""},"class_list":["post-9997","page","type-page","status-publish","hentry"],"acf":[],"yoast_head":"<!-- This site is optimized with the Yoast SEO plugin v27.0 - https:\/\/yoast.com\/product\/yoast-seo-wordpress\/ -->\n<title>Pol\u00edtica de privacitat - MAS OMS<\/title>\n<meta name=\"robots\" content=\"index, follow, max-snippet:-1, max-image-preview:large, max-video-preview:-1\" \/>\n<link rel=\"canonical\" href=\"https:\/\/mas-oms.com\/fr\/ca\/politica-de-privacitat\/\" \/>\n<meta property=\"og:locale\" content=\"ca_ES\" \/>\n<meta property=\"og:type\" content=\"article\" \/>\n<meta property=\"og:title\" content=\"Pol\u00edtica de privacitat - MAS OMS\" \/>\n<meta property=\"og:description\" content=\"Dejeond - Delarge es compromet a que la recollida i el tractament de dades de car\u00e0cter personal dins de la p\u00e0gina web www.dejeond.be compleixin les exig\u00e8ncies del Reglament General de Protecci\u00f3 de Dades (RGPD).\" \/>\n<meta property=\"og:url\" content=\"https:\/\/mas-oms.com\/fr\/ca\/politica-de-privacitat\/\" \/>\n<meta property=\"og:site_name\" content=\"MAS OMS\" \/>\n<meta property=\"article:modified_time\" content=\"2021-03-08T16:16:23+00:00\" \/>\n<meta name=\"twitter:card\" content=\"summary_large_image\" \/>\n<meta name=\"twitter:label1\" content=\"Temps estimat de lectura\" \/>\n\t<meta name=\"twitter:data1\" content=\"11 minuts\" \/>\n<script type=\"application\/ld+json\" class=\"yoast-schema-graph\">{\"@context\":\"https:\/\/schema.org\",\"@graph\":[{\"@type\":\"WebPage\",\"@id\":\"https:\/\/mas-oms.com\/fr\/ca\/politica-de-privacitat\/\",\"url\":\"https:\/\/mas-oms.com\/fr\/ca\/politica-de-privacitat\/\",\"name\":\"Pol\u00edtica de privacitat - MAS OMS\",\"isPartOf\":{\"@id\":\"https:\/\/mas-oms.com\/fr\/ca\/#website\"},\"datePublished\":\"2021-03-08T16:12:28+00:00\",\"dateModified\":\"2021-03-08T16:16:23+00:00\",\"breadcrumb\":{\"@id\":\"https:\/\/mas-oms.com\/fr\/ca\/politica-de-privacitat\/#breadcrumb\"},\"inLanguage\":\"ca\",\"potentialAction\":[{\"@type\":\"ReadAction\",\"target\":[\"https:\/\/mas-oms.com\/fr\/ca\/politica-de-privacitat\/\"]}]},{\"@type\":\"BreadcrumbList\",\"@id\":\"https:\/\/mas-oms.com\/fr\/ca\/politica-de-privacitat\/#breadcrumb\",\"itemListElement\":[{\"@type\":\"ListItem\",\"position\":1,\"name\":\"Accueil\",\"item\":\"https:\/\/mas-oms.com\/fr\/ca\/\"},{\"@type\":\"ListItem\",\"position\":2,\"name\":\"Pol\u00edtica de privacitat\"}]},{\"@type\":\"WebSite\",\"@id\":\"https:\/\/mas-oms.com\/fr\/ca\/#website\",\"url\":\"https:\/\/mas-oms.com\/fr\/ca\/\",\"name\":\"MAS OMS\",\"description\":\"\",\"potentialAction\":[{\"@type\":\"SearchAction\",\"target\":{\"@type\":\"EntryPoint\",\"urlTemplate\":\"https:\/\/mas-oms.com\/fr\/ca\/?s={search_term_string}\"},\"query-input\":{\"@type\":\"PropertyValueSpecification\",\"valueRequired\":true,\"valueName\":\"search_term_string\"}}],\"inLanguage\":\"ca\"}]}<\/script>\n<!-- \/ Yoast SEO plugin. -->","yoast_head_json":{"title":"Pol\u00edtica de privacitat - MAS OMS","robots":{"index":"index","follow":"follow","max-snippet":"max-snippet:-1","max-image-preview":"max-image-preview:large","max-video-preview":"max-video-preview:-1"},"canonical":"https:\/\/mas-oms.com\/fr\/ca\/politica-de-privacitat\/","og_locale":"ca_ES","og_type":"article","og_title":"Pol\u00edtica de privacitat - MAS OMS","og_description":"Dejeond - Delarge es compromet a que la recollida i el tractament de dades de car\u00e0cter personal dins de la p\u00e0gina web www.dejeond.be compleixin les exig\u00e8ncies del Reglament General de Protecci\u00f3 de Dades (RGPD).","og_url":"https:\/\/mas-oms.com\/fr\/ca\/politica-de-privacitat\/","og_site_name":"MAS OMS","article_modified_time":"2021-03-08T16:16:23+00:00","twitter_card":"summary_large_image","twitter_misc":{"Temps estimat de lectura":"11 minuts"},"schema":{"@context":"https:\/\/schema.org","@graph":[{"@type":"WebPage","@id":"https:\/\/mas-oms.com\/fr\/ca\/politica-de-privacitat\/","url":"https:\/\/mas-oms.com\/fr\/ca\/politica-de-privacitat\/","name":"Pol\u00edtica de privacitat - MAS OMS","isPartOf":{"@id":"https:\/\/mas-oms.com\/fr\/ca\/#website"},"datePublished":"2021-03-08T16:12:28+00:00","dateModified":"2021-03-08T16:16:23+00:00","breadcrumb":{"@id":"https:\/\/mas-oms.com\/fr\/ca\/politica-de-privacitat\/#breadcrumb"},"inLanguage":"ca","potentialAction":[{"@type":"ReadAction","target":["https:\/\/mas-oms.com\/fr\/ca\/politica-de-privacitat\/"]}]},{"@type":"BreadcrumbList","@id":"https:\/\/mas-oms.com\/fr\/ca\/politica-de-privacitat\/#breadcrumb","itemListElement":[{"@type":"ListItem","position":1,"name":"Accueil","item":"https:\/\/mas-oms.com\/fr\/ca\/"},{"@type":"ListItem","position":2,"name":"Pol\u00edtica de privacitat"}]},{"@type":"WebSite","@id":"https:\/\/mas-oms.com\/fr\/ca\/#website","url":"https:\/\/mas-oms.com\/fr\/ca\/","name":"MAS OMS","description":"","potentialAction":[{"@type":"SearchAction","target":{"@type":"EntryPoint","urlTemplate":"https:\/\/mas-oms.com\/fr\/ca\/?s={search_term_string}"},"query-input":{"@type":"PropertyValueSpecification","valueRequired":true,"valueName":"search_term_string"}}],"inLanguage":"ca"}]}},"_links":{"self":[{"href":"https:\/\/mas-oms.com\/fr\/ca\/wp-json\/wp\/v2\/pages\/9997","targetHints":{"allow":["GET"]}}],"collection":[{"href":"https:\/\/mas-oms.com\/fr\/ca\/wp-json\/wp\/v2\/pages"}],"about":[{"href":"https:\/\/mas-oms.com\/fr\/ca\/wp-json\/wp\/v2\/types\/page"}],"author":[{"embeddable":true,"href":"https:\/\/mas-oms.com\/fr\/ca\/wp-json\/wp\/v2\/users\/1"}],"replies":[{"embeddable":true,"href":"https:\/\/mas-oms.com\/fr\/ca\/wp-json\/wp\/v2\/comments?post=9997"}],"version-history":[{"count":1,"href":"https:\/\/mas-oms.com\/fr\/ca\/wp-json\/wp\/v2\/pages\/9997\/revisions"}],"predecessor-version":[{"id":10000,"href":"https:\/\/mas-oms.com\/fr\/ca\/wp-json\/wp\/v2\/pages\/9997\/revisions\/10000"}],"wp:attachment":[{"href":"https:\/\/mas-oms.com\/fr\/ca\/wp-json\/wp\/v2\/media?parent=9997"}],"curies":[{"name":"wp","href":"https:\/\/api.w.org\/{rel}","templated":true}]}}