{"id":8027,"date":"2016-02-13T09:43:20","date_gmt":"2016-02-13T08:43:20","guid":{"rendered":"https:\/\/www.mas-oms.com\/recepcion\/"},"modified":"2026-01-29T14:49:38","modified_gmt":"2026-01-29T13:49:38","slug":"recepcion","status":"publish","type":"page","link":"https:\/\/mas-oms.com\/fr\/es\/","title":{"rendered":"Recepci\u00f3n"},"content":{"rendered":"<p>[et_pb_section fb_built=\u00bb1&#8243; _builder_version=\u00bb4.16&#8243; _module_preset=\u00bbdefault\u00bb global_colors_info=\u00bb{}\u00bb][et_pb_row _builder_version=\u00bb4.16&#8243; _module_preset=\u00bbdefault\u00bb global_colors_info=\u00bb{}\u00bb][et_pb_column type=\u00bb4_4&#8243; _builder_version=\u00bb4.16&#8243; _module_preset=\u00bbdefault\u00bb global_colors_info=\u00bb{}\u00bb][et_pb_text _builder_version=\u00bb4.18.0&#8243; _module_preset=\u00bbdefault\u00bb text_font=\u00bb||||||||\u00bb text_text_color=\u00bb#241e20&#8243; link_font=\u00bb||||on||||\u00bb header_text_color=\u00bb#241e20&#8243; header_font_size=\u00bb38px\u00bb header_line_height=\u00bb1.4em\u00bb header_2_text_color=\u00bb#241e20&#8243; header_2_line_height=\u00bb1.4em\u00bb header_3_text_color=\u00bb#241e20&#8243; header_3_line_height=\u00bb1.4em\u00bb text_orientation=\u00bbcenter\u00bb global_colors_info=\u00bb{}\u00bb]<\/p>\n<h1 style=\"text-align: center;\">Mas Oms, hotel con encanto en plena naturaleza en el interior de la Costa Brava<\/h1>\n<h2 style=\"text-align: center;\">\u00bfBuscas un <strong>hotel rural cerca de la Costa Brava<\/strong>? La Mas Oms te da la bienvenida en un <strong> entorno elegante y ecol\u00f3gico<\/strong> rodeado de la tranquilidad de la naturaleza<\/h2>\n<h3 style=\"text-align: center;\">Su <strong>hotel r\u00fastico con encanto en Espa\u00f1a<\/strong><\/h3>\n<p>La Mas Oms es un <strong>hotel ecol\u00f3gico<\/strong> situado cerca de Gerona, en el macizo de las Gavarras. Nuestro encantador hotel rural en Espa\u00f1a est\u00e1 compuesto por <a href=\"https:\/\/mas-oms.com\/es\/habitaciones\/\">6 habitaciones<\/a> y durante todo el a\u00f1o te da la bienvenida en un entorno id\u00edlico, entre mar y la monta\u00f1a. Situado en el cruce entre varias rutas de senderismo, las cuales podr\u00e1s realizar andando a pie o <a href=\"https:\/\/mas-oms.com\/es\/e-btt\/\">en bici<\/a>, nuestro peque\u00f1o hotel rural est\u00e1 situado en la Costa Brava cerca de la playa. Disfruta de unas vacaciones regenerativas: prueba la cocina sana y bio de nuestro hotel ecol\u00f3gico y rel\u00e1jate con <a href=\"https:\/\/mas-oms.com\/es\/masajes\/\">masajes a medida<\/a>, <a href=\"https:\/\/mas-oms.com\/es\/salud-energetica-reiki\/\">sesiones de reiki<\/a> o incluso <a href=\"https:\/\/mas-oms.com\/es\/morning-bloom\/\">yoga<\/a> con un profesor solo para ti. <strong>Nuestro hotel r\u00fastico con encanto combina lo que mejor ofrece Espa\u00f1a: sol, confort, y gastronom\u00eda local.<\/strong> Vive al m\u00e1ximo la experiencia inscribi\u00e9ndote en nuestros <strong>talleres<\/strong>. \u00bfQuieres obtener m\u00e1s informaci\u00f3n? Escr\u00edbenos, con gusto te contestaremos.<\/p>\n<p>[\/et_pb_text][\/et_pb_column][\/et_pb_row][et_pb_row _builder_version=\u00bb4.16&#8243; _module_preset=\u00bb50926c3d-dffb-4ed3-b324-8e9d9c2f5c2a\u00bb custom_padding=\u00bb20px||0px||false|false\u00bb global_colors_info=\u00bb{}\u00bb][et_pb_column type=\u00bb4_4&#8243; _builder_version=\u00bb4.16&#8243; _module_preset=\u00bbdefault\u00bb custom_padding=\u00bb0px|0px|0px|0px|false|false\u00bb global_colors_info=\u00bb{}\u00bb][et_pb_divider color=\u00bb#e5ddc8&#8243; _builder_version=\u00bb4.16&#8243; _module_preset=\u00bbdefault\u00bb module_alignment=\u00bbcenter\u00bb global_colors_info=\u00bb{}\u00bb][\/et_pb_divider][\/et_pb_column][\/et_pb_row][et_pb_row column_structure=\u00bb1_2,1_2&#8243; _builder_version=\u00bb4.16&#8243; _module_preset=\u00bb21dda975-802c-43fa-961b-c627216e8d03&#8243; width=\u00bb100%\u00bb custom_margin=\u00bb0px||0px||false|false\u00bb custom_padding=\u00bb0px|0px|0px|0px|false|true\u00bb global_colors_info=\u00bb{}\u00bb][et_pb_column type=\u00bb1_2&#8243; _builder_version=\u00bb4.16&#8243; _module_preset=\u00bbdefault\u00bb global_colors_info=\u00bb{}\u00bb][et_pb_image src=\u00bbhttps:\/\/mas-oms.com\/wp-content\/uploads\/2021\/03\/www.murmur.cat-WEB-93-scaled.jpg\u00bb alt=\u00bbHotel en plena naturaleza en la Costa Brava\u00bb title_text=\u00bbwww.murmur.cat WEB-93&#8243; _builder_version=\u00bb4.16&#8243; _module_preset=\u00bbdefault\u00bb global_colors_info=\u00bb{}\u00bb][\/et_pb_image][\/et_pb_column][et_pb_column type=\u00bb1_2&#8243; _builder_version=\u00bb4.16&#8243; _module_preset=\u00bbdefault\u00bb global_colors_info=\u00bb{}\u00bb][et_pb_text _builder_version=\u00bb4.16&#8243; _module_preset=\u00bbdefault\u00bb text_text_color=\u00bb#241e20&#8243; link_font=\u00bb||||on||||\u00bb header_text_color=\u00bb#241e20&#8243; header_line_height=\u00bb1.4em\u00bb header_2_text_align=\u00bbcenter\u00bb header_2_text_color=\u00bb#241e20&#8243; header_2_line_height=\u00bb1.4em\u00bb header_3_text_color=\u00bb#241e20&#8243; header_3_line_height=\u00bb1.4em\u00bb global_colors_info=\u00bb{}\u00bb]<\/p>\n<h3 style=\"text-align: center;\">Al\u00f3jate en un hotel ecol\u00f3gico en Espa\u00f1a, en una aut\u00e9ntica mas\u00eda.<\/h3>\n<p style=\"text-align: center;\">Construir un hotel con encanto en Espa\u00f1a ha sido nuestro sue\u00f1o desde hace a\u00f1os, pero ten\u00edamos que descubrir el lugar id\u00f3neo. Quer\u00edamos encontrar un <strong>hotelito cerca de la Costa Brava<\/strong> pero lejos del bullicio del verano. Nuestro sue\u00f1o era crear un <strong>hotel ecol\u00f3gico<\/strong> de referencia en Espa\u00f1a. Desde que descubrimos <a href=\"https:\/\/mas-oms.com\/es\/mas-oms\/\"> la Mas Oms<\/a>, este lugar m\u00e1gico nos ha enamorado.<strong> Se encuentra aislado pero cerca de todo <\/strong>, situado al final de una ruta asfaltada, sin ruidos de coches ni contaminaci\u00f3n luminosa. Al momento supimos que hab\u00edamos encontrado ese <strong>peque\u00f1o rinc\u00f3n de para\u00edso<\/strong> el cual compartir\u00edamos con vosotros.<\/p>\n<p>[\/et_pb_text][et_pb_button button_url=\u00bbhttps:\/\/mas-oms.com\/es\/mas-oms\/\u00bb button_text=\u00bbDescubre la mas\u00eda\u00bb button_alignment=\u00bbcenter\u00bb _builder_version=\u00bb4.16&#8243; _module_preset=\u00bbbf741747-9d39-44a3-908a-ec541a3419d4&#8243; custom_button=\u00bbon\u00bb button_text_color=\u00bb#241e20&#8243; button_border_color=\u00bb#241e20&#8243; global_colors_info=\u00bb{}\u00bb button_text_color__hover_enabled=\u00bbon|hover\u00bb button_border_color__hover_enabled=\u00bbon|hover\u00bb button_border_color__hover=\u00bb#241e20&#8243; button_text_color__hover=\u00bb#241e20&#8243;][\/et_pb_button][\/et_pb_column][\/et_pb_row][et_pb_row _builder_version=\u00bb4.16&#8243; _module_preset=\u00bb50926c3d-dffb-4ed3-b324-8e9d9c2f5c2a\u00bb custom_padding=\u00bb20px||0px||false|false\u00bb saved_tabs=\u00bball\u00bb global_colors_info=\u00bb{}\u00bb][et_pb_column type=\u00bb4_4&#8243; _builder_version=\u00bb4.16&#8243; _module_preset=\u00bbdefault\u00bb custom_padding=\u00bb0px|0px|0px|0px|false|false\u00bb global_colors_info=\u00bb{}\u00bb][et_pb_divider color=\u00bb#e5ddc8&#8243; _builder_version=\u00bb4.16&#8243; _module_preset=\u00bbdefault\u00bb module_alignment=\u00bbcenter\u00bb global_colors_info=\u00bb{}\u00bb][\/et_pb_divider][\/et_pb_column][\/et_pb_row][et_pb_row column_structure=\u00bb1_2,1_2&#8243; _builder_version=\u00bb4.16&#8243; _module_preset=\u00bb21dda975-802c-43fa-961b-c627216e8d03&#8243; width=\u00bb100%\u00bb custom_margin=\u00bb0px||0px||false|false\u00bb custom_padding=\u00bb0px|0px|0px|0px|false|true\u00bb global_colors_info=\u00bb{}\u00bb][et_pb_column type=\u00bb1_2&#8243; _builder_version=\u00bb4.16&#8243; _module_preset=\u00bbdefault\u00bb global_colors_info=\u00bb{}\u00bb][et_pb_image src=\u00bbhttps:\/\/mas-oms.com\/wp-content\/uploads\/2021\/03\/www.murmur.cat-WEB-50-scaled.jpg\u00bb alt=\u00bbHotel con encanto Espa\u00f1a\u00bb title_text=\u00bbwww.murmur.cat WEB-50&#8243; admin_label=\u00bbImage\u00bb _builder_version=\u00bb4.16&#8243; _module_preset=\u00bbdefault\u00bb global_colors_info=\u00bb{}\u00bb][\/et_pb_image][\/et_pb_column][et_pb_column type=\u00bb1_2&#8243; _builder_version=\u00bb4.16&#8243; _module_preset=\u00bbdefault\u00bb global_colors_info=\u00bb{}\u00bb][et_pb_text _builder_version=\u00bb4.16&#8243; _module_preset=\u00bbdefault\u00bb link_font=\u00bb||||on||||\u00bb header_2_text_align=\u00bbcenter\u00bb header_2_text_color=\u00bb#241e20&#8243; header_2_line_height=\u00bb1.4em\u00bb header_3_text_color=\u00bb#241e20&#8243; header_3_line_height=\u00bb1.4em\u00bb global_colors_info=\u00bb{}\u00bb]<\/p>\n<h3 style=\"text-align: center;\">Descansa en una de las habitaciones de nuestro hotel ecol\u00f3gico y aprovecha de la calma absoluta.<\/h3>\n<p style=\"text-align: center;\">Lejos del ajetreo, nuestro hotel con encanto en Espa\u00f1a proporciona a nuestros hu\u00e9spedes el confort necesario para descansar como es debido. Con sus c\u00f3modas camas dobles, las habitaciones est\u00e1n decoradas de forma sutil incitando a la relajacion total y as\u00ed garantizar unas noches agradables y regenerativas.<\/p>\n<p>[\/et_pb_text][et_pb_button button_url=\u00bbhttps:\/\/mas-oms.com\/es\/habitaciones\/\u00bb button_text=\u00bbDescubre las habitaciones\u00bb button_alignment=\u00bbcenter\u00bb _builder_version=\u00bb4.16&#8243; _module_preset=\u00bbbf741747-9d39-44a3-908a-ec541a3419d4&#8243; custom_button=\u00bbon\u00bb button_text_color=\u00bb#241e20&#8243; button_border_color=\u00bb#241e20&#8243; locked=\u00bboff\u00bb global_colors_info=\u00bb{}\u00bb button_text_color__hover_enabled=\u00bbon|hover\u00bb button_bg_color__hover_enabled=\u00bbon|desktop\u00bb button_bg_color__hover=\u00bb\u00bb button_bg_enable_color__hover=\u00bbon\u00bb button_border_color__hover_enabled=\u00bbon|hover\u00bb button_border_color__hover=\u00bb#241e20&#8243; button_text_color__hover=\u00bb#241e20&#8243;][\/et_pb_button][\/et_pb_column][\/et_pb_row][et_pb_row _builder_version=\u00bb4.16&#8243; _module_preset=\u00bb50926c3d-dffb-4ed3-b324-8e9d9c2f5c2a\u00bb custom_padding=\u00bb20px||0px||false|false\u00bb global_colors_info=\u00bb{}\u00bb][et_pb_column type=\u00bb4_4&#8243; _builder_version=\u00bb4.16&#8243; _module_preset=\u00bbdefault\u00bb custom_padding=\u00bb0px|0px|0px|0px|false|false\u00bb global_colors_info=\u00bb{}\u00bb][et_pb_divider color=\u00bb#e5ddc8&#8243; _builder_version=\u00bb4.16&#8243; _module_preset=\u00bbdefault\u00bb module_alignment=\u00bbcenter\u00bb global_colors_info=\u00bb{}\u00bb][\/et_pb_divider][\/et_pb_column][\/et_pb_row][et_pb_row column_structure=\u00bb1_2,1_2&#8243; _builder_version=\u00bb4.16&#8243; _module_preset=\u00bb21dda975-802c-43fa-961b-c627216e8d03&#8243; width=\u00bb100%\u00bb custom_margin=\u00bb0px||0px||false|false\u00bb custom_padding=\u00bb0px|0px|0px|0px|false|true\u00bb global_colors_info=\u00bb{}\u00bb][et_pb_column type=\u00bb1_2&#8243; _builder_version=\u00bb4.16&#8243; _module_preset=\u00bbdefault\u00bb global_colors_info=\u00bb{}\u00bb][et_pb_image src=\u00bbhttps:\/\/mas-oms.com\/wp-content\/uploads\/2021\/03\/www.murmur.cat-WEB-11-scaled.jpg\u00bb alt=\u00bbhotel ecol\u00f3gico espa\u00f1a\u00bb title_text=\u00bbwww.murmur.cat WEB-11&#8243; admin_label=\u00bbImage\u00bb _builder_version=\u00bb4.16&#8243; _module_preset=\u00bbdefault\u00bb global_colors_info=\u00bb{}\u00bb][\/et_pb_image][\/et_pb_column][et_pb_column type=\u00bb1_2&#8243; _builder_version=\u00bb4.16&#8243; _module_preset=\u00bbdefault\u00bb global_colors_info=\u00bb{}\u00bb][et_pb_text _builder_version=\u00bb4.16&#8243; _module_preset=\u00bbdefault\u00bb link_font=\u00bb||||on||||\u00bb header_2_text_align=\u00bbcenter\u00bb header_2_text_color=\u00bb#241e20&#8243; header_2_line_height=\u00bb1.4em\u00bb header_3_text_color=\u00bb#241e20&#8243; header_3_line_height=\u00bb1.4em\u00bb global_colors_info=\u00bb{}\u00bb]<\/p>\n<h3 style=\"text-align: center\">Descubre la cocina biol\u00f3gica y gourmet elaborada con productos locales de nuestro hotel ecol\u00f3gico en Espa\u00f1a<\/h3>\n<p style=\"text-align: center\"><strong>La cocina es una de las pasi\u00f3nes que nos entusiasma<\/strong> desde la infancia. En nuestra casa rural con encanto en Espa\u00f1a, la riqueza de los <strong>productos locales<\/strong> nos ofrece una paleta de sabores indescriptible, que ser\u00e1n el deleite de tus papilas gustativas. Completamos todo esto con zumo de frutas y verduras frescas y <a href=\"https:\/\/mas-oms.com\/es\/vinos-naturales\/\"> magn\u00edficos vinos naturales<\/a>. Para nosotros, la <strong>alimentaci\u00f3n sana y el bienestar<\/strong> son los pilares fundamentales de una vida equilibrada.<\/p>\n<p>[\/et_pb_text][et_pb_button button_url=\u00bbhttps:\/\/mas-oms.com\/es\/cocina\/\u00bb button_text=\u00bbDescubre la cocina de Mas Oms\u00bb button_alignment=\u00bbcenter\u00bb _builder_version=\u00bb4.16&#8243; _module_preset=\u00bbbf741747-9d39-44a3-908a-ec541a3419d4&#8243; custom_button=\u00bbon\u00bb button_text_color=\u00bb#241e20&#8243; button_border_color=\u00bb#241e20&#8243; locked=\u00bboff\u00bb global_colors_info=\u00bb{}\u00bb button_text_color__hover_enabled=\u00bbon|hover\u00bb button_bg_color__hover_enabled=\u00bbon|desktop\u00bb button_bg_color__hover=\u00bb\u00bb button_bg_enable_color__hover=\u00bbon\u00bb button_border_color__hover_enabled=\u00bbon|hover\u00bb button_border_color__hover=\u00bb#241e20&#8243; button_text_color__hover=\u00bb#241e20&#8243;][\/et_pb_button][\/et_pb_column][\/et_pb_row][et_pb_row _builder_version=\u00bb4.16&#8243; _module_preset=\u00bb50926c3d-dffb-4ed3-b324-8e9d9c2f5c2a\u00bb custom_padding=\u00bb20px||0px||false|false\u00bb global_colors_info=\u00bb{}\u00bb][et_pb_column type=\u00bb4_4&#8243; _builder_version=\u00bb4.16&#8243; _module_preset=\u00bbdefault\u00bb custom_padding=\u00bb0px|0px|0px|0px|false|false\u00bb global_colors_info=\u00bb{}\u00bb][et_pb_divider color=\u00bb#e5ddc8&#8243; _builder_version=\u00bb4.16&#8243; _module_preset=\u00bbdefault\u00bb module_alignment=\u00bbcenter\u00bb global_colors_info=\u00bb{}\u00bb][\/et_pb_divider][\/et_pb_column][\/et_pb_row][et_pb_row column_structure=\u00bb1_2,1_2&#8243; _builder_version=\u00bb4.16&#8243; _module_preset=\u00bb21dda975-802c-43fa-961b-c627216e8d03&#8243; width=\u00bb100%\u00bb custom_margin=\u00bb0px||0px||false|false\u00bb custom_padding=\u00bb0px|0px|0px|0px|false|true\u00bb global_colors_info=\u00bb{}\u00bb][et_pb_column type=\u00bb1_2&#8243; _builder_version=\u00bb4.16&#8243; _module_preset=\u00bbdefault\u00bb global_colors_info=\u00bb{}\u00bb][et_pb_image src=\u00bbhttps:\/\/mas-oms.com\/wp-content\/uploads\/2021\/03\/www.murmur.cat-WEB-23-scaled.jpg\u00bb alt=\u00bbhotel con encanto costa brava\u00bb title_text=\u00bbwww.murmur.cat WEB-23&#8243; admin_label=\u00bbImage\u00bb _builder_version=\u00bb4.16&#8243; _module_preset=\u00bbdefault\u00bb global_colors_info=\u00bb{}\u00bb][\/et_pb_image][\/et_pb_column][et_pb_column type=\u00bb1_2&#8243; _builder_version=\u00bb4.16&#8243; _module_preset=\u00bbdefault\u00bb global_colors_info=\u00bb{}\u00bb][et_pb_text _builder_version=\u00bb4.16&#8243; _module_preset=\u00bbdefault\u00bb link_font=\u00bb||||on||||\u00bb header_2_text_align=\u00bbcenter\u00bb header_2_text_color=\u00bb#241e20&#8243; header_2_line_height=\u00bb1.4em\u00bb header_3_text_color=\u00bb#241e20&#8243; header_3_line_height=\u00bb1.4em\u00bb global_colors_info=\u00bb{}\u00bb]<\/p>\n<h3 style=\"text-align: center\">En Mas Oms, hemos reinventado el Slow Life combinando descansos en plena naturaleza, senderismo y actividades de ocio en la piscina <\/h3>\n<p style=\"text-align: center\">\u00bfBuscas un hotel boutique con encanto en Espa\u00f1a? Al\u00f3jate en nuestro peque\u00f1o hotel rural cerca de la Costa Brava y explora todas las posibilidades de la regi\u00f3n. <strong>Desconecta del todo<\/strong> y aprovecha las distintas <a href=\"https:\/\/mas-oms.com\/es\/espacios-naturales\/\"><strong>\u00e1reas de descanso<\/strong><strong> y bienestar<\/strong><\/a> repartidas por toda la Mas Oms. Pasea por los alrededores de la propiedad, juega a la petanca o rel\u00e1jate <a href=\"https:\/\/mas-oms.com\/es\/piscina\/\"> en la piscina<\/a> mientras descubres las<a href=\"https:\/\/mas-oms.com\/es\/talleres\/\"> diversas actividades de bienestar<\/a> propuestas para cada d\u00eda.<\/p>\n<p>[\/et_pb_text][et_pb_button button_url=\u00bbhttps:\/\/masoms.beontheweb.be\/fr\/detente\/\u00bb button_text=\u00bbDescubre el Slow Life\u00bb button_alignment=\u00bbcenter\u00bb _builder_version=\u00bb4.16&#8243; _module_preset=\u00bbbf741747-9d39-44a3-908a-ec541a3419d4&#8243; custom_button=\u00bbon\u00bb button_text_color=\u00bb#241e20&#8243; button_border_color=\u00bb#241e20&#8243; locked=\u00bboff\u00bb global_colors_info=\u00bb{}\u00bb button_text_color__hover_enabled=\u00bbon|hover\u00bb button_bg_color__hover_enabled=\u00bbon|desktop\u00bb button_bg_color__hover=\u00bb\u00bb button_bg_enable_color__hover=\u00bbon\u00bb button_border_color__hover_enabled=\u00bbon|hover\u00bb button_border_color__hover=\u00bb#241e20&#8243; button_text_color__hover=\u00bb#241e20&#8243;][\/et_pb_button][\/et_pb_column][\/et_pb_row][\/et_pb_section]<\/p>\n","protected":false},"excerpt":{"rendered":"<p>Mas Oms, hotel con encanto en plena naturaleza en el interior de la Costa Brava \u00bfBuscas un hotel rural cerca de la Costa Brava? La Mas Oms te da la bienvenida en un entorno elegante y ecol\u00f3gico rodeado de la tranquilidad de la naturaleza Su hotel r\u00fastico con encanto en Espa\u00f1a La Mas Oms es [&hellip;]<\/p>\n","protected":false},"author":1,"featured_media":1780,"parent":0,"menu_order":0,"comment_status":"closed","ping_status":"closed","template":"","meta":{"_acf_changed":false,"_et_pb_use_builder":"on","_et_pb_old_content":"","_et_gb_content_width":"","_monsterinsights_skip_tracking":false,"_monsterinsights_sitenote_active":false,"_monsterinsights_sitenote_note":"","_monsterinsights_sitenote_category":0,"footnotes":""},"class_list":["post-8027","page","type-page","status-publish","has-post-thumbnail","hentry"],"acf":[],"yoast_head":"<!-- This site is optimized with the Yoast SEO plugin v27.0 - https:\/\/yoast.com\/product\/yoast-seo-wordpress\/ -->\n<title>Hotel en el interior de la Costa Brava - MAS OMS<\/title>\n<meta name=\"description\" content=\"\u00bfBuscas un hotel rural cerca de la Costa Brava? Mas Oms te acoge en un ambiente elegante y ecol\u00f3gico en medio de la tranquilidad de la naturaleza\" \/>\n<meta name=\"robots\" content=\"index, follow, max-snippet:-1, max-image-preview:large, max-video-preview:-1\" \/>\n<link rel=\"canonical\" href=\"https:\/\/mas-oms.com\/fr\/es\/\" \/>\n<meta property=\"og:locale\" content=\"es_ES\" \/>\n<meta property=\"og:type\" content=\"article\" \/>\n<meta property=\"og:title\" content=\"Hotel en el interior de la Costa Brava - MAS OMS\" \/>\n<meta property=\"og:description\" content=\"\u00bfBuscas un hotel rural cerca de la Costa Brava? Mas Oms te acoge en un ambiente elegante y ecol\u00f3gico en medio de la tranquilidad de la naturaleza\" \/>\n<meta property=\"og:url\" content=\"https:\/\/mas-oms.com\/fr\/es\/\" \/>\n<meta property=\"og:site_name\" content=\"MAS OMS\" \/>\n<meta property=\"article:modified_time\" content=\"2026-01-29T13:49:38+00:00\" \/>\n<meta property=\"og:image\" content=\"https:\/\/mas-oms.com\/wp-content\/uploads\/2020\/12\/logo-carre.jpg\" \/>\n\t<meta property=\"og:image:width\" content=\"800\" \/>\n\t<meta property=\"og:image:height\" content=\"800\" \/>\n\t<meta property=\"og:image:type\" content=\"image\/jpeg\" \/>\n<meta name=\"twitter:card\" content=\"summary_large_image\" \/>\n<meta name=\"twitter:label1\" content=\"Tiempo de lectura\" \/>\n\t<meta name=\"twitter:data1\" content=\"4 minutos\" \/>\n<script type=\"application\/ld+json\" class=\"yoast-schema-graph\">{\"@context\":\"https:\/\/schema.org\",\"@graph\":[{\"@type\":\"WebPage\",\"@id\":\"https:\/\/mas-oms.com\/fr\/es\/\",\"url\":\"https:\/\/mas-oms.com\/fr\/es\/\",\"name\":\"Hotel en el interior de la Costa Brava - MAS OMS\",\"isPartOf\":{\"@id\":\"https:\/\/mas-oms.com\/fr\/es\/#website\"},\"primaryImageOfPage\":{\"@id\":\"https:\/\/mas-oms.com\/fr\/es\/#primaryimage\"},\"image\":{\"@id\":\"https:\/\/mas-oms.com\/fr\/es\/#primaryimage\"},\"thumbnailUrl\":\"https:\/\/mas-oms.com\/wp-content\/uploads\/2020\/12\/logo-carre.jpg\",\"datePublished\":\"2016-02-13T08:43:20+00:00\",\"dateModified\":\"2026-01-29T13:49:38+00:00\",\"description\":\"\u00bfBuscas un hotel rural cerca de la Costa Brava? Mas Oms te acoge en un ambiente elegante y ecol\u00f3gico en medio de la tranquilidad de la naturaleza\",\"breadcrumb\":{\"@id\":\"https:\/\/mas-oms.com\/fr\/es\/#breadcrumb\"},\"inLanguage\":\"es\",\"potentialAction\":[{\"@type\":\"ReadAction\",\"target\":[\"https:\/\/mas-oms.com\/fr\/es\/\"]}]},{\"@type\":\"ImageObject\",\"inLanguage\":\"es\",\"@id\":\"https:\/\/mas-oms.com\/fr\/es\/#primaryimage\",\"url\":\"https:\/\/mas-oms.com\/wp-content\/uploads\/2020\/12\/logo-carre.jpg\",\"contentUrl\":\"https:\/\/mas-oms.com\/wp-content\/uploads\/2020\/12\/logo-carre.jpg\",\"width\":800,\"height\":800,\"caption\":\"Mas Oms\"},{\"@type\":\"BreadcrumbList\",\"@id\":\"https:\/\/mas-oms.com\/fr\/es\/#breadcrumb\",\"itemListElement\":[{\"@type\":\"ListItem\",\"position\":1,\"name\":\"Accueil\",\"item\":\"https:\/\/mas-oms.com\/fr\/es\/\"},{\"@type\":\"ListItem\",\"position\":2,\"name\":\"Recepci\u00f3n\"}]},{\"@type\":\"WebSite\",\"@id\":\"https:\/\/mas-oms.com\/fr\/es\/#website\",\"url\":\"https:\/\/mas-oms.com\/fr\/es\/\",\"name\":\"MAS OMS\",\"description\":\"\",\"potentialAction\":[{\"@type\":\"SearchAction\",\"target\":{\"@type\":\"EntryPoint\",\"urlTemplate\":\"https:\/\/mas-oms.com\/fr\/es\/?s={search_term_string}\"},\"query-input\":{\"@type\":\"PropertyValueSpecification\",\"valueRequired\":true,\"valueName\":\"search_term_string\"}}],\"inLanguage\":\"es\"}]}<\/script>\n<!-- \/ Yoast SEO plugin. -->","yoast_head_json":{"title":"Hotel en el interior de la Costa Brava - MAS OMS","description":"\u00bfBuscas un hotel rural cerca de la Costa Brava? Mas Oms te acoge en un ambiente elegante y ecol\u00f3gico en medio de la tranquilidad de la naturaleza","robots":{"index":"index","follow":"follow","max-snippet":"max-snippet:-1","max-image-preview":"max-image-preview:large","max-video-preview":"max-video-preview:-1"},"canonical":"https:\/\/mas-oms.com\/fr\/es\/","og_locale":"es_ES","og_type":"article","og_title":"Hotel en el interior de la Costa Brava - MAS OMS","og_description":"\u00bfBuscas un hotel rural cerca de la Costa Brava? Mas Oms te acoge en un ambiente elegante y ecol\u00f3gico en medio de la tranquilidad de la naturaleza","og_url":"https:\/\/mas-oms.com\/fr\/es\/","og_site_name":"MAS OMS","article_modified_time":"2026-01-29T13:49:38+00:00","og_image":[{"width":800,"height":800,"url":"https:\/\/mas-oms.com\/wp-content\/uploads\/2020\/12\/logo-carre.jpg","type":"image\/jpeg"}],"twitter_card":"summary_large_image","twitter_misc":{"Tiempo de lectura":"4 minutos"},"schema":{"@context":"https:\/\/schema.org","@graph":[{"@type":"WebPage","@id":"https:\/\/mas-oms.com\/fr\/es\/","url":"https:\/\/mas-oms.com\/fr\/es\/","name":"Hotel en el interior de la Costa Brava - MAS OMS","isPartOf":{"@id":"https:\/\/mas-oms.com\/fr\/es\/#website"},"primaryImageOfPage":{"@id":"https:\/\/mas-oms.com\/fr\/es\/#primaryimage"},"image":{"@id":"https:\/\/mas-oms.com\/fr\/es\/#primaryimage"},"thumbnailUrl":"https:\/\/mas-oms.com\/wp-content\/uploads\/2020\/12\/logo-carre.jpg","datePublished":"2016-02-13T08:43:20+00:00","dateModified":"2026-01-29T13:49:38+00:00","description":"\u00bfBuscas un hotel rural cerca de la Costa Brava? Mas Oms te acoge en un ambiente elegante y ecol\u00f3gico en medio de la tranquilidad de la naturaleza","breadcrumb":{"@id":"https:\/\/mas-oms.com\/fr\/es\/#breadcrumb"},"inLanguage":"es","potentialAction":[{"@type":"ReadAction","target":["https:\/\/mas-oms.com\/fr\/es\/"]}]},{"@type":"ImageObject","inLanguage":"es","@id":"https:\/\/mas-oms.com\/fr\/es\/#primaryimage","url":"https:\/\/mas-oms.com\/wp-content\/uploads\/2020\/12\/logo-carre.jpg","contentUrl":"https:\/\/mas-oms.com\/wp-content\/uploads\/2020\/12\/logo-carre.jpg","width":800,"height":800,"caption":"Mas Oms"},{"@type":"BreadcrumbList","@id":"https:\/\/mas-oms.com\/fr\/es\/#breadcrumb","itemListElement":[{"@type":"ListItem","position":1,"name":"Accueil","item":"https:\/\/mas-oms.com\/fr\/es\/"},{"@type":"ListItem","position":2,"name":"Recepci\u00f3n"}]},{"@type":"WebSite","@id":"https:\/\/mas-oms.com\/fr\/es\/#website","url":"https:\/\/mas-oms.com\/fr\/es\/","name":"MAS OMS","description":"","potentialAction":[{"@type":"SearchAction","target":{"@type":"EntryPoint","urlTemplate":"https:\/\/mas-oms.com\/fr\/es\/?s={search_term_string}"},"query-input":{"@type":"PropertyValueSpecification","valueRequired":true,"valueName":"search_term_string"}}],"inLanguage":"es"}]}},"_links":{"self":[{"href":"https:\/\/mas-oms.com\/fr\/es\/wp-json\/wp\/v2\/pages\/8027","targetHints":{"allow":["GET"]}}],"collection":[{"href":"https:\/\/mas-oms.com\/fr\/es\/wp-json\/wp\/v2\/pages"}],"about":[{"href":"https:\/\/mas-oms.com\/fr\/es\/wp-json\/wp\/v2\/types\/page"}],"author":[{"embeddable":true,"href":"https:\/\/mas-oms.com\/fr\/es\/wp-json\/wp\/v2\/users\/1"}],"replies":[{"embeddable":true,"href":"https:\/\/mas-oms.com\/fr\/es\/wp-json\/wp\/v2\/comments?post=8027"}],"version-history":[{"count":29,"href":"https:\/\/mas-oms.com\/fr\/es\/wp-json\/wp\/v2\/pages\/8027\/revisions"}],"predecessor-version":[{"id":19720,"href":"https:\/\/mas-oms.com\/fr\/es\/wp-json\/wp\/v2\/pages\/8027\/revisions\/19720"}],"wp:featuredmedia":[{"embeddable":true,"href":"https:\/\/mas-oms.com\/fr\/es\/wp-json\/wp\/v2\/media\/1780"}],"wp:attachment":[{"href":"https:\/\/mas-oms.com\/fr\/es\/wp-json\/wp\/v2\/media?parent=8027"}],"curies":[{"name":"wp","href":"https:\/\/api.w.org\/{rel}","templated":true}]}}