{"id":8038,"date":"2021-03-05T17:18:27","date_gmt":"2021-03-05T16:18:27","guid":{"rendered":"https:\/\/www.mas-oms.com\/aviso-legal\/"},"modified":"2021-03-07T14:35:34","modified_gmt":"2021-03-07T13:35:34","slug":"aviso-legal","status":"publish","type":"page","link":"https:\/\/mas-oms.com\/fr\/es\/aviso-legal\/","title":{"rendered":"Aviso legal"},"content":{"rendered":"<p>[et_pb_section fb_built=\u00bb1&#8243; custom_padding_last_edited=\u00bbon|desktop\u00bb admin_label=\u00bbsection\u00bb _builder_version=\u00bb3.22&#8243; background_color=\u00bb#ffffff\u00bb parallax=\u00bbon\u00bb parallax_method=\u00bboff\u00bb custom_padding=\u00bb0px||0px|\u00bb custom_padding_tablet=\u00bb50px|0|50px|0&#8243; custom_padding_phone=\u00bb\u00bb transparent_background=\u00bboff\u00bb padding_mobile=\u00bboff\u00bb make_fullwidth=\u00bboff\u00bb use_custom_width=\u00bboff\u00bb width_unit=\u00bbon\u00bb global_module=\u00bb544&#8243; locked=\u00bboff\u00bb][et_pb_row admin_label=\u00bbrow\u00bb _builder_version=\u00bb3.25&#8243; background_size=\u00bbinitial\u00bb background_position=\u00bbtop_left\u00bb background_repeat=\u00bbrepeat\u00bb width=\u00bb90%\u00bb max_width=\u00bb1200px\u00bb][et_pb_column type=\u00bb4_4&#8243; _builder_version=\u00bb3.0.47&#8243; custom_padding=\u00bb|||\u00bb custom_padding__hover=\u00bb|||\u00bb][et_pb_post_title meta=\u00bboff\u00bb featured_image=\u00bboff\u00bb _builder_version=\u00bb3.11.1&#8243; title_font_size=\u00bb35px\u00bb title_line_height=\u00bb1.7em\u00bb background_color=\u00bbrgba(255,255,255,0)\u00bb parallax=\u00bbon\u00bb parallax_method=\u00bboff\u00bb title_font_size_tablet=\u00bb50px\u00bb title_font_size_phone=\u00bb20px\u00bb title_font_size_last_edited=\u00bboff|phone\u00bb use_border_color=\u00bboff\u00bb][\/et_pb_post_title][\/et_pb_column][\/et_pb_row][\/et_pb_section][et_pb_section fb_built=\u00bb1&#8243; admin_label=\u00bbsection\u00bb _builder_version=\u00bb3.22.3&#8243;][et_pb_row admin_label=\u00bbrow\u00bb _builder_version=\u00bb3.25&#8243; background_size=\u00bbinitial\u00bb background_position=\u00bbtop_left\u00bb background_repeat=\u00bbrepeat\u00bb][et_pb_column type=\u00bb4_4&#8243; _builder_version=\u00bb3.25&#8243; custom_padding=\u00bb|||\u00bb custom_padding__hover=\u00bb|||\u00bb][et_pb_text admin_label=\u00bbText\u00bb _builder_version=\u00bb4.7.4&#8243; background_size=\u00bbinitial\u00bb background_position=\u00bbtop_left\u00bb background_repeat=\u00bbrepeat\u00bb hover_enabled=\u00bb0&#8243; use_border_color=\u00bboff\u00bb sticky_enabled=\u00bb0&#8243;]<strong>ASUNTO<\/strong><br \/>\nEste aviso legal regula el uso de los sitios web <a href=\"http:\/\/www.casacacaogirona.com\">www.mas-oms.com<\/a> y <a href=\"http:\/\/www.masoms.com\">www.masoms.com<\/a> incluyendo Julien EVRARD es titular \u00a0(en adelante EL PROPIETARIO DEL SITIO WEB).<\/p>\n<p>La navegaci\u00f3n por el sitio web del PROPIETARIO DE LA WEB le atribuye la condici\u00f3n de USUARIO DE LA WEB e implica la aceptaci\u00f3n plena y sin reservas de todas y cada una de las condiciones publicadas en este aviso legal, entendi\u00e9ndose que dichas condiciones podr\u00e1n ser modificadas sin previo aviso por el PROPIETARIO DE LA WEB.<\/p>\n<p><strong>IDENTIFICACI\u00d3N<\/strong><\/p>\n<p>EL PROPIETARIO DE LA WEB, en cumplimiento de la Ley 34\/2002, de 11 de julio, de Servicios de la Sociedad de la Informaci\u00f3n y del Comercio Electr\u00f3nico, le informa que:<\/p>\n<ul>\n<li>Su n\u00famero de IVA es : Y8201524Z<\/li>\n<li>Su sede social es : GIV6641 km 10,5 17242 Montenegre (Quart)<\/li>\n<li>Sus datos de contacto\u00a0: +34 634.732.697\u00a0et <a href=\"mailto:julien@mas-oms.com\">julien@mas-oms.com<\/a><\/li>\n<\/ul>\n<p><strong>CONDICIONES DE ACCESO Y USO<\/strong><\/p>\n<p>El sitio web y sus servicios son gratuitos y de libre acceso. No obstante, el PROPIETARIO DE LA WEB condiciona la utilizaci\u00f3n de algunos de los servicios ofrecidos en su p\u00e1gina web a la previa cumplimentaci\u00f3n del correspondiente formulario.<\/p>\n<p>Todos los contenidos del sitio web, como textos, fotograf\u00edas, gr\u00e1ficos, im\u00e1genes, iconos, tecnolog\u00eda, software, as\u00ed como sus gr\u00e1ficos y c\u00f3digos fuente, constituyen una obra cuya propiedad pertenece al PROPIETARIO DE LA WEB, sin que puedan entenderse cedidos al usuario ninguno de los derechos de explotaci\u00f3n sobre los mismos, m\u00e1s all\u00e1 de lo estrictamente necesario para el correcto uso de la web.<\/p>\n<p>La distribuci\u00f3n, modificaci\u00f3n, cesi\u00f3n o comunicaci\u00f3n p\u00fablica de los contenidos y cualquier otro acto que no haya sido expresamente autorizado por el titular de los derechos de explotaci\u00f3n quedan prohibidos.<\/p>\n<p>El establecimiento de un hiperenlace no implica en ning\u00fan caso la existencia de relaciones entre el PROPIETARIO DE LA WEB y el propietario del sitio web en el que se establezca, ni la aceptaci\u00f3n y aprobaci\u00f3n por parte del PROPIETARIO DE LA WEB de sus contenidos o servicios.<\/p>\n<p><strong>DERECHO PERTINENTE<\/strong><br \/>\nEstas condiciones se regir\u00e1n por la legislaci\u00f3n espa\u00f1ola vigente.<\/p>\n<p>&nbsp;<\/p>\n<p>&nbsp;<\/p>\n<div class=\"region region-content\">\n<div id=\"block-system-main\" class=\"block block-system block-even\">\n<div class=\"content\">\n<article id=\"node-88\" class=\"node node-page node-odd published with-comments node-full clearfix\">\n<div class=\"content\">\n<div class=\"field field-name-body field-type-text-with-summary field-label-hidden\">\n<div class=\"field-items\"><\/div>\n<\/div>\n<\/div>\n<\/article>\n<\/div>\n<\/div>\n<\/div>\n<p>[\/et_pb_text][\/et_pb_column][\/et_pb_row][\/et_pb_section]<\/p>\n","protected":false},"excerpt":{"rendered":"<p>ASUNTO Este aviso legal regula el uso de los sitios web www.mas-oms.com y www.masoms.com incluyendo Julien EVRARD es titular \u00a0(en adelante EL PROPIETARIO DEL SITIO WEB). La navegaci\u00f3n por el sitio web del PROPIETARIO DE LA WEB le atribuye la condici\u00f3n de USUARIO DE LA WEB e implica la aceptaci\u00f3n plena y sin reservas de [&hellip;]<\/p>\n","protected":false},"author":1,"featured_media":0,"parent":0,"menu_order":0,"comment_status":"closed","ping_status":"closed","template":"","meta":{"_acf_changed":false,"_et_pb_use_builder":"on","_et_pb_old_content":"","_et_gb_content_width":"","_monsterinsights_skip_tracking":false,"_monsterinsights_sitenote_active":false,"_monsterinsights_sitenote_note":"","_monsterinsights_sitenote_category":0,"footnotes":""},"class_list":["post-8038","page","type-page","status-publish","hentry"],"acf":[],"yoast_head":"<!-- This site is optimized with the Yoast SEO plugin v27.0 - https:\/\/yoast.com\/product\/yoast-seo-wordpress\/ -->\n<title>Aviso legal - MAS OMS<\/title>\n<meta name=\"robots\" content=\"index, follow, max-snippet:-1, max-image-preview:large, max-video-preview:-1\" \/>\n<link rel=\"canonical\" href=\"https:\/\/mas-oms.com\/fr\/es\/aviso-legal\/\" \/>\n<meta property=\"og:locale\" content=\"es_ES\" \/>\n<meta property=\"og:type\" content=\"article\" \/>\n<meta property=\"og:title\" content=\"Aviso legal - MAS OMS\" \/>\n<meta property=\"og:url\" content=\"https:\/\/mas-oms.com\/fr\/es\/aviso-legal\/\" \/>\n<meta property=\"og:site_name\" content=\"MAS OMS\" \/>\n<meta property=\"article:modified_time\" content=\"2021-03-07T13:35:34+00:00\" \/>\n<meta name=\"twitter:card\" content=\"summary_large_image\" \/>\n<meta name=\"twitter:label1\" content=\"Tiempo de lectura\" \/>\n\t<meta name=\"twitter:data1\" content=\"3 minutos\" \/>\n<script type=\"application\/ld+json\" class=\"yoast-schema-graph\">{\"@context\":\"https:\/\/schema.org\",\"@graph\":[{\"@type\":\"WebPage\",\"@id\":\"https:\/\/mas-oms.com\/fr\/es\/aviso-legal\/\",\"url\":\"https:\/\/mas-oms.com\/fr\/es\/aviso-legal\/\",\"name\":\"Aviso legal - MAS OMS\",\"isPartOf\":{\"@id\":\"https:\/\/mas-oms.com\/fr\/es\/#website\"},\"datePublished\":\"2021-03-05T16:18:27+00:00\",\"dateModified\":\"2021-03-07T13:35:34+00:00\",\"breadcrumb\":{\"@id\":\"https:\/\/mas-oms.com\/fr\/es\/aviso-legal\/#breadcrumb\"},\"inLanguage\":\"es\",\"potentialAction\":[{\"@type\":\"ReadAction\",\"target\":[\"https:\/\/mas-oms.com\/fr\/es\/aviso-legal\/\"]}]},{\"@type\":\"BreadcrumbList\",\"@id\":\"https:\/\/mas-oms.com\/fr\/es\/aviso-legal\/#breadcrumb\",\"itemListElement\":[{\"@type\":\"ListItem\",\"position\":1,\"name\":\"Accueil\",\"item\":\"https:\/\/mas-oms.com\/fr\/es\/\"},{\"@type\":\"ListItem\",\"position\":2,\"name\":\"Aviso legal\"}]},{\"@type\":\"WebSite\",\"@id\":\"https:\/\/mas-oms.com\/fr\/es\/#website\",\"url\":\"https:\/\/mas-oms.com\/fr\/es\/\",\"name\":\"MAS OMS\",\"description\":\"\",\"potentialAction\":[{\"@type\":\"SearchAction\",\"target\":{\"@type\":\"EntryPoint\",\"urlTemplate\":\"https:\/\/mas-oms.com\/fr\/es\/?s={search_term_string}\"},\"query-input\":{\"@type\":\"PropertyValueSpecification\",\"valueRequired\":true,\"valueName\":\"search_term_string\"}}],\"inLanguage\":\"es\"}]}<\/script>\n<!-- \/ Yoast SEO plugin. -->","yoast_head_json":{"title":"Aviso legal - MAS OMS","robots":{"index":"index","follow":"follow","max-snippet":"max-snippet:-1","max-image-preview":"max-image-preview:large","max-video-preview":"max-video-preview:-1"},"canonical":"https:\/\/mas-oms.com\/fr\/es\/aviso-legal\/","og_locale":"es_ES","og_type":"article","og_title":"Aviso legal - MAS OMS","og_url":"https:\/\/mas-oms.com\/fr\/es\/aviso-legal\/","og_site_name":"MAS OMS","article_modified_time":"2021-03-07T13:35:34+00:00","twitter_card":"summary_large_image","twitter_misc":{"Tiempo de lectura":"3 minutos"},"schema":{"@context":"https:\/\/schema.org","@graph":[{"@type":"WebPage","@id":"https:\/\/mas-oms.com\/fr\/es\/aviso-legal\/","url":"https:\/\/mas-oms.com\/fr\/es\/aviso-legal\/","name":"Aviso legal - MAS OMS","isPartOf":{"@id":"https:\/\/mas-oms.com\/fr\/es\/#website"},"datePublished":"2021-03-05T16:18:27+00:00","dateModified":"2021-03-07T13:35:34+00:00","breadcrumb":{"@id":"https:\/\/mas-oms.com\/fr\/es\/aviso-legal\/#breadcrumb"},"inLanguage":"es","potentialAction":[{"@type":"ReadAction","target":["https:\/\/mas-oms.com\/fr\/es\/aviso-legal\/"]}]},{"@type":"BreadcrumbList","@id":"https:\/\/mas-oms.com\/fr\/es\/aviso-legal\/#breadcrumb","itemListElement":[{"@type":"ListItem","position":1,"name":"Accueil","item":"https:\/\/mas-oms.com\/fr\/es\/"},{"@type":"ListItem","position":2,"name":"Aviso legal"}]},{"@type":"WebSite","@id":"https:\/\/mas-oms.com\/fr\/es\/#website","url":"https:\/\/mas-oms.com\/fr\/es\/","name":"MAS OMS","description":"","potentialAction":[{"@type":"SearchAction","target":{"@type":"EntryPoint","urlTemplate":"https:\/\/mas-oms.com\/fr\/es\/?s={search_term_string}"},"query-input":{"@type":"PropertyValueSpecification","valueRequired":true,"valueName":"search_term_string"}}],"inLanguage":"es"}]}},"_links":{"self":[{"href":"https:\/\/mas-oms.com\/fr\/es\/wp-json\/wp\/v2\/pages\/8038","targetHints":{"allow":["GET"]}}],"collection":[{"href":"https:\/\/mas-oms.com\/fr\/es\/wp-json\/wp\/v2\/pages"}],"about":[{"href":"https:\/\/mas-oms.com\/fr\/es\/wp-json\/wp\/v2\/types\/page"}],"author":[{"embeddable":true,"href":"https:\/\/mas-oms.com\/fr\/es\/wp-json\/wp\/v2\/users\/1"}],"replies":[{"embeddable":true,"href":"https:\/\/mas-oms.com\/fr\/es\/wp-json\/wp\/v2\/comments?post=8038"}],"version-history":[{"count":5,"href":"https:\/\/mas-oms.com\/fr\/es\/wp-json\/wp\/v2\/pages\/8038\/revisions"}],"predecessor-version":[{"id":8803,"href":"https:\/\/mas-oms.com\/fr\/es\/wp-json\/wp\/v2\/pages\/8038\/revisions\/8803"}],"wp:attachment":[{"href":"https:\/\/mas-oms.com\/fr\/es\/wp-json\/wp\/v2\/media?parent=8038"}],"curies":[{"name":"wp","href":"https:\/\/api.w.org\/{rel}","templated":true}]}}