{"id":8042,"date":"2021-03-05T17:18:28","date_gmt":"2021-03-05T16:18:28","guid":{"rendered":"https:\/\/www.mas-oms.com\/vida-privada\/"},"modified":"2021-03-09T12:56:44","modified_gmt":"2021-03-09T11:56:44","slug":"vida-privada","status":"publish","type":"page","link":"https:\/\/mas-oms.com\/fr\/es\/vida-privada\/","title":{"rendered":"Vida privada"},"content":{"rendered":"<p>[et_pb_section fb_built=\u00bb1&#8243; custom_padding_last_edited=\u00bbon|desktop\u00bb admin_label=\u00bbsection\u00bb _builder_version=\u00bb3.22&#8243; background_color=\u00bb#ffffff\u00bb parallax=\u00bbon\u00bb parallax_method=\u00bboff\u00bb custom_padding=\u00bb0px||0px|\u00bb custom_padding_tablet=\u00bb50px|0|50px|0&#8243; custom_padding_phone=\u00bb\u00bb transparent_background=\u00bboff\u00bb padding_mobile=\u00bboff\u00bb make_fullwidth=\u00bboff\u00bb use_custom_width=\u00bboff\u00bb width_unit=\u00bbon\u00bb global_module=\u00bb544&#8243; locked=\u00bboff\u00bb][et_pb_row admin_label=\u00bbrow\u00bb _builder_version=\u00bb3.25&#8243; background_size=\u00bbinitial\u00bb background_position=\u00bbtop_left\u00bb background_repeat=\u00bbrepeat\u00bb width=\u00bb90%\u00bb max_width=\u00bb1200px\u00bb][et_pb_column type=\u00bb4_4&#8243; _builder_version=\u00bb3.0.47&#8243; custom_padding=\u00bb|||\u00bb custom_padding__hover=\u00bb|||\u00bb][et_pb_post_title meta=\u00bboff\u00bb featured_image=\u00bboff\u00bb _builder_version=\u00bb3.11.1&#8243; title_font_size=\u00bb35px\u00bb title_line_height=\u00bb1.7em\u00bb background_color=\u00bbrgba(255,255,255,0)\u00bb parallax=\u00bbon\u00bb parallax_method=\u00bboff\u00bb title_font_size_tablet=\u00bb50px\u00bb title_font_size_phone=\u00bb20px\u00bb title_font_size_last_edited=\u00bboff|phone\u00bb use_border_color=\u00bboff\u00bb][\/et_pb_post_title][\/et_pb_column][\/et_pb_row][\/et_pb_section][et_pb_section fb_built=\u00bb1&#8243; admin_label=\u00bbsection\u00bb _builder_version=\u00bb3.22.3&#8243;][et_pb_row admin_label=\u00bbrow\u00bb _builder_version=\u00bb3.25&#8243; background_size=\u00bbinitial\u00bb background_position=\u00bbtop_left\u00bb background_repeat=\u00bbrepeat\u00bb][et_pb_column type=\u00bb4_4&#8243; _builder_version=\u00bb3.25&#8243; custom_padding=\u00bb|||\u00bb custom_padding__hover=\u00bb|||\u00bb][et_pb_text admin_label=\u00bbText\u00bb _builder_version=\u00bb4.7.4&#8243; background_size=\u00bbinitial\u00bb background_position=\u00bbtop_left\u00bb background_repeat=\u00bbrepeat\u00bb hover_enabled=\u00bb0&#8243; use_border_color=\u00bboff\u00bb border_color=\u00bb#ffffff\u00bb border_style=\u00bbsolid\u00bb sticky_enabled=\u00bb0&#8243;]<\/p>\n<h2>Introducci\u00f3n<\/h2>\n<p>En el contexto de utilizaci\u00f3n de servicios accesibles en su p\u00e1gina web \u00abnuestro establecimiento\u00bb representado por Julien EVRARD \u2013 NIE Y8201524Z es susceptible de recoger y tratar los datos personales que le conciernan.<\/p>\n<p>Nuestro establecimiento se ajusta las reclas establecidas de protecci\u00f3n de datos personales de los visitantes de nuestra p\u00e1gina web: <a href=\"http:\/\/www.masoms.com\">www.masoms.com<\/a> o <a href=\"https:\/\/mas-oms.com\">www.mas-oms.com<\/a>. EL conjunto de los tratamientos de datos personales en este contexto de servicios accesibles respeta el Reglamento Europeo general 2016\/679 con respecto a la protecci\u00f3n de datos personales (\u00abRGPD\u00bb).<\/p>\n<h2>1 \u2013 \u00bfA qu\u00e9 nos comprometemos con la protecci\u00f3n de datos personales?<\/h2>\n<p>Nuestro establecimiento se ajusta las reclas establecidas de protecci\u00f3n de datos personales de los visitantes de nuestra p\u00e1gina web: <a href=\"http:\/\/www.masoms.com\">www.masoms.com<\/a> o <a href=\"https:\/\/mas-oms.com\">www.mas-oms.com<\/a><\/p>\n<p>Nuestra empresa se compromete a cumplir con la normativa aplicable a todos los tratamientos de datos personales que realice:<\/p>\n<ul>\n<li>sus datos personales son tratados de forma l\u00edcita, leal y transparente;<\/li>\n<li>Sus datos personales son recogidos con una finalidad determinada, expl\u00edcita y leg\u00edtima, y no ser\u00e1n recogidos posteriormente con otros fines;<\/li>\n<li>Sus datos personales ser\u00e1n conserfados de manera adecuada y pertinente. Y usar\u00e1n \u00fanicamente para los fines necesarios para los que son recogidos ;<\/li>\n<\/ul>\n<h2>2 \u2013 \u00bfQu\u00e9 datos personales recogemos?<\/h2>\n<h3>A \u2013 En funci\u00f3n de la finalidad<\/h3>\n<p>Los datos personales que recogemos son:<\/p>\n<ol>\n<li>a) sus coordenadas personales, as\u00ed como su nombre, apellido, direcci\u00f3n e-mail, direcci\u00f3n personal y n\u00famero(s) de tel\u00e9fono;<\/li>\n<li>b) los intercambios de correos con nuestro establecimiento;<\/li>\n<li>c) su historial de navegaci\u00f3n, las p\u00e1ginas visitadas, la fecha de la visita, la localizaci\u00f3n a la hora de visitarlas y la direcci\u00f3n IP ;<\/li>\n<li>d) la informaci\u00f3n relativa al pago cuando realiza una reserva a trav\u00e9s de nuestra p\u00e1gina web. Normalmente la factura est\u00e1 escrita a vuestro nombre, direcci\u00f3n de facturaci\u00f3n y datos de pago como la tarjeta de cr\u00e9dito o cuenta bancaria;<\/li>\n<\/ol>\n<p>De forma ocasional podemos tambi\u00e9n recoger datos personales como su edad, g\u00e9nero, la estructura familiar, su cuarto preferido o el motivo de inter\u00e9s por nuestro establecimiento. De manera indirecta podemos conservar sus respuestas a nuestros post o a nuestros anuncios promocionales en nuestras redes sociales.<\/p>\n<h3>B \u2013 Datos personales de los menores de edad<\/h3>\n<p>Nuestro establecimiento no recoge ni trata datos personales relacionados con ni\u00f1os menores de 18 a\u00f1os sin permiso previo de los padres o tutores parentales del ni\u00f1o.<\/p>\n<p>Si los datos personales del ni\u00f1o son recogidos a trav\u00e9s de nuestra p\u00e1gina web, los padres o tutores tienen la posibilidad de oponerse contactando con nosotros a trav\u00e9s del correo indicado a pie de p\u00e1gina.<\/p>\n<h2>3 \u2013 \u00bfC\u00f3mo recogemos los datos personales?<\/h2>\n<h3>A \u2013 Formas de recoger los datos personales<\/h3>\n<p>En el contexto de nuestras interacciones, es probable que nos comunique sus datos personales a trav\u00e9s de varios medios y, en particular, en nuestra p\u00e1gina en el momento de su reserva, cuando se suscriba al bolet\u00edn de nocitias, publique comentarios en nuestras redes sociales, cuando contacte con nuestro establecimiento o cuando nos transmite sus datos personales de cualquier otra manera.<\/p>\n<h3>B \u2013 Direcci\u00f3n IP<\/h3>\n<p>La direcci\u00f3n IP es una serie de n\u00fameros que el proveedor de servicios de internet asigna autom\u00e1ticamente a su ordenador para cada conexi\u00f3n. Cada vez que usted realiza una solicitud al sitio, nuestro servidor registra el rastro de su visita y determina la ciudad desde la que se conecta. No transmitimos ninguna informacion que pueda identificarle, lo que significa que su sesi\u00f3n ser\u00e1 registrada, pero permanecer\u00e1 an\u00f3nima para nosotros.<\/p>\n<h3>C \u2013 Cookies<\/h3>\n<h3>Qu\u00e9 es una cookie<\/h3>\n<p>Una cookie es un peque\u00f1o archivo de texto guardado por el servidor de una p\u00e1gina web dentro del navegador de vuestro ordenador o del m\u00f3vil cuando visita la p\u00e1gina web. La cookie contiene un c\u00f3digo \u00fanico permanente que permite reconocer el navegador a la hora de visitar una p\u00e1gina web (cookie de sesi\u00f3n) o para futuras visitas (cookie permanente).<\/p>\n<p>Las cookies pueden ser puestas por el servidor del sitio web que visite o las pueden poner los colaboradores de la p\u00e1gina web. El servidor de un sitio web solo puede leer las cookies que \u00e9l mismo haya puesto: este no tiene acceso a ninguna informaci\u00f3n extra de vuestro ordenador o dispositivo m\u00f3vil. Las cookies son guardadas en el ordenador o dispositivo m\u00f3vil dentro del historial de vuestro navegador.. El contenido de una cookie se compone normalmente del nombre del servidor que ha puesto la cookie, de una fecha de caducidad y de un c\u00f3digo cifrado \u00fanico<\/p>\n<p>Las cookies generalmente se aseguran de proporcionar una interacci\u00f3n m\u00e1s f\u00e1cil y r\u00e1pida entre el usuario y la p\u00e1gina web. Adem\u00e1s, ayudan al usuario a navegar entre las diferentes partes de la p\u00e1gina web. Las cookies pueden tambi\u00e9n ser utilizadas para hacer el contenido o la publicidad de la p\u00e1gina web m\u00e1s relevante para el usuario y adaptarse a los gustos personales y necesidades de este.<\/p>\n<h3>Cookies internas necesarias para que funcione la p\u00e1gina<\/h3>\n<p>Estas cookies son necesarias para permitir visitas a nuestros sitios web y para la utilizaci\u00f3n ciertas partes de ellos. Estas cookies le permiten, por ejemplo, navegar entre las diferentes secciones de las p\u00e1ginas web, completar formularios, realizar pedidos, consultar un sitio web multiling\u00fce y actualizar el contenido de su carrito de compras. Si rechaza este tipo de cookies, ciertas funciones de la p\u00e1gina no funcionar\u00e1n como es debido, o incluso no funcionar\u00e1n para nada.<\/p>\n<h3>Cookies anal\u00edticas<\/h3>\n<p>Este sitio contiene Google Analytics para recopilar informaci\u00f3n sobre el uso que realizan los visitantes en el sitio web, con motivo de mejorar el contenido, adaptarlo a los deseos de los usuarios y aumentar la facilidad de uso. As\u00ed, por ejemplo, esta p\u00e1gina web utiliza cookies proporcionadas por Google Analytics. En caso de utilizar este tipo de cookies, el proceso de recopilaci\u00f3n de datos depende del funcionamiento del departamento publicitario<\/p>\n<h4>analytics.js<\/h4>\n<ul>\n<li>_ga :\n<ul>\n<li>Plazo de conservaci\u00f3n: 2 a\u00f1os<\/li>\n<li>Descripci\u00f3n: se utiliza para distinguir a los usuarios<\/li>\n<\/ul>\n<\/li>\n<li>_gid :\n<ul>\n<li>Plazo de conservaci\u00f3n: 24 horas<\/li>\n<li>Descripci\u00f3n: se utiliza para distinguir a los usuarios<\/li>\n<\/ul>\n<\/li>\n<li>_gat :\n<ul>\n<li><span class=\"l-content-editor__text\">Plazo de conservaci\u00f3n: 1 minuto<\/span><\/li>\n<li><span class=\"l-content-editor__text\">Descripci\u00f3n: se utiliza para reducir la tasa de demanda<\/span><\/li>\n<\/ul>\n<\/li>\n<\/ul>\n<h4>ga.js<\/h4>\n<ul>\n<li><span class=\"l-content-editor__text\">Plazo de conservaci\u00f3n: 2 a\u00f1os tras la \u00faltima actualizaci\u00f3n<\/span><\/li>\n<li><span class=\"l-content-editor__text\">Descripci\u00f3n: se utiliza para distinguir a los usuarios y a las sesiones. La cookie se crea cuando se ejecuta la biblioteca javascript y cuando no existe ninguna cookie <\/span><span class=\"l-content-editor__text\">__utma. Las cookies se actualizan cada vez que se env\u00edan los datos a Google Analytics<\/span><\/li>\n<li>__utmt :\n<ul>\n<li><span class=\"l-content-editor__text\">Plazo de conservaci\u00f3n: 10 minutos<\/span><\/li>\n<li><span class=\"l-content-editor__text\">Descripci\u00f3n: se utiliza para reducir la tasa de demanda<\/span><\/li>\n<\/ul>\n<\/li>\n<li>__utmb :\n<ul>\n<li><span class=\"l-content-editor__text\">Plazo de conservaci\u00f3n: 30 minutos tras la \u00faltima actualizaci\u00f3n<\/span><\/li>\n<li><span class=\"l-content-editor__text\">Descripci\u00f3n: se utiliza para distinguir a los usuarios y las sesiones. La cookie se crea cuando la biblioteca javascript se ejecuta y cuando no existe ninguna cookie __utma. Las cookies se actualizan cada vez que se env\u00edan los datos a Google Analytics<\/span><\/li>\n<\/ul>\n<\/li>\n<li>__utmz :\n<ul>\n<li><span class=\"l-content-editor__text\">Plazo de conservaci\u00f3n: 6 meses tras la \u00faltima actualizaci\u00f3n<\/span><\/li>\n<li><span class=\"l-content-editor__text\">Descripci\u00f3n: almacena la fuente del tr\u00e1fico o campa\u00f1a que explica como ha llegado el usuario a la p\u00e1gina web. La cookie se crea cada vez que se ejecuta la biblioteca javascript y se actualiza cada vez que se env\u00edan los datos a Google analytics.<\/span><\/li>\n<\/ul>\n<\/li>\n<\/ul>\n<p>Google se aseguro de actualizar todas las medidas de seguridad necesarias para garantizar la seguridad de los datos via uni\u00f3n \u00abPrivacy Shield\u00bb donde se puede ver la certificaci\u00f3n en el siguiente link : <a href=\"https:\/\/www.privacyshield.gov\/participant?id=a2zt000000001L5AAI\">https:\/\/www.privacyshield.gov\/participant?id=a2zt000000001L5AAI<\/a><\/p>\n<p>Tambi\u00e9n puedes rechazar las cookies y los an\u00e1lisis de los datos de navegaci\u00f3n a trav\u00e9s del procedimiento disponible en este link : <a href=\"https:\/\/tools.google.com\/dlpage\/gaoptout?hl=fr\">https:\/\/tools.google.com\/dlpage\/gaoptout?hl=fr<\/a><\/p>\n<p>Ninguna informaci\u00f3n con relaci\u00f3n a las cookies es transferida a terceros ni utiliados con otro fin.<\/p>\n<h3>D \u2013 Respeto de su vida privada<\/h3>\n<p>Nos compremetemos a la protecci\u00f3n de su privacidad y respetamos los siguientes dos principios<\/p>\n<ul>\n<li>No asociamos a sus cookies ninguna informacion que permita identificarle directa y personalmente. Las cookies no nos permiten en ning\u00fan caso conocer su direcci\u00f3n, fecha de nacimiento, n\u00famero de tel\u00e9fono o cualquier otra informaci\u00f3n que pueda identifiacarle<\/li>\n<li>No proporcionamos ninguna informaci\u00f3n personal a terceros.<\/li>\n<\/ul>\n<h3>E \u2013 Enlaces a terceros<\/h3>\n<p>Nuestra p\u00e1gina web puede contener enlaces a sitios web de terceros. No somos responsables de la recopilaci\u00f3n, el uso, la gesti\u00f3n, el intercambio o la divulgaci\u00f3n de datos e informaci\u00f3n por parte de estos terceros<\/p>\n<h2>4 \u2013\u00bfPara que sirven los datos recogidos?<\/h2>\n<p>Pueden recogerse sus datos para:<\/p>\n<ul>\n<li>Beneficiarse de todos los servicios disponibles de nuestra p\u00e1gina web;<\/li>\n<li>Navegar en nuestra p\u00e1gina web;<\/li>\n<li>Ajustar nuestra informaci\u00f3n y ofertas lo m\u00e1s posible a sus intereses;<\/li>\n<li>Facilitar la realizaci\u00f3n de los tr\u00e1mites administrativos relativos a la reserva.<\/li>\n<\/ul>\n<h2>5 \u2013 \u00bfCu\u00e1nto tiempo se conservan sus datos?<\/h2>\n<p>Los periodos de conservaci\u00f3n se establecen en funci\u00f3n de los fines del tratamiento aplicado por nuestro establecimiento y tienen en cuenta las disposiciones legales aplicables que imponen un periodo de conservaci\u00f3n preciso para determinadas categor\u00edas de datos.<\/p>\n<h2>6 \u2013 \u00bfQui\u00e9n puede acceder a sus datos personales?<\/h2>\n<h3>A \u2013 Destinatarios de sus datos<\/h3>\n<p>Los datos recogidos en nuestra p\u00e1gina web pueden ser comunicados a nuestro personal interno o a sus proveedores de servicios auxiliares (subcontratistas, proeedores de servicios, bancos), en la ejecuci\u00f3n total o parcial de los servicios mencionados anteriormente.<\/p>\n<h2>7 \u2013 \u00bfC\u00f3mo ejercer sus derechos?<\/h2>\n<p>De acuerdo con\u00a0 la normativa aplicable en la protecci\u00f3n de datos personales, usted puede ejercer en cualquier momento su derecho de acceso, rectificaci\u00f3n y supresi\u00f3n de los datos que le conciernen.<\/p>\n<p>Estos derechos pueden ejercerse a por correo a la siguiente direcci\u00f3n:<\/p>\n<p>Julien EVRARD<\/p>\n<p>GIV6641 Km 10,5<\/p>\n<p>17242 Montnegre (Quart)<\/p>\n<p>Espa\u00f1a<\/p>\n<p>o por correo electr\u00f3nico: <a href=\"mailto:julien@mas-oms.com\">julien@mas-oms.com<\/a><\/p>\n<p>Tiene tambi\u00e9n derecho a recurrir a la Comisi\u00f3n Nacional de Inform\u00e1tica y Libertad en caso de violaci\u00f3n de la normativa aplicable en materia de protecci\u00f3n de datos personales, y en particular del RGPD.<\/p>\n<h2>8 \u2013Seguridad inform\u00e1tica\/seguridad de transacciones<\/h2>\n<p>Garantizar la seguridad y confidencialidad de los datos personales que nos conf\u00eda es una prioridad para nuestro establecimiento. Le ofrecemos un sistema de pago seguro online que utiliza las \u00faltimas tecnolog\u00edas en vigor.<\/p>\n<h2>9 \u2013 Contacte con nosotros<\/h2>\n<p>Para cualquier otra pregunta complementaria relativa a la pol\u00edtica de datos o la manera en la que este establecimiento trata sus datos personales, le invitamos a contactar con nosotros a trav\u00e9s del correo: <a href=\"mailto:julien@mas-oms.com\">julien@mas-oms.com<\/a><\/p>\n<h2>10 \u2013 Modificaciones de la declaraci\u00f3n<\/h2>\n<p>Nuestro establecimiento se reserva el derecoh de adoptar la pol\u00edtica de protecci\u00f3n de datos personales.[\/et_pb_text][\/et_pb_column][\/et_pb_row][\/et_pb_section]<\/p>\n","protected":false},"excerpt":{"rendered":"<p>Dejeond- Delarge se compromete a garantizar los datos recopilados y procesados a trav\u00e9s de la p\u00e1gina www.dejeond.be cumplan con el Reglamento General de Protecci\u00f3n de Datos (RGPD).<\/p>\n","protected":false},"author":1,"featured_media":0,"parent":0,"menu_order":0,"comment_status":"closed","ping_status":"closed","template":"","meta":{"_acf_changed":false,"_et_pb_use_builder":"on","_et_pb_old_content":"","_et_gb_content_width":"","_monsterinsights_skip_tracking":false,"_monsterinsights_sitenote_active":false,"_monsterinsights_sitenote_note":"","_monsterinsights_sitenote_category":0,"footnotes":""},"class_list":["post-8042","page","type-page","status-publish","hentry"],"acf":[],"yoast_head":"<!-- This site is optimized with the Yoast SEO plugin v27.0 - https:\/\/yoast.com\/product\/yoast-seo-wordpress\/ -->\n<title>Vida privada - MAS OMS<\/title>\n<meta name=\"robots\" content=\"index, follow, max-snippet:-1, max-image-preview:large, max-video-preview:-1\" \/>\n<link rel=\"canonical\" href=\"https:\/\/mas-oms.com\/fr\/es\/vida-privada\/\" \/>\n<meta property=\"og:locale\" content=\"es_ES\" \/>\n<meta property=\"og:type\" content=\"article\" \/>\n<meta property=\"og:title\" content=\"Vida privada - MAS OMS\" \/>\n<meta property=\"og:description\" content=\"Dejeond- Delarge se compromete a garantizar los datos recopilados y procesados a trav\u00e9s de la p\u00e1gina www.dejeond.be cumplan con el Reglamento General de Protecci\u00f3n de Datos (RGPD).\" \/>\n<meta property=\"og:url\" content=\"https:\/\/mas-oms.com\/fr\/es\/vida-privada\/\" \/>\n<meta property=\"og:site_name\" content=\"MAS OMS\" \/>\n<meta property=\"article:modified_time\" content=\"2021-03-09T11:56:44+00:00\" \/>\n<meta name=\"twitter:card\" content=\"summary_large_image\" \/>\n<meta name=\"twitter:label1\" content=\"Tiempo de lectura\" \/>\n\t<meta name=\"twitter:data1\" content=\"10 minutos\" \/>\n<script type=\"application\/ld+json\" class=\"yoast-schema-graph\">{\"@context\":\"https:\/\/schema.org\",\"@graph\":[{\"@type\":\"WebPage\",\"@id\":\"https:\/\/mas-oms.com\/fr\/es\/vida-privada\/\",\"url\":\"https:\/\/mas-oms.com\/fr\/es\/vida-privada\/\",\"name\":\"Vida privada - MAS OMS\",\"isPartOf\":{\"@id\":\"https:\/\/mas-oms.com\/fr\/es\/#website\"},\"datePublished\":\"2021-03-05T16:18:28+00:00\",\"dateModified\":\"2021-03-09T11:56:44+00:00\",\"breadcrumb\":{\"@id\":\"https:\/\/mas-oms.com\/fr\/es\/vida-privada\/#breadcrumb\"},\"inLanguage\":\"es\",\"potentialAction\":[{\"@type\":\"ReadAction\",\"target\":[\"https:\/\/mas-oms.com\/fr\/es\/vida-privada\/\"]}]},{\"@type\":\"BreadcrumbList\",\"@id\":\"https:\/\/mas-oms.com\/fr\/es\/vida-privada\/#breadcrumb\",\"itemListElement\":[{\"@type\":\"ListItem\",\"position\":1,\"name\":\"Accueil\",\"item\":\"https:\/\/mas-oms.com\/fr\/es\/\"},{\"@type\":\"ListItem\",\"position\":2,\"name\":\"Vida privada\"}]},{\"@type\":\"WebSite\",\"@id\":\"https:\/\/mas-oms.com\/fr\/es\/#website\",\"url\":\"https:\/\/mas-oms.com\/fr\/es\/\",\"name\":\"MAS OMS\",\"description\":\"\",\"potentialAction\":[{\"@type\":\"SearchAction\",\"target\":{\"@type\":\"EntryPoint\",\"urlTemplate\":\"https:\/\/mas-oms.com\/fr\/es\/?s={search_term_string}\"},\"query-input\":{\"@type\":\"PropertyValueSpecification\",\"valueRequired\":true,\"valueName\":\"search_term_string\"}}],\"inLanguage\":\"es\"}]}<\/script>\n<!-- \/ Yoast SEO plugin. -->","yoast_head_json":{"title":"Vida privada - MAS OMS","robots":{"index":"index","follow":"follow","max-snippet":"max-snippet:-1","max-image-preview":"max-image-preview:large","max-video-preview":"max-video-preview:-1"},"canonical":"https:\/\/mas-oms.com\/fr\/es\/vida-privada\/","og_locale":"es_ES","og_type":"article","og_title":"Vida privada - MAS OMS","og_description":"Dejeond- Delarge se compromete a garantizar los datos recopilados y procesados a trav\u00e9s de la p\u00e1gina www.dejeond.be cumplan con el Reglamento General de Protecci\u00f3n de Datos (RGPD).","og_url":"https:\/\/mas-oms.com\/fr\/es\/vida-privada\/","og_site_name":"MAS OMS","article_modified_time":"2021-03-09T11:56:44+00:00","twitter_card":"summary_large_image","twitter_misc":{"Tiempo de lectura":"10 minutos"},"schema":{"@context":"https:\/\/schema.org","@graph":[{"@type":"WebPage","@id":"https:\/\/mas-oms.com\/fr\/es\/vida-privada\/","url":"https:\/\/mas-oms.com\/fr\/es\/vida-privada\/","name":"Vida privada - MAS OMS","isPartOf":{"@id":"https:\/\/mas-oms.com\/fr\/es\/#website"},"datePublished":"2021-03-05T16:18:28+00:00","dateModified":"2021-03-09T11:56:44+00:00","breadcrumb":{"@id":"https:\/\/mas-oms.com\/fr\/es\/vida-privada\/#breadcrumb"},"inLanguage":"es","potentialAction":[{"@type":"ReadAction","target":["https:\/\/mas-oms.com\/fr\/es\/vida-privada\/"]}]},{"@type":"BreadcrumbList","@id":"https:\/\/mas-oms.com\/fr\/es\/vida-privada\/#breadcrumb","itemListElement":[{"@type":"ListItem","position":1,"name":"Accueil","item":"https:\/\/mas-oms.com\/fr\/es\/"},{"@type":"ListItem","position":2,"name":"Vida privada"}]},{"@type":"WebSite","@id":"https:\/\/mas-oms.com\/fr\/es\/#website","url":"https:\/\/mas-oms.com\/fr\/es\/","name":"MAS OMS","description":"","potentialAction":[{"@type":"SearchAction","target":{"@type":"EntryPoint","urlTemplate":"https:\/\/mas-oms.com\/fr\/es\/?s={search_term_string}"},"query-input":{"@type":"PropertyValueSpecification","valueRequired":true,"valueName":"search_term_string"}}],"inLanguage":"es"}]}},"_links":{"self":[{"href":"https:\/\/mas-oms.com\/fr\/es\/wp-json\/wp\/v2\/pages\/8042","targetHints":{"allow":["GET"]}}],"collection":[{"href":"https:\/\/mas-oms.com\/fr\/es\/wp-json\/wp\/v2\/pages"}],"about":[{"href":"https:\/\/mas-oms.com\/fr\/es\/wp-json\/wp\/v2\/types\/page"}],"author":[{"embeddable":true,"href":"https:\/\/mas-oms.com\/fr\/es\/wp-json\/wp\/v2\/users\/1"}],"replies":[{"embeddable":true,"href":"https:\/\/mas-oms.com\/fr\/es\/wp-json\/wp\/v2\/comments?post=8042"}],"version-history":[{"count":5,"href":"https:\/\/mas-oms.com\/fr\/es\/wp-json\/wp\/v2\/pages\/8042\/revisions"}],"predecessor-version":[{"id":10498,"href":"https:\/\/mas-oms.com\/fr\/es\/wp-json\/wp\/v2\/pages\/8042\/revisions\/10498"}],"wp:attachment":[{"href":"https:\/\/mas-oms.com\/fr\/es\/wp-json\/wp\/v2\/media?parent=8042"}],"curies":[{"name":"wp","href":"https:\/\/api.w.org\/{rel}","templated":true}]}}