{"id":8046,"date":"2020-11-30T20:06:21","date_gmt":"2020-11-30T19:06:21","guid":{"rendered":"https:\/\/www.mas-oms.com\/habitaciones\/"},"modified":"2026-02-03T14:57:38","modified_gmt":"2026-02-03T13:57:38","slug":"habitaciones","status":"publish","type":"page","link":"https:\/\/mas-oms.com\/fr\/es\/habitaciones\/","title":{"rendered":"Habitaciones"},"content":{"rendered":"<p>[et_pb_section fb_built=\u00bb1&#8243; fullwidth=\u00bbon\u00bb _builder_version=\u00bb4.16&#8243; _dynamic_attributes=\u00bbbackground_image\u00bb _module_preset=\u00bbdefault\u00bb background_image=\u00bb@ET-DC@eyJkeW5hbWljIjp0cnVlLCJjb250ZW50IjoiY3VzdG9tX21ldGFfYmFubmllcmVfaW1hZ2UiLCJzZXR0aW5ncyI6eyJiZWZvcmUiOiIiLCJhZnRlciI6IiIsImVuYWJsZV9odG1sIjoib2ZmIn19@\u00bb height=\u00bb200px\u00bb custom_margin=\u00bb0px||0px||false|false\u00bb custom_padding=\u00bb||||false|false\u00bb saved_tabs=\u00bball\u00bb collapsed=\u00bboff\u00bb global_colors_info=\u00bb{}\u00bb][et_pb_fullwidth_post_title meta=\u00bboff\u00bb featured_image=\u00bboff\u00bb admin_label=\u00bbTitre du poste en pleine largeur\u00bb _builder_version=\u00bb4.16&#8243; _module_preset=\u00bbdefault\u00bb title_text_align=\u00bbcenter\u00bb title_text_color=\u00bb#ffffff\u00bb title_font_size=\u00bb40px\u00bb height=\u00bb200px\u00bb custom_margin=\u00bb0px||0px||false|false\u00bb custom_padding=\u00bb80px||80px||false|false\u00bb custom_padding_tablet=\u00bb\u00bb custom_padding_phone=\u00bb||||false|false\u00bb custom_padding_last_edited=\u00bbon|phone\u00bb title_font_size_tablet=\u00bb\u00bb title_font_size_phone=\u00bb33px\u00bb title_font_size_last_edited=\u00bbon|phone\u00bb global_colors_info=\u00bb{}\u00bb][\/et_pb_fullwidth_post_title][\/et_pb_section][et_pb_section fb_built=\u00bb1&#8243; custom_padding_last_edited=\u00bbon|desktop\u00bb admin_label=\u00bbsection\u00bb _builder_version=\u00bb4.16&#8243; background_color=\u00bb#ffffff\u00bb custom_padding_tablet=\u00bb50px|0|50px|0&#8243; custom_padding_phone=\u00bb\u00bb transparent_background=\u00bboff\u00bb padding_mobile=\u00bboff\u00bb make_fullwidth=\u00bboff\u00bb use_custom_width=\u00bboff\u00bb width_unit=\u00bbon\u00bb locked=\u00bboff\u00bb global_colors_info=\u00bb{}\u00bb][et_pb_row padding_mobile=\u00bboff\u00bb column_padding_mobile=\u00bbon\u00bb admin_label=\u00bbrow\u00bb _builder_version=\u00bb4.16&#8243; background_size=\u00bbinitial\u00bb background_position=\u00bbtop_left\u00bb background_repeat=\u00bbrepeat\u00bb custom_padding=\u00bb0px|||\u00bb make_fullwidth=\u00bboff\u00bb use_custom_width=\u00bboff\u00bb width_unit=\u00bbon\u00bb global_colors_info=\u00bb{}\u00bb][et_pb_column type=\u00bb4_4&#8243; _builder_version=\u00bb4.16&#8243; custom_padding=\u00bb|||\u00bb global_colors_info=\u00bb{}\u00bb custom_padding__hover=\u00bb|||\u00bb][et_pb_text admin_label=\u00bbTexte\u00bb _builder_version=\u00bb4.27.4&#8243; text_text_color=\u00bb#241e20&#8243; link_font=\u00bb||||on|||#241e20|\u00bb header_text_color=\u00bb#241e20&#8243; header_line_height=\u00bb1.4em\u00bb header_2_text_color=\u00bb#241e20&#8243; header_2_line_height=\u00bb1.4em\u00bb header_3_text_color=\u00bb#241e20&#8243; header_3_line_height=\u00bb1.4em\u00bb background_size=\u00bbinitial\u00bb background_position=\u00bbtop_left\u00bb background_repeat=\u00bbrepeat\u00bb use_border_color=\u00bboff\u00bb global_colors_info=\u00bb{}\u00bb]<\/p>\n<h2 style=\"text-align: center;\"><strong>Descubre tu futura casa rural con encanto, donde la tranquilidad y el confort van de la mano.<\/strong><\/h2>\n<h3 style=\"text-align: center;\"><strong>En Mas Oms, combinamos la profesionalidad de un hotel con la amabilidad de una casa rural con encanto.<\/strong><\/h3>\n<p>&nbsp;<\/p>\n<p>Disfrute de una estancia tranquila en una casa rural con encanto en esta t\u00edpica mas\u00eda catalana. Mas Oms ofrece <strong>4 habitaciones dobles y 2 cu\u00e1druples<\/strong>. Est\u00e1n decoradas con autenticidad y sencillez y ofrecen un excelente confort gracias a su <strong>ropa de cama de alta calidad<\/strong>. Las <strong>s\u00e1banas de lino natural<\/strong> han sido elegidas para aportarle bienestar y transpirabilidad. Adem\u00e1s, puede personalizar el ambiente de su habitaci\u00f3n a su llegada eligiendo el aceite esencial que se difundir\u00e1 en ella. La experiencia contin\u00faa en el ba\u00f1o con nuestros <strong>geles de ducha y champ\u00fas 100% naturales<\/strong>. Todas las habitaciones tienen calefacci\u00f3n central, secador de toallas y sistema de refrigeraci\u00f3n por aire. Todas nuestras habitaciones dobles pueden convertirse en \u00abtwin\u00bb. <strong>Por favor, menci\u00f3nelo al hacer <a href=\"https:\/\/direct-book.com\/properties\/masoms\">su reserva<\/a><\/strong>.<\/p>\n<p>[\/et_pb_text][\/et_pb_column][\/et_pb_row][et_pb_row column_structure=\u00bb1_2,1_2&#8243; _builder_version=\u00bb4.16&#8243; _module_preset=\u00bbdefault\u00bb custom_padding=\u00bb0px||0px||false|false\u00bb hover_enabled=\u00bb0&#8243; global_colors_info=\u00bb{}\u00bb sticky_enabled=\u00bb0&#8243;][et_pb_column type=\u00bb1_2&#8243; _builder_version=\u00bb4.16&#8243; _module_preset=\u00bbdefault\u00bb global_colors_info=\u00bb{}\u00bb][mphb-divi-single-accommodation id=\u00bb1852&#8243; gallery=\u00bboff\u00bb book_button=\u00bboff\u00bb admin_label=\u00bbChambre \u00ab Olivera \u00bb\u00bb _builder_version=\u00bb4.27.4&#8243; _module_preset=\u00bbdefault\u00bb hover_enabled=\u00bb0&#8243; global_colors_info=\u00bb{}\u00bb view_button=\u00bboff\u00bb sticky_enabled=\u00bb0&#8243;][\/mphb-divi-single-accommodation][et_pb_button button_text=\u00bbVer detalles\u00bb _builder_version=\u00bb4.27.4&#8243; _module_preset=\u00bbdefault\u00bb button_url=\u00bbhttps:\/\/mas-oms.com\/es\/habitaciones\/habitacion-olivera\/\u00bb hover_enabled=\u00bb0&#8243; sticky_enabled=\u00bb0&#8243;][\/et_pb_button][\/et_pb_column][et_pb_column type=\u00bb1_2&#8243; _builder_version=\u00bb4.16&#8243; _module_preset=\u00bbdefault\u00bb global_colors_info=\u00bb{}\u00bb][mphb-divi-single-accommodation id=\u00bb1851&#8243; gallery=\u00bboff\u00bb book_button=\u00bboff\u00bb admin_label=\u00bb Chambre \u00ab Figuera \u00bb\u00bb _builder_version=\u00bb4.27.4&#8243; _module_preset=\u00bbdefault\u00bb hover_enabled=\u00bb0&#8243; global_colors_info=\u00bb{}\u00bb view_button=\u00bboff\u00bb sticky_enabled=\u00bb0&#8243;][\/mphb-divi-single-accommodation][et_pb_button button_text=\u00bbVer detalles\u00bb _builder_version=\u00bb4.27.4&#8243; _module_preset=\u00bbdefault\u00bb button_url=\u00bbhttps:\/\/mas-oms.com\/es\/habitaciones\/habitacion-figuera\/\u00bb hover_enabled=\u00bb0&#8243; sticky_enabled=\u00bb0&#8243;][\/et_pb_button][\/et_pb_column][\/et_pb_row][et_pb_row column_structure=\u00bb1_2,1_2&#8243; _builder_version=\u00bb4.16&#8243; _module_preset=\u00bbdefault\u00bb custom_padding=\u00bb0px||0px||false|false\u00bb global_colors_info=\u00bb{}\u00bb][et_pb_column type=\u00bb1_2&#8243; _builder_version=\u00bb4.16&#8243; _module_preset=\u00bbdefault\u00bb global_colors_info=\u00bb{}\u00bb][mphb-divi-single-accommodation id=\u00bb1853&#8243; gallery=\u00bboff\u00bb book_button=\u00bboff\u00bb admin_label=\u00bbChambre \u00ab Bougainvillea \u00bb\u00bb _builder_version=\u00bb4.27.4&#8243; _module_preset=\u00bbdefault\u00bb hover_enabled=\u00bb0&#8243; global_colors_info=\u00bb{}\u00bb view_button=\u00bboff\u00bb sticky_enabled=\u00bb0&#8243;][\/mphb-divi-single-accommodation][et_pb_button button_text=\u00bbVer detalles\u00bb _builder_version=\u00bb4.27.4&#8243; _module_preset=\u00bbdefault\u00bb button_url=\u00bbhttps:\/\/mas-oms.com\/es\/habitaciones\/habitacion-buganvilia\/\u00bb hover_enabled=\u00bb0&#8243; sticky_enabled=\u00bb0&#8243;][\/et_pb_button][\/et_pb_column][et_pb_column type=\u00bb1_2&#8243; _builder_version=\u00bb4.16&#8243; _module_preset=\u00bbdefault\u00bb global_colors_info=\u00bb{}\u00bb][mphb-divi-single-accommodation id=\u00bb1837&#8243; gallery=\u00bboff\u00bb book_button=\u00bboff\u00bb admin_label=\u00bbChambre \u00ab Alzina \u00bb\u00bb _builder_version=\u00bb4.27.4&#8243; _module_preset=\u00bbdefault\u00bb module_text_align=\u00bbleft\u00bb text_orientation=\u00bbleft\u00bb hover_enabled=\u00bb0&#8243; global_colors_info=\u00bb{}\u00bb view_button=\u00bboff\u00bb sticky_enabled=\u00bb0&#8243;][\/mphb-divi-single-accommodation][et_pb_button button_text=\u00bbVer detalles\u00bb _builder_version=\u00bb4.27.4&#8243; _module_preset=\u00bbdefault\u00bb button_url=\u00bbhttps:\/\/mas-oms.com\/es\/habitaciones\/habitacion-alzina\/\u00bb hover_enabled=\u00bb0&#8243; sticky_enabled=\u00bb0&#8243;][\/et_pb_button][\/et_pb_column][\/et_pb_row][et_pb_row column_structure=\u00bb1_2,1_2&#8243; _builder_version=\u00bb4.16&#8243; _module_preset=\u00bbdefault\u00bb custom_margin=\u00bb0px||0px||false|false\u00bb custom_padding=\u00bb0px||0px||false|false\u00bb global_colors_info=\u00bb{}\u00bb][et_pb_column type=\u00bb1_2&#8243; _builder_version=\u00bb4.16&#8243; _module_preset=\u00bbdefault\u00bb global_colors_info=\u00bb{}\u00bb][mphb-divi-single-accommodation id=\u00bb1848&#8243; gallery=\u00bboff\u00bb book_button=\u00bboff\u00bb admin_label=\u00bbChambre familiale \u00ab Prunera \u00bb\u00bb _builder_version=\u00bb4.27.4&#8243; _module_preset=\u00bbdefault\u00bb hover_enabled=\u00bb0&#8243; global_colors_info=\u00bb{}\u00bb view_button=\u00bboff\u00bb sticky_enabled=\u00bb0&#8243;][\/mphb-divi-single-accommodation][et_pb_button button_text=\u00bbVer detalles\u00bb _builder_version=\u00bb4.27.4&#8243; _module_preset=\u00bbdefault\u00bb button_url=\u00bbhttps:\/\/mas-oms.com\/es\/habitaciones\/habitacion-cuadruple-prunera\/\u00bb hover_enabled=\u00bb0&#8243; sticky_enabled=\u00bb0&#8243;][\/et_pb_button][\/et_pb_column][et_pb_column type=\u00bb1_2&#8243; _builder_version=\u00bb4.16&#8243; _module_preset=\u00bbdefault\u00bb global_colors_info=\u00bb{}\u00bb][mphb-divi-single-accommodation id=\u00bb1854&#8243; gallery=\u00bboff\u00bb book_button=\u00bboff\u00bb admin_label=\u00bbSuite familiale \u00ab Laurel \u00bb\u00bb _builder_version=\u00bb4.27.4&#8243; _module_preset=\u00bbdefault\u00bb hover_enabled=\u00bb0&#8243; global_colors_info=\u00bb{}\u00bb view_button=\u00bboff\u00bb sticky_enabled=\u00bb0&#8243;][\/mphb-divi-single-accommodation][et_pb_button button_text=\u00bbVer detalles\u00bb _builder_version=\u00bb4.27.4&#8243; _module_preset=\u00bbdefault\u00bb button_url=\u00bbhttps:\/\/mas-oms.com\/es\/habitaciones\/suite-cuadruple-llimona\/\u00bb hover_enabled=\u00bb0&#8243; sticky_enabled=\u00bb0&#8243;][\/et_pb_button][\/et_pb_column][\/et_pb_row][\/et_pb_section][et_pb_section fb_built=\u00bb1&#8243; custom_padding_last_edited=\u00bbon|desktop\u00bb disabled_on=\u00bbon|on|on\u00bb admin_label=\u00bbsection\u00bb _builder_version=\u00bb4.16&#8243; background_color=\u00bb#ffffff\u00bb custom_padding_tablet=\u00bb50px|0|50px|0&#8243; custom_padding_phone=\u00bb\u00bb transparent_background=\u00bboff\u00bb padding_mobile=\u00bboff\u00bb make_fullwidth=\u00bboff\u00bb use_custom_width=\u00bboff\u00bb width_unit=\u00bbon\u00bb disabled=\u00bbon\u00bb global_colors_info=\u00bb{}\u00bb][et_pb_row padding_mobile=\u00bboff\u00bb column_padding_mobile=\u00bbon\u00bb admin_label=\u00bbrow\u00bb _builder_version=\u00bb4.16&#8243; background_size=\u00bbinitial\u00bb background_position=\u00bbtop_left\u00bb background_repeat=\u00bbrepeat\u00bb custom_padding=\u00bb0px|||\u00bb make_fullwidth=\u00bboff\u00bb use_custom_width=\u00bboff\u00bb width_unit=\u00bbon\u00bb global_colors_info=\u00bb{}\u00bb][et_pb_column type=\u00bb4_4&#8243; _builder_version=\u00bb4.16&#8243; custom_padding=\u00bb|||\u00bb global_colors_info=\u00bb{}\u00bb custom_padding__hover=\u00bb|||\u00bb][et_pb_text admin_label=\u00bbTexte\u00bb _builder_version=\u00bb4.16&#8243; background_size=\u00bbinitial\u00bb background_position=\u00bbtop_left\u00bb background_repeat=\u00bbrepeat\u00bb use_border_color=\u00bboff\u00bb global_colors_info=\u00bb{}\u00bb]Mas Oms dispone de 4 habitaciones dobles y 2 suites familiares.<br \/>\nLas habitaciones est\u00e1n decoradas con un estilo aut\u00e9ntico y sencillo, ofreciendo un excelente confort gracias a la ropa de cama de gran comodidad<br \/>\nNada m\u00e1s llegar podr\u00e1s personalizar el ambiente de la habitaci\u00f3n, eligiendo el aceite esencial de tu preferencia en el difusor.<br \/>\nLos geles de ducha son 100% naturales y son producidos de forma artesanal en el lugar.<br \/>\nTanto las mantas como las toallas est\u00e1n fabricadas con algod\u00f3n biol\u00f3gico.<br \/>\nEn cuanto a la conexi\u00f3n de internet, podr\u00e1s elegir si quieres tenerla o no en tu cuarto.[\/et_pb_text][mphb-divi-accommodations gallery=\u00bboff\u00bb book_button=\u00bboff\u00bb _builder_version=\u00bb4.16&#8243; _module_preset=\u00bbdefault\u00bb global_colors_info=\u00bb{}\u00bb][\/mphb-divi-accommodations][\/et_pb_column][\/et_pb_row][\/et_pb_section]<\/p>\n","protected":false},"excerpt":{"rendered":"<p>Mas Oms dispone de 4 habitaciones dobles y 2 suites familiares.<\/p>\n","protected":false},"author":1,"featured_media":0,"parent":0,"menu_order":0,"comment_status":"closed","ping_status":"closed","template":"","meta":{"_acf_changed":false,"_et_pb_use_builder":"on","_et_pb_old_content":"","_et_gb_content_width":"","_monsterinsights_skip_tracking":false,"_monsterinsights_sitenote_active":false,"_monsterinsights_sitenote_note":"","_monsterinsights_sitenote_category":0,"footnotes":""},"class_list":["post-8046","page","type-page","status-publish","hentry"],"acf":[],"yoast_head":"<!-- This site is optimized with the Yoast SEO plugin v27.0 - https:\/\/yoast.com\/product\/yoast-seo-wordpress\/ -->\n<title>\u00a1Un bed and breakfast encantador para descubrir! - MAS OMS<\/title>\n<meta name=\"description\" content=\"Disfruta de una estancia serena en una agradable y tranquila habitaci\u00f3n de esta mas\u00eda tradicional: Mas Oms.\" \/>\n<meta name=\"robots\" content=\"index, follow, max-snippet:-1, max-image-preview:large, max-video-preview:-1\" \/>\n<link rel=\"canonical\" href=\"https:\/\/mas-oms.com\/fr\/es\/habitaciones\/\" \/>\n<meta property=\"og:locale\" content=\"es_ES\" \/>\n<meta property=\"og:type\" content=\"article\" \/>\n<meta property=\"og:title\" content=\"\u00a1Un bed and breakfast encantador para descubrir! - MAS OMS\" \/>\n<meta property=\"og:description\" content=\"Disfruta de una estancia serena en una agradable y tranquila habitaci\u00f3n de esta mas\u00eda tradicional: Mas Oms.\" \/>\n<meta property=\"og:url\" content=\"https:\/\/mas-oms.com\/fr\/es\/habitaciones\/\" \/>\n<meta property=\"og:site_name\" content=\"MAS OMS\" \/>\n<meta property=\"article:modified_time\" content=\"2026-02-03T13:57:38+00:00\" \/>\n<meta name=\"twitter:card\" content=\"summary_large_image\" \/>\n<meta name=\"twitter:label1\" content=\"Tiempo de lectura\" \/>\n\t<meta name=\"twitter:data1\" content=\"6 minutos\" \/>\n<script type=\"application\/ld+json\" class=\"yoast-schema-graph\">{\"@context\":\"https:\/\/schema.org\",\"@graph\":[{\"@type\":\"WebPage\",\"@id\":\"https:\/\/mas-oms.com\/fr\/es\/habitaciones\/\",\"url\":\"https:\/\/mas-oms.com\/fr\/es\/habitaciones\/\",\"name\":\"\u00a1Un bed and breakfast encantador para descubrir! - MAS OMS\",\"isPartOf\":{\"@id\":\"https:\/\/mas-oms.com\/fr\/es\/#website\"},\"datePublished\":\"2020-11-30T19:06:21+00:00\",\"dateModified\":\"2026-02-03T13:57:38+00:00\",\"description\":\"Disfruta de una estancia serena en una agradable y tranquila habitaci\u00f3n de esta mas\u00eda tradicional: Mas Oms.\",\"breadcrumb\":{\"@id\":\"https:\/\/mas-oms.com\/fr\/es\/habitaciones\/#breadcrumb\"},\"inLanguage\":\"es\",\"potentialAction\":[{\"@type\":\"ReadAction\",\"target\":[\"https:\/\/mas-oms.com\/fr\/es\/habitaciones\/\"]}]},{\"@type\":\"BreadcrumbList\",\"@id\":\"https:\/\/mas-oms.com\/fr\/es\/habitaciones\/#breadcrumb\",\"itemListElement\":[{\"@type\":\"ListItem\",\"position\":1,\"name\":\"Accueil\",\"item\":\"https:\/\/mas-oms.com\/fr\/es\/\"},{\"@type\":\"ListItem\",\"position\":2,\"name\":\"Habitaciones\"}]},{\"@type\":\"WebSite\",\"@id\":\"https:\/\/mas-oms.com\/fr\/es\/#website\",\"url\":\"https:\/\/mas-oms.com\/fr\/es\/\",\"name\":\"MAS OMS\",\"description\":\"\",\"potentialAction\":[{\"@type\":\"SearchAction\",\"target\":{\"@type\":\"EntryPoint\",\"urlTemplate\":\"https:\/\/mas-oms.com\/fr\/es\/?s={search_term_string}\"},\"query-input\":{\"@type\":\"PropertyValueSpecification\",\"valueRequired\":true,\"valueName\":\"search_term_string\"}}],\"inLanguage\":\"es\"}]}<\/script>\n<!-- \/ Yoast SEO plugin. -->","yoast_head_json":{"title":"\u00a1Un bed and breakfast encantador para descubrir! - MAS OMS","description":"Disfruta de una estancia serena en una agradable y tranquila habitaci\u00f3n de esta mas\u00eda tradicional: Mas Oms.","robots":{"index":"index","follow":"follow","max-snippet":"max-snippet:-1","max-image-preview":"max-image-preview:large","max-video-preview":"max-video-preview:-1"},"canonical":"https:\/\/mas-oms.com\/fr\/es\/habitaciones\/","og_locale":"es_ES","og_type":"article","og_title":"\u00a1Un bed and breakfast encantador para descubrir! - MAS OMS","og_description":"Disfruta de una estancia serena en una agradable y tranquila habitaci\u00f3n de esta mas\u00eda tradicional: Mas Oms.","og_url":"https:\/\/mas-oms.com\/fr\/es\/habitaciones\/","og_site_name":"MAS OMS","article_modified_time":"2026-02-03T13:57:38+00:00","twitter_card":"summary_large_image","twitter_misc":{"Tiempo de lectura":"6 minutos"},"schema":{"@context":"https:\/\/schema.org","@graph":[{"@type":"WebPage","@id":"https:\/\/mas-oms.com\/fr\/es\/habitaciones\/","url":"https:\/\/mas-oms.com\/fr\/es\/habitaciones\/","name":"\u00a1Un bed and breakfast encantador para descubrir! - MAS OMS","isPartOf":{"@id":"https:\/\/mas-oms.com\/fr\/es\/#website"},"datePublished":"2020-11-30T19:06:21+00:00","dateModified":"2026-02-03T13:57:38+00:00","description":"Disfruta de una estancia serena en una agradable y tranquila habitaci\u00f3n de esta mas\u00eda tradicional: Mas Oms.","breadcrumb":{"@id":"https:\/\/mas-oms.com\/fr\/es\/habitaciones\/#breadcrumb"},"inLanguage":"es","potentialAction":[{"@type":"ReadAction","target":["https:\/\/mas-oms.com\/fr\/es\/habitaciones\/"]}]},{"@type":"BreadcrumbList","@id":"https:\/\/mas-oms.com\/fr\/es\/habitaciones\/#breadcrumb","itemListElement":[{"@type":"ListItem","position":1,"name":"Accueil","item":"https:\/\/mas-oms.com\/fr\/es\/"},{"@type":"ListItem","position":2,"name":"Habitaciones"}]},{"@type":"WebSite","@id":"https:\/\/mas-oms.com\/fr\/es\/#website","url":"https:\/\/mas-oms.com\/fr\/es\/","name":"MAS OMS","description":"","potentialAction":[{"@type":"SearchAction","target":{"@type":"EntryPoint","urlTemplate":"https:\/\/mas-oms.com\/fr\/es\/?s={search_term_string}"},"query-input":{"@type":"PropertyValueSpecification","valueRequired":true,"valueName":"search_term_string"}}],"inLanguage":"es"}]}},"_links":{"self":[{"href":"https:\/\/mas-oms.com\/fr\/es\/wp-json\/wp\/v2\/pages\/8046","targetHints":{"allow":["GET"]}}],"collection":[{"href":"https:\/\/mas-oms.com\/fr\/es\/wp-json\/wp\/v2\/pages"}],"about":[{"href":"https:\/\/mas-oms.com\/fr\/es\/wp-json\/wp\/v2\/types\/page"}],"author":[{"embeddable":true,"href":"https:\/\/mas-oms.com\/fr\/es\/wp-json\/wp\/v2\/users\/1"}],"replies":[{"embeddable":true,"href":"https:\/\/mas-oms.com\/fr\/es\/wp-json\/wp\/v2\/comments?post=8046"}],"version-history":[{"count":16,"href":"https:\/\/mas-oms.com\/fr\/es\/wp-json\/wp\/v2\/pages\/8046\/revisions"}],"predecessor-version":[{"id":19884,"href":"https:\/\/mas-oms.com\/fr\/es\/wp-json\/wp\/v2\/pages\/8046\/revisions\/19884"}],"wp:attachment":[{"href":"https:\/\/mas-oms.com\/fr\/es\/wp-json\/wp\/v2\/media?parent=8046"}],"curies":[{"name":"wp","href":"https:\/\/api.w.org\/{rel}","templated":true}]}}