{"id":8076,"date":"2020-12-04T08:25:36","date_gmt":"2020-12-04T07:25:36","guid":{"rendered":"https:\/\/www.mas-oms.com\/cocina\/"},"modified":"2025-03-19T18:04:26","modified_gmt":"2025-03-19T17:04:26","slug":"cocina","status":"publish","type":"page","link":"https:\/\/mas-oms.com\/fr\/es\/cocina\/","title":{"rendered":"Restaurante"},"content":{"rendered":"<p>[et_pb_section fb_built=\u00bb1&#8243; fullwidth=\u00bbon\u00bb _builder_version=\u00bb4.16&#8243; _dynamic_attributes=\u00bbbackground_image\u00bb _module_preset=\u00bbdefault\u00bb background_image=\u00bb@ET-DC@eyJkeW5hbWljIjp0cnVlLCJjb250ZW50IjoiY3VzdG9tX21ldGFfYmFubmllcmVfaW1hZ2UiLCJzZXR0aW5ncyI6eyJiZWZvcmUiOiIiLCJhZnRlciI6IiIsImVuYWJsZV9odG1sIjoib2ZmIn19@\u00bb height=\u00bb200px\u00bb custom_margin=\u00bb0px||0px||false|false\u00bb custom_padding=\u00bb||||false|false\u00bb saved_tabs=\u00bball\u00bb locked=\u00bbon\u00bb collapsed=\u00bboff\u00bb global_colors_info=\u00bb{}\u00bb][et_pb_fullwidth_post_title meta=\u00bboff\u00bb featured_image=\u00bboff\u00bb admin_label=\u00bbTitre du poste en pleine largeur\u00bb _builder_version=\u00bb4.16&#8243; _module_preset=\u00bbdefault\u00bb title_text_align=\u00bbcenter\u00bb title_text_color=\u00bb#ffffff\u00bb title_font_size=\u00bb40px\u00bb height=\u00bb200px\u00bb custom_margin=\u00bb0px||0px||false|false\u00bb custom_padding=\u00bb80px||80px||false|false\u00bb custom_padding_tablet=\u00bb\u00bb custom_padding_phone=\u00bb20px||20px||false|false\u00bb custom_padding_last_edited=\u00bbon|phone\u00bb global_colors_info=\u00bb{}\u00bb][\/et_pb_fullwidth_post_title][\/et_pb_section][et_pb_section fb_built=\u00bb1&#8243; custom_padding_last_edited=\u00bbon|desktop\u00bb admin_label=\u00bbsection\u00bb _builder_version=\u00bb4.16&#8243; background_color=\u00bb#ffffff\u00bb custom_padding_tablet=\u00bb50px|0|50px|0&#8243; custom_padding_phone=\u00bb\u00bb transparent_background=\u00bboff\u00bb padding_mobile=\u00bboff\u00bb make_fullwidth=\u00bboff\u00bb use_custom_width=\u00bboff\u00bb width_unit=\u00bbon\u00bb global_colors_info=\u00bb{}\u00bb][et_pb_row _builder_version=\u00bb4.16&#8243; _module_preset=\u00bbdefault\u00bb global_colors_info=\u00bb{}\u00bb][et_pb_column type=\u00bb4_4&#8243; _builder_version=\u00bb4.16&#8243; _module_preset=\u00bbdefault\u00bb global_colors_info=\u00bb{}\u00bb][et_pb_text _builder_version=\u00bb4.27.4&#8243; _module_preset=\u00bbdefault\u00bb link_font=\u00bb||||on||||\u00bb header_text_color=\u00bb#241e20&#8243; header_font_size=\u00bb38px\u00bb header_line_height=\u00bb1.4em\u00bb header_2_text_color=\u00bb#241e20&#8243; header_2_line_height=\u00bb1.4em\u00bb header_3_text_color=\u00bb#241e20&#8243; header_3_line_height=\u00bb1.4em\u00bb global_colors_info=\u00bb{}\u00bb]<\/p>\n<h2 style=\"text-align: center;\">Mas Oms, un nuevo concepto de agroturismo en Espa\u00f1a.<\/h2>\n<h3 style=\"text-align: center;\">\u00bfGanas de probar productos locales y ecol\u00f3gicos en tus platos? Tu casa rural catalana, Mas Oms, te invita a degustarlos en cada comida.<\/h3>\n<h3 style=\"text-align: center;\">Mas Oms, un agroturismo elegante y el buen comer en Catalu\u00f1a.<\/h3>\n<h3>\u00a0<\/h3>\n<p>En Mas Oms, tu casa rural en Espa\u00f1a, podr\u00e1s probar la cocina sana, local y 100% natural elaborada con productos de <a href=\"https:\/\/mas-oms.com\/es\/nuestro-huerto\/\">nuestro huerto<\/a> cultivados al sol. Es una oda a la calidad y a la simplicidad. La belleza de las verduras y las flores comestibles es incomparable. Tratamos de hacerte volver a las ra\u00edces, a la esencia del sabor y al perfume de las cosas. En cada comida te embarcar\u00e1s en un verdadero viaje culinario con sabores de Espa\u00f1a y del resto del mundo.<\/p>\n<p>[\/et_pb_text][\/et_pb_column][\/et_pb_row][et_pb_row _builder_version=\u00bb4.16&#8243; _module_preset=\u00bbdefault\u00bb global_colors_info=\u00bb{}\u00bb][et_pb_column type=\u00bb4_4&#8243; _builder_version=\u00bb4.16&#8243; _module_preset=\u00bbdefault\u00bb global_colors_info=\u00bb{}\u00bb][et_pb_divider color=\u00bb#e5ddc8&#8243; _builder_version=\u00bb4.16&#8243; _module_preset=\u00bbdefault\u00bb global_colors_info=\u00bb{}\u00bb][\/et_pb_divider][\/et_pb_column][\/et_pb_row][et_pb_row column_structure=\u00bb1_2,1_2&#8243; _builder_version=\u00bb4.16&#8243; _module_preset=\u00bbdefault\u00bb global_colors_info=\u00bb{}\u00bb][et_pb_column type=\u00bb1_2&#8243; _builder_version=\u00bb4.16&#8243; _module_preset=\u00bbdefault\u00bb global_colors_info=\u00bb{}\u00bb][et_pb_image src=\u00bbhttps:\/\/mas-oms.com\/wp-content\/uploads\/2020\/12\/agjp08-hbyy-scaled.jpg\u00bb alt=\u00bbAgroturismo Catalu\u00f1a\u00bb title_text=\u00bbDesayuno agroturismo Catalu\u00f1a\u00bb _builder_version=\u00bb4.16&#8243; _module_preset=\u00bbdefault\u00bb global_colors_info=\u00bb{}\u00bb][\/et_pb_image][\/et_pb_column][et_pb_column type=\u00bb1_2&#8243; _builder_version=\u00bb4.16&#8243; _module_preset=\u00bbdefault\u00bb global_colors_info=\u00bb{}\u00bb][et_pb_text _builder_version=\u00bb4.16&#8243; _module_preset=\u00bbdefault\u00bb link_font=\u00bb||||on||||\u00bb header_3_text_color=\u00bb#241e20&#8243; header_3_line_height=\u00bb1.4em\u00bb global_colors_info=\u00bb{}\u00bb]<\/p>\n<h3 style=\"text-align: center;\">Al despertar te espera un desayuno saludable que\u00a0te dar\u00e1 energ\u00eda durante todo tu d\u00eda en la casa rural catalana.<\/h3>\n<p style=\"text-align: center;\">Sabemos que el desayuno es la comida m\u00e1s importante para llenar tu d\u00eda de energ\u00eda. Te proponemos un desayuno o bien salado, o bien dulce, e incluso una mezcla de ambos. Nuestros zumos de frutas y verduras frescas acompa\u00f1an perfectamente los productos de tu agroturismo en Catalu\u00f1a. Si tienes ganas de cambiar tus h\u00e1bitos alimenticios y sentirte con energ\u00eda toda la ma\u00f1ana, aprovecha tu estancia en este hotel restaurante y te aconsejaremos que es lo que te conviene.<\/p>\n<p>[\/et_pb_text][et_pb_button button_url=\u00bbhttps:\/\/mas-oms.com\/es\/desayuno\/\u00bb button_text=\u00bbDescubre tu desayuno\u00bb button_alignment=\u00bbcenter\u00bb _builder_version=\u00bb4.16&#8243; _module_preset=\u00bbdefault\u00bb custom_button=\u00bbon\u00bb button_text_color=\u00bb#241e20&#8243; button_bg_color=\u00bbrgba(0,0,0,0)\u00bb button_border_color=\u00bb#241e20&#8243; button_border_color_tablet=\u00bb\u00bb button_border_color_phone=\u00bb\u00bb button_border_color_last_edited=\u00bbon|desktop\u00bb global_colors_info=\u00bb{}\u00bb button_bg_color__hover_enabled=\u00bbon|desktop\u00bb button_bg_color__hover=\u00bbrgba(0,0,0,0)\u00bb][\/et_pb_button][\/et_pb_column][\/et_pb_row][et_pb_row _builder_version=\u00bb4.16&#8243; _module_preset=\u00bbdefault\u00bb global_colors_info=\u00bb{}\u00bb][et_pb_column type=\u00bb4_4&#8243; _builder_version=\u00bb4.16&#8243; _module_preset=\u00bbdefault\u00bb global_colors_info=\u00bb{}\u00bb][et_pb_divider color=\u00bb#e5ddc8&#8243; _builder_version=\u00bb4.16&#8243; _module_preset=\u00bbdefault\u00bb global_colors_info=\u00bb{}\u00bb][\/et_pb_divider][\/et_pb_column][\/et_pb_row][et_pb_row column_structure=\u00bb1_2,1_2&#8243; _builder_version=\u00bb4.16&#8243; _module_preset=\u00bbdefault\u00bb global_colors_info=\u00bb{}\u00bb][et_pb_column type=\u00bb1_2&#8243; _builder_version=\u00bb4.16&#8243; _module_preset=\u00bbdefault\u00bb global_colors_info=\u00bb{}\u00bb][et_pb_image src=\u00bbhttps:\/\/mas-oms.com\/wp-content\/uploads\/2020\/12\/Cuisine-1126515311-612&#215;612-1.jpg\u00bb alt=\u00bbcena hotel restaurante espa\u00f1a\u00bb title_text=\u00bbhotel restaurante espa\u00f1a\u00bb _builder_version=\u00bb4.16&#8243; _module_preset=\u00bbdefault\u00bb global_colors_info=\u00bb{}\u00bb][\/et_pb_image][\/et_pb_column][et_pb_column type=\u00bb1_2&#8243; _builder_version=\u00bb4.16&#8243; _module_preset=\u00bbdefault\u00bb global_colors_info=\u00bb{}\u00bb][et_pb_text _builder_version=\u00bb4.27.4&#8243; _module_preset=\u00bbdefault\u00bb link_font=\u00bb||||on||||\u00bb header_3_text_color=\u00bb#241e20&#8243; header_3_line_height=\u00bb1.4em\u00bb hover_enabled=\u00bb0&#8243; global_colors_info=\u00bb{}\u00bb sticky_enabled=\u00bb0&#8243;]<\/p>\n<h3 style=\"text-align: center;\">Por la cena, el hotel restaurante en Catalu\u00f1a te ofrece un menu gourmet de 3 platos para compartir con la familia o amigos<\/h3>\n<div class=\"et_pb_column et_pb_column_4_4 et_pb_column_0 et_pb_css_mix_blend_mode_passthrough et-last-child\">\n<div class=\"et_pb_module et_pb_text et_pb_text_0 et_pb_text_align_left et_pb_bg_layout_light\">\n<div class=\"et_pb_text_inner\">\n<p style=\"text-align: center;\">En Mas Oms cocinamos con productos ecol\u00f3gicos y locales. Nos tomamos el tiempo de pelar y cocinar las verduras para los platos. Te proponemos una cena gourmet de 3 platos que respeta los sabores, las necesidades y los gustos de cada uno. Cada d\u00eda, nuestro hotel restaurante en Espa\u00f1a te acoje en la terraza con unas vistas impresionantes de la monta\u00f1a, o en el interior junto a la chimenea en invierno.<\/p>\n<p>&nbsp;<\/p>\n<\/div>\n<\/div>\n<\/div>\n<p>[\/et_pb_text][et_pb_button button_url=\u00bbhttps:\/\/mas-oms.com\/es\/cena\/\u00bb button_text=\u00bbDescubre el restaurante\u00bb button_alignment=\u00bbcenter\u00bb _builder_version=\u00bb4.16&#8243; _module_preset=\u00bbdefault\u00bb custom_button=\u00bbon\u00bb button_text_color=\u00bb#241e20&#8243; button_bg_color=\u00bbrgba(0,0,0,0)\u00bb button_border_color=\u00bb#241e20&#8243; button_border_color_tablet=\u00bb\u00bb button_border_color_phone=\u00bb\u00bb button_border_color_last_edited=\u00bbon|desktop\u00bb global_colors_info=\u00bb{}\u00bb button_bg_color__hover_enabled=\u00bbon|desktop\u00bb button_bg_color__hover=\u00bbrgba(0,0,0,0)\u00bb][\/et_pb_button][\/et_pb_column][\/et_pb_row][et_pb_row _builder_version=\u00bb4.16&#8243; _module_preset=\u00bbdefault\u00bb global_colors_info=\u00bb{}\u00bb][et_pb_column type=\u00bb4_4&#8243; _builder_version=\u00bb4.16&#8243; _module_preset=\u00bbdefault\u00bb global_colors_info=\u00bb{}\u00bb][et_pb_divider color=\u00bb#e5ddc8&#8243; _builder_version=\u00bb4.16&#8243; _module_preset=\u00bbdefault\u00bb global_colors_info=\u00bb{}\u00bb][\/et_pb_divider][\/et_pb_column][\/et_pb_row][et_pb_row column_structure=\u00bb1_2,1_2&#8243; _builder_version=\u00bb4.16&#8243; _module_preset=\u00bbdefault\u00bb global_colors_info=\u00bb{}\u00bb][et_pb_column type=\u00bb1_2&#8243; _builder_version=\u00bb4.16&#8243; _module_preset=\u00bbdefault\u00bb global_colors_info=\u00bb{}\u00bb][et_pb_image src=\u00bbhttps:\/\/mas-oms.com\/wp-content\/uploads\/2020\/12\/escapades.jpg\u00bb alt=\u00bbhotel restaurante catalu\u00f1a\u00bb title_text=\u00bbHotel restaurante Espa\u00f1a\u00bb _builder_version=\u00bb4.16&#8243; _module_preset=\u00bbdefault\u00bb global_colors_info=\u00bb{}\u00bb][\/et_pb_image][\/et_pb_column][et_pb_column type=\u00bb1_2&#8243; _builder_version=\u00bb4.16&#8243; _module_preset=\u00bbdefault\u00bb global_colors_info=\u00bb{}\u00bb][et_pb_text _builder_version=\u00bb4.16&#8243; _module_preset=\u00bbdefault\u00bb link_font=\u00bb||||on||||\u00bb header_text_color=\u00bb#241e20&#8243; header_line_height=\u00bb1.4em\u00bb header_3_text_color=\u00bb#241e20&#8243; header_3_line_height=\u00bb1.4em\u00bb global_colors_info=\u00bb{}\u00bb]<\/p>\n<h3 style=\"text-align: center;\">Para acompa\u00f1ar las comidas o durante el aperitivo, tu casa rural al norte de Espa\u00f1a te propone una gran selecci\u00f3n de vinos naturales locales.<\/h3>\n<p style=\"text-align: center;\">Nada mejor que acompa\u00f1ar una comida con un buen vino. Nos aseguramos de adaptar la selecci\u00f3n de vinos a todos los men\u00fas y gustos. Privilegiamos los vinos naturales y ecol\u00f3gicos. D\u00e9jate guiar por nuestras recomendaciones para descubrir vinos de la regi\u00f3n y de los alrededores.<\/p>\n<p>&nbsp;<\/p>\n<p>[\/et_pb_text][et_pb_button button_url=\u00bbhttps:\/\/mas-oms.com\/es\/vinos-naturales\/\u00bb button_text=\u00bbDescubre nuestros vinos\u00bb button_alignment=\u00bbcenter\u00bb _builder_version=\u00bb4.16&#8243; _module_preset=\u00bbdefault\u00bb custom_button=\u00bbon\u00bb button_text_color=\u00bb#241e20&#8243; button_bg_color=\u00bbrgba(0,0,0,0)\u00bb button_border_color=\u00bb#241e20&#8243; button_border_color_tablet=\u00bb\u00bb button_border_color_phone=\u00bb\u00bb button_border_color_last_edited=\u00bbon|desktop\u00bb global_colors_info=\u00bb{}\u00bb button_bg_color__hover_enabled=\u00bbon|desktop\u00bb button_bg_color__hover=\u00bbrgba(0,0,0,0)\u00bb][\/et_pb_button][\/et_pb_column][\/et_pb_row][et_pb_row _builder_version=\u00bb4.16&#8243; _module_preset=\u00bbdefault\u00bb global_colors_info=\u00bb{}\u00bb][et_pb_column type=\u00bb4_4&#8243; _builder_version=\u00bb4.16&#8243; _module_preset=\u00bbdefault\u00bb global_colors_info=\u00bb{}\u00bb][et_pb_divider color=\u00bb#e5ddc8&#8243; _builder_version=\u00bb4.16&#8243; _module_preset=\u00bbdefault\u00bb global_colors_info=\u00bb{}\u00bb][\/et_pb_divider][\/et_pb_column][\/et_pb_row][\/et_pb_section]<\/p>\n","protected":false},"excerpt":{"rendered":"<p>En Mas Oms, podr\u00e1s probar nuestra cocina saludable, local, totalmente natural y con ingredientes de agricultura ecol\u00f3gica. Es una oda a la calidad y a la simplicidad. La belleza de las verduras y las flores comestibles es incomparable. Tratamos de hacerte volver a las ra\u00edces, a la esencia del sabor y al perfume de las cosas. En cada comida te embarcar\u00e1s en un verdadero viaje culinario.<\/p>\n","protected":false},"author":1,"featured_media":0,"parent":0,"menu_order":0,"comment_status":"closed","ping_status":"closed","template":"","meta":{"_acf_changed":false,"_et_pb_use_builder":"on","_et_pb_old_content":"","_et_gb_content_width":"","_monsterinsights_skip_tracking":false,"_monsterinsights_sitenote_active":false,"_monsterinsights_sitenote_note":"","_monsterinsights_sitenote_category":0,"footnotes":""},"class_list":["post-8076","page","type-page","status-publish","hentry"],"acf":[],"yoast_head":"<!-- This site is optimized with the Yoast SEO plugin v27.0 - https:\/\/yoast.com\/product\/yoast-seo-wordpress\/ -->\n<title>Al\u00f3jate en una casa rural en Espa\u00f1a<\/title>\n<meta name=\"description\" content=\"\u00bfBuscas consumir productos locales y ecol\u00f3gicos en cada comida? Mas Oms te invita a la degustaci\u00f3n de sus alimentos durante tu agroturismo en Espa\u00f1a.\" \/>\n<meta name=\"robots\" content=\"index, follow, max-snippet:-1, max-image-preview:large, max-video-preview:-1\" \/>\n<link rel=\"canonical\" href=\"https:\/\/mas-oms.com\/fr\/es\/cocina\/\" \/>\n<meta property=\"og:locale\" content=\"es_ES\" \/>\n<meta property=\"og:type\" content=\"article\" \/>\n<meta property=\"og:title\" content=\"Al\u00f3jate en una casa rural en Espa\u00f1a\" \/>\n<meta property=\"og:description\" content=\"\u00bfBuscas consumir productos locales y ecol\u00f3gicos en cada comida? Mas Oms te invita a la degustaci\u00f3n de sus alimentos durante tu agroturismo en Espa\u00f1a.\" \/>\n<meta property=\"og:url\" content=\"https:\/\/mas-oms.com\/fr\/es\/cocina\/\" \/>\n<meta property=\"og:site_name\" content=\"MAS OMS\" \/>\n<meta property=\"article:modified_time\" content=\"2025-03-19T17:04:26+00:00\" \/>\n<meta name=\"twitter:card\" content=\"summary_large_image\" \/>\n<script type=\"application\/ld+json\" class=\"yoast-schema-graph\">{\"@context\":\"https:\/\/schema.org\",\"@graph\":[{\"@type\":\"WebPage\",\"@id\":\"https:\/\/mas-oms.com\/fr\/es\/cocina\/\",\"url\":\"https:\/\/mas-oms.com\/fr\/es\/cocina\/\",\"name\":\"Al\u00f3jate en una casa rural en Espa\u00f1a\",\"isPartOf\":{\"@id\":\"https:\/\/mas-oms.com\/fr\/es\/#website\"},\"datePublished\":\"2020-12-04T07:25:36+00:00\",\"dateModified\":\"2025-03-19T17:04:26+00:00\",\"description\":\"\u00bfBuscas consumir productos locales y ecol\u00f3gicos en cada comida? Mas Oms te invita a la degustaci\u00f3n de sus alimentos durante tu agroturismo en Espa\u00f1a.\",\"breadcrumb\":{\"@id\":\"https:\/\/mas-oms.com\/fr\/es\/cocina\/#breadcrumb\"},\"inLanguage\":\"es\",\"potentialAction\":[{\"@type\":\"ReadAction\",\"target\":[\"https:\/\/mas-oms.com\/fr\/es\/cocina\/\"]}]},{\"@type\":\"BreadcrumbList\",\"@id\":\"https:\/\/mas-oms.com\/fr\/es\/cocina\/#breadcrumb\",\"itemListElement\":[{\"@type\":\"ListItem\",\"position\":1,\"name\":\"Accueil\",\"item\":\"https:\/\/mas-oms.com\/fr\/es\/\"},{\"@type\":\"ListItem\",\"position\":2,\"name\":\"Restaurante\"}]},{\"@type\":\"WebSite\",\"@id\":\"https:\/\/mas-oms.com\/fr\/es\/#website\",\"url\":\"https:\/\/mas-oms.com\/fr\/es\/\",\"name\":\"MAS OMS\",\"description\":\"\",\"potentialAction\":[{\"@type\":\"SearchAction\",\"target\":{\"@type\":\"EntryPoint\",\"urlTemplate\":\"https:\/\/mas-oms.com\/fr\/es\/?s={search_term_string}\"},\"query-input\":{\"@type\":\"PropertyValueSpecification\",\"valueRequired\":true,\"valueName\":\"search_term_string\"}}],\"inLanguage\":\"es\"}]}<\/script>\n<!-- \/ Yoast SEO plugin. -->","yoast_head_json":{"title":"Al\u00f3jate en una casa rural en Espa\u00f1a","description":"\u00bfBuscas consumir productos locales y ecol\u00f3gicos en cada comida? Mas Oms te invita a la degustaci\u00f3n de sus alimentos durante tu agroturismo en Espa\u00f1a.","robots":{"index":"index","follow":"follow","max-snippet":"max-snippet:-1","max-image-preview":"max-image-preview:large","max-video-preview":"max-video-preview:-1"},"canonical":"https:\/\/mas-oms.com\/fr\/es\/cocina\/","og_locale":"es_ES","og_type":"article","og_title":"Al\u00f3jate en una casa rural en Espa\u00f1a","og_description":"\u00bfBuscas consumir productos locales y ecol\u00f3gicos en cada comida? Mas Oms te invita a la degustaci\u00f3n de sus alimentos durante tu agroturismo en Espa\u00f1a.","og_url":"https:\/\/mas-oms.com\/fr\/es\/cocina\/","og_site_name":"MAS OMS","article_modified_time":"2025-03-19T17:04:26+00:00","twitter_card":"summary_large_image","schema":{"@context":"https:\/\/schema.org","@graph":[{"@type":"WebPage","@id":"https:\/\/mas-oms.com\/fr\/es\/cocina\/","url":"https:\/\/mas-oms.com\/fr\/es\/cocina\/","name":"Al\u00f3jate en una casa rural en Espa\u00f1a","isPartOf":{"@id":"https:\/\/mas-oms.com\/fr\/es\/#website"},"datePublished":"2020-12-04T07:25:36+00:00","dateModified":"2025-03-19T17:04:26+00:00","description":"\u00bfBuscas consumir productos locales y ecol\u00f3gicos en cada comida? Mas Oms te invita a la degustaci\u00f3n de sus alimentos durante tu agroturismo en Espa\u00f1a.","breadcrumb":{"@id":"https:\/\/mas-oms.com\/fr\/es\/cocina\/#breadcrumb"},"inLanguage":"es","potentialAction":[{"@type":"ReadAction","target":["https:\/\/mas-oms.com\/fr\/es\/cocina\/"]}]},{"@type":"BreadcrumbList","@id":"https:\/\/mas-oms.com\/fr\/es\/cocina\/#breadcrumb","itemListElement":[{"@type":"ListItem","position":1,"name":"Accueil","item":"https:\/\/mas-oms.com\/fr\/es\/"},{"@type":"ListItem","position":2,"name":"Restaurante"}]},{"@type":"WebSite","@id":"https:\/\/mas-oms.com\/fr\/es\/#website","url":"https:\/\/mas-oms.com\/fr\/es\/","name":"MAS OMS","description":"","potentialAction":[{"@type":"SearchAction","target":{"@type":"EntryPoint","urlTemplate":"https:\/\/mas-oms.com\/fr\/es\/?s={search_term_string}"},"query-input":{"@type":"PropertyValueSpecification","valueRequired":true,"valueName":"search_term_string"}}],"inLanguage":"es"}]}},"_links":{"self":[{"href":"https:\/\/mas-oms.com\/fr\/es\/wp-json\/wp\/v2\/pages\/8076","targetHints":{"allow":["GET"]}}],"collection":[{"href":"https:\/\/mas-oms.com\/fr\/es\/wp-json\/wp\/v2\/pages"}],"about":[{"href":"https:\/\/mas-oms.com\/fr\/es\/wp-json\/wp\/v2\/types\/page"}],"author":[{"embeddable":true,"href":"https:\/\/mas-oms.com\/fr\/es\/wp-json\/wp\/v2\/users\/1"}],"replies":[{"embeddable":true,"href":"https:\/\/mas-oms.com\/fr\/es\/wp-json\/wp\/v2\/comments?post=8076"}],"version-history":[{"count":28,"href":"https:\/\/mas-oms.com\/fr\/es\/wp-json\/wp\/v2\/pages\/8076\/revisions"}],"predecessor-version":[{"id":18739,"href":"https:\/\/mas-oms.com\/fr\/es\/wp-json\/wp\/v2\/pages\/8076\/revisions\/18739"}],"wp:attachment":[{"href":"https:\/\/mas-oms.com\/fr\/es\/wp-json\/wp\/v2\/media?parent=8076"}],"curies":[{"name":"wp","href":"https:\/\/api.w.org\/{rel}","templated":true}]}}