{"id":8080,"date":"2020-12-12T12:19:46","date_gmt":"2020-12-12T11:19:46","guid":{"rendered":"https:\/\/www.mas-oms.com\/mas-oms\/"},"modified":"2023-03-17T11:27:20","modified_gmt":"2023-03-17T10:27:20","slug":"mas-oms","status":"publish","type":"page","link":"https:\/\/mas-oms.com\/fr\/es\/mas-oms\/","title":{"rendered":"Mas Oms"},"content":{"rendered":"<p>[et_pb_section fb_built=\u00bb1&#8243; fullwidth=\u00bbon\u00bb _builder_version=\u00bb4.16&#8243; _dynamic_attributes=\u00bbbackground_image\u00bb _module_preset=\u00bbdefault\u00bb background_image=\u00bb@ET-DC@eyJkeW5hbWljIjp0cnVlLCJjb250ZW50IjoiY3VzdG9tX21ldGFfYmFubmllcmVfaW1hZ2UiLCJzZXR0aW5ncyI6eyJiZWZvcmUiOiIiLCJhZnRlciI6IiIsImVuYWJsZV9odG1sIjoib2ZmIn19@\u00bb height=\u00bb200px\u00bb custom_margin=\u00bb0px||0px||false|false\u00bb custom_padding=\u00bb||||false|false\u00bb saved_tabs=\u00bball\u00bb collapsed=\u00bboff\u00bb global_colors_info=\u00bb{}\u00bb][et_pb_fullwidth_post_title meta=\u00bboff\u00bb featured_image=\u00bboff\u00bb admin_label=\u00bbTitre du poste en pleine largeur\u00bb _builder_version=\u00bb4.16&#8243; _module_preset=\u00bbdefault\u00bb title_text_align=\u00bbcenter\u00bb title_text_color=\u00bb#ffffff\u00bb title_font_size=\u00bb40px\u00bb height=\u00bb200px\u00bb custom_margin=\u00bb0px||0px||false|false\u00bb custom_padding=\u00bb80px||80px||false|false\u00bb custom_padding_tablet=\u00bb\u00bb custom_padding_phone=\u00bb||||false|false\u00bb custom_padding_last_edited=\u00bbon|phone\u00bb title_font_size_tablet=\u00bb\u00bb title_font_size_phone=\u00bb33px\u00bb title_font_size_last_edited=\u00bbon|phone\u00bb global_colors_info=\u00bb{}\u00bb][\/et_pb_fullwidth_post_title][\/et_pb_section][et_pb_section fb_built=\u00bb1&#8243; custom_padding_last_edited=\u00bbon|desktop\u00bb admin_label=\u00bbsection\u00bb _builder_version=\u00bb4.16&#8243; background_color=\u00bb#ffffff\u00bb custom_padding_tablet=\u00bb50px|0|50px|0&#8243; custom_padding_phone=\u00bb\u00bb transparent_background=\u00bboff\u00bb padding_mobile=\u00bboff\u00bb make_fullwidth=\u00bboff\u00bb use_custom_width=\u00bboff\u00bb width_unit=\u00bbon\u00bb global_colors_info=\u00bb{}\u00bb][et_pb_row _builder_version=\u00bb4.16&#8243; _module_preset=\u00bbdefault\u00bb global_colors_info=\u00bb{}\u00bb][et_pb_column type=\u00bb4_4&#8243; _builder_version=\u00bb4.16&#8243; _module_preset=\u00bbdefault\u00bb global_colors_info=\u00bb{}\u00bb][et_pb_text _builder_version=\u00bb4.16&#8243; _module_preset=\u00bbdefault\u00bb text_text_color=\u00bb#241e20&#8243; header_text_color=\u00bb#241e20&#8243; header_line_height=\u00bb1.4em\u00bb header_2_text_color=\u00bb#241e20&#8243; header_2_line_height=\u00bb1.4em\u00bb header_3_text_color=\u00bb#241e20&#8243; header_3_line_height=\u00bb1.4em\u00bb global_colors_info=\u00bb{}\u00bb]<\/p>\n<h2 style=\"text-align: center;\"><strong>Una nueva forma de vacaciones en Espa\u00f1a, tu hotel slow life<\/strong><\/h2>\n<h3 style=\"text-align: center;\"><strong>El deseo de ofrecer un nuevo concepto de vacaciones centrado en la naturaleza, la vida lenta, la generosidad y la reconexi\u00f3n con uno mismo<\/strong><\/h3>\n<p>[\/et_pb_text][\/et_pb_column][\/et_pb_row][et_pb_row column_structure=\u00bb1_2,1_2&#8243; _builder_version=\u00bb4.16&#8243; _module_preset=\u00bbdefault\u00bb global_colors_info=\u00bb{}\u00bb][et_pb_column type=\u00bb1_2&#8243; _builder_version=\u00bb4.16&#8243; _module_preset=\u00bbdefault\u00bb global_colors_info=\u00bb{}\u00bb][et_pb_image src=\u00bbhttps:\/\/mas-oms.com\/wp-content\/uploads\/2023\/01\/IMG_1271.jpeg\u00bb alt=\u00bbvotre hotel slow life vous attend\u00bb title_text=\u00bbIMG_1271&#8243; _builder_version=\u00bb4.18.0&#8243; _module_preset=\u00bbdefault\u00bb hover_enabled=\u00bb0&#8243; global_colors_info=\u00bb{}\u00bb sticky_enabled=\u00bb0&#8243;][\/et_pb_image][\/et_pb_column][et_pb_column type=\u00bb1_2&#8243; _builder_version=\u00bb4.16&#8243; _module_preset=\u00bbdefault\u00bb global_colors_info=\u00bb{}\u00bb][et_pb_text _builder_version=\u00bb4.16&#8243; _module_preset=\u00bbdefault\u00bb text_text_color=\u00bb#241e20&#8243; link_font=\u00bb||||on||||\u00bb header_3_text_color=\u00bb#241e20&#8243; header_3_line_height=\u00bb1.4em\u00bb global_colors_info=\u00bb{}\u00bb]<\/p>\n<div class=\"et_pb_module et_pb_text et_pb_text_0 et_pb_text_align_left et_pb_bg_layout_light\">\n<h3 style=\"text-align: center;\"><strong>Mas Oms nace de una pasi\u00f3n en com\u00fan meditada y madurada durante varios a\u00f1os por C\u00e9line y Julien.<\/strong><\/h3>\n<p style=\"text-align: center;\">El descubrimiento de la mas\u00eda fue el detonante que necesit\u00e1bamos para dar vida a nuestro proyecto. La <strong>mas\u00eda tradicional catalana<\/strong> se encuentra en el coraz\u00f3n de un <strong>espacio natural protegido<\/strong>, un lugar m\u00e1gico y atemporal. Damos rienda suelta a nuestra creatividad y te ofrecemos todos <a href=\"https:\/\/mas-oms.com\/es\/talleres\/\">nuestros conocimientos en el \u00e1mbito del bienestar<\/a>.<\/p>\n<p style=\"text-align: center;\">Mas Oms, es la sinergia de un lugar m\u00e1gico lleno de buenas energ\u00edas, de <a href=\"https:\/\/mas-oms.com\/es\/cocina\/\"><strong>cocina sana<\/strong> rica en verduras de la huerta<\/a>, de un <strong>entorno natural<\/strong> y de una <strong>calma absoluta<\/strong> en medio de <a href=\"https:\/\/mas-oms.com\/es\/senderismo\/\">rutas de senderismo<\/a> para ofrecer un descanso absoluto. Tambi\u00e9n puedes apuntarte a <a href=\"https:\/\/mas-oms.com\/es\/morning-bloom\/\">m\u00faltiples sesiones guiadas cada ma\u00f1ana<\/a> y cada tarde para despertar los sentidos y relajarte. Puedes tambi\u00e9n apuntarte a <a href=\"https:\/\/mas-oms.com\/es\/talleres\/\">diversos talleres<\/a> que te har\u00e1n terminar una estancia llena de amor y generosidad.<\/p>\n<p style=\"text-align: center;\">Elegir unas vacaciones en Mas Oms es regalarte unas <strong>vacaciones regenerativas<\/strong>, para llenarte de energ\u00eda y ofrecerte momentos llenos de <strong>placer y deliciosa gastronom\u00eda.<\/strong><\/p>\n<\/div>\n<p>[\/et_pb_text][\/et_pb_column][\/et_pb_row][et_pb_row _builder_version=\u00bb4.16&#8243; _module_preset=\u00bbdefault\u00bb global_colors_info=\u00bb{}\u00bb][et_pb_column type=\u00bb4_4&#8243; _builder_version=\u00bb4.16&#8243; _module_preset=\u00bbdefault\u00bb global_colors_info=\u00bb{}\u00bb][et_pb_divider color=\u00bb#e5ddc8&#8243; _builder_version=\u00bb4.16&#8243; _module_preset=\u00bbdefault\u00bb border_color_all=\u00bb#e5ddc8&#8243; global_colors_info=\u00bb{}\u00bb][\/et_pb_divider][\/et_pb_column][\/et_pb_row][et_pb_row column_structure=\u00bb1_2,1_2&#8243; _builder_version=\u00bb4.16&#8243; _module_preset=\u00bbdefault\u00bb global_colors_info=\u00bb{}\u00bb][et_pb_column type=\u00bb1_2&#8243; _builder_version=\u00bb4.16&#8243; _module_preset=\u00bbdefault\u00bb global_colors_info=\u00bb{}\u00bb][et_pb_image src=\u00bbhttps:\/\/mas-oms.com\/wp-content\/uploads\/2023\/01\/Local-Hideaways-Spain-24.jpg\u00bb alt=\u00bbun hotel slow life\u00bb title_text=\u00bbLocal-Hideaways-Spain-24&#8243; _builder_version=\u00bb4.18.0&#8243; _module_preset=\u00bbdefault\u00bb hover_enabled=\u00bb0&#8243; global_colors_info=\u00bb{}\u00bb sticky_enabled=\u00bb0&#8243;][\/et_pb_image][\/et_pb_column][et_pb_column type=\u00bb1_2&#8243; _builder_version=\u00bb4.16&#8243; _module_preset=\u00bbdefault\u00bb global_colors_info=\u00bb{}\u00bb][et_pb_text _builder_version=\u00bb4.16&#8243; _module_preset=\u00bbdefault\u00bb text_text_color=\u00bb#241e20&#8243; link_font=\u00bb||||on||||\u00bb header_2_text_color=\u00bb#241e20&#8243; header_3_text_color=\u00bb#241e20&#8243; header_3_line_height=\u00bb1.4em\u00bb global_colors_info=\u00bb{}\u00bb]<\/p>\n<h2 style=\"text-align: center;\"><strong>En Mas Oms se detiene el tiempo<\/strong><\/h2>\n<p style=\"text-align: center;\">El sendero de acceso est\u00e1 bordeado por flores silvestres. Las mariposas y los p\u00e1jaros revolotean alrededor y el camino huele a tomillo fresco y menta. Las vistas al macizo de las Gavarras <strong>cortan la respiraci\u00f3n.<\/strong> Al abrir la puerta de la masia nos embriaga el olor a pan fresco y bizcocho reci\u00e9n salido del horno. Las flores frescas complementan la decoraci\u00f3n, os acogemos como amigos, con generosidad y amabilidad.<\/p>\n<p style=\"text-align: center;\">Esta <strong>mas\u00eda catalana del siglo XIV<\/strong>, enclavada en las monta\u00f1as entre <strong>Girona, el Ampurd\u00e1n, el mar y las playas de la Costa Brava<\/strong>, ha sido renovada con todo nuestro cari\u00f1o. La belleza r\u00fastica es embriagadora. En verano, cuando el sol est\u00e1 en su cenit, puedes descansar en <a href=\"https:\/\/mas-oms.com\/es\/espacios-naturales\/\">hamacas colocadas entre encinas y olivos<\/a>, mientras bebes un t\u00e9 helado junto a la higuera, o te das un chapuz\u00f3n en <strong><a href=\"https:\/\/mas-oms.com\/es\/piscina\/\">la piscina de agua salada<\/a> <\/strong>(y climatizada) con vistas al valle. Imagina jugar una partida de petanca y pedir un zumo detox en el bar, o una cerveza local bien fresca.<\/p>\n<p style=\"text-align: center;\">En invierno, se puede aprovechar la luz del d\u00eda para <a href=\"https:\/\/mas-oms.com\/es\/senderismo\/\">dar un paseo<\/a> o <a href=\"https:\/\/mas-oms.com\/es\/ciclismo-y-bicicleta-de-montana\/\">montar en bicicleta (el\u00e9ctrica<\/a>) por la monta\u00f1a. A la vuelta, puedes reposar en un \u00e1rbol con columpios que te permitir\u00e1n aprovechar los \u00faltimos rayos de sol. Por la noche, una de nuestras actividades favoritas es sentarnos junto al fuego. En el camino, puedes pararte en <a href=\"https:\/\/mas-oms.com\/es\/salones-y-biblioteca\/\">la biblioteca<\/a> para elegir un libro y acudir finalmente al bar para <a href=\"https:\/\/mas-oms.com\/es\/vinos-naturales\/\">descubrir un vino natural<\/a> explicado con pasi\u00f3n por Julien.<\/p>\n<p style=\"text-align: center;\"><strong>Cada estaci\u00f3n tiene su encanto y sus manjares. En Mas Oms, te sentir\u00e1s bien durante todo el a\u00f1o.<\/strong><\/p>\n<p>[\/et_pb_text][\/et_pb_column][\/et_pb_row][et_pb_row _builder_version=\u00bb4.16&#8243; _module_preset=\u00bbdefault\u00bb global_colors_info=\u00bb{}\u00bb][et_pb_column type=\u00bb4_4&#8243; _builder_version=\u00bb4.16&#8243; _module_preset=\u00bbdefault\u00bb global_colors_info=\u00bb{}\u00bb][et_pb_gallery gallery_ids=\u00bb7041,6659,7066,7171,7053,7061,6911,6667,6671,6963,6675,6923,6752,6759,7008,7024,6654,4332,4160,4145,4142&#8243; posts_number=\u00bb100&#8243; _builder_version=\u00bb4.16&#8243; _module_preset=\u00bbdefault\u00bb global_colors_info=\u00bb{}\u00bb][\/et_pb_gallery][\/et_pb_column][\/et_pb_row][et_pb_row _builder_version=\u00bb4.16&#8243; _module_preset=\u00bbdefault\u00bb global_colors_info=\u00bb{}\u00bb][et_pb_column type=\u00bb4_4&#8243; _builder_version=\u00bb4.16&#8243; _module_preset=\u00bbdefault\u00bb global_colors_info=\u00bb{}\u00bb][et_pb_divider color=\u00bb#e5ddc8&#8243; _builder_version=\u00bb4.16&#8243; _module_preset=\u00bbdefault\u00bb border_color_all=\u00bb#e5ddc8&#8243; global_colors_info=\u00bb{}\u00bb][\/et_pb_divider][\/et_pb_column][\/et_pb_row][\/et_pb_section]<\/p>\n","protected":false},"excerpt":{"rendered":"<p>En Mas Oms, podr\u00e1s probar nuestra cocina saludable, local, totalmente natural y con ingredientes de agricultura ecol\u00f3gica. Es una oda a la calidad y a la simplicidad. La belleza de las verduras y las flores comestibles es incomparable. Tratamos de hacerte volver a las ra\u00edces, a la esencia del sabor y al perfume de las cosas. En cada comida te embarcar\u00e1s en un verdadero viaje culinario.<\/p>\n","protected":false},"author":1,"featured_media":0,"parent":0,"menu_order":0,"comment_status":"closed","ping_status":"closed","template":"","meta":{"_acf_changed":false,"_et_pb_use_builder":"on","_et_pb_old_content":"","_et_gb_content_width":"","_monsterinsights_skip_tracking":false,"_monsterinsights_sitenote_active":false,"_monsterinsights_sitenote_note":"","_monsterinsights_sitenote_category":0,"footnotes":""},"class_list":["post-8080","page","type-page","status-publish","hentry"],"acf":[],"yoast_head":"<!-- This site is optimized with the Yoast SEO plugin v27.0 - https:\/\/yoast.com\/product\/yoast-seo-wordpress\/ -->\n<title>Tu hotel slow life, un nuevo concepto de vacaciones - MAS OMS<\/title>\n<meta name=\"description\" content=\"El deseo de ofrecer un hotel slow life orientado a la naturaleza, el slow life, la generosidad y la conexi\u00f3n con uno mismo.\" \/>\n<meta name=\"robots\" content=\"index, follow, max-snippet:-1, max-image-preview:large, max-video-preview:-1\" \/>\n<link rel=\"canonical\" href=\"https:\/\/mas-oms.com\/fr\/es\/mas-oms\/\" \/>\n<meta property=\"og:locale\" content=\"es_ES\" \/>\n<meta property=\"og:type\" content=\"article\" \/>\n<meta property=\"og:title\" content=\"Tu hotel slow life, un nuevo concepto de vacaciones - MAS OMS\" \/>\n<meta property=\"og:description\" content=\"El deseo de ofrecer un hotel slow life orientado a la naturaleza, el slow life, la generosidad y la conexi\u00f3n con uno mismo.\" \/>\n<meta property=\"og:url\" content=\"https:\/\/mas-oms.com\/fr\/es\/mas-oms\/\" \/>\n<meta property=\"og:site_name\" content=\"MAS OMS\" \/>\n<meta property=\"article:modified_time\" content=\"2023-03-17T10:27:20+00:00\" \/>\n<meta name=\"twitter:card\" content=\"summary_large_image\" \/>\n<script type=\"application\/ld+json\" class=\"yoast-schema-graph\">{\"@context\":\"https:\/\/schema.org\",\"@graph\":[{\"@type\":\"WebPage\",\"@id\":\"https:\/\/mas-oms.com\/fr\/es\/mas-oms\/\",\"url\":\"https:\/\/mas-oms.com\/fr\/es\/mas-oms\/\",\"name\":\"Tu hotel slow life, un nuevo concepto de vacaciones - MAS OMS\",\"isPartOf\":{\"@id\":\"https:\/\/mas-oms.com\/fr\/es\/#website\"},\"datePublished\":\"2020-12-12T11:19:46+00:00\",\"dateModified\":\"2023-03-17T10:27:20+00:00\",\"description\":\"El deseo de ofrecer un hotel slow life orientado a la naturaleza, el slow life, la generosidad y la conexi\u00f3n con uno mismo.\",\"breadcrumb\":{\"@id\":\"https:\/\/mas-oms.com\/fr\/es\/mas-oms\/#breadcrumb\"},\"inLanguage\":\"es\",\"potentialAction\":[{\"@type\":\"ReadAction\",\"target\":[\"https:\/\/mas-oms.com\/fr\/es\/mas-oms\/\"]}]},{\"@type\":\"BreadcrumbList\",\"@id\":\"https:\/\/mas-oms.com\/fr\/es\/mas-oms\/#breadcrumb\",\"itemListElement\":[{\"@type\":\"ListItem\",\"position\":1,\"name\":\"Accueil\",\"item\":\"https:\/\/mas-oms.com\/fr\/es\/\"},{\"@type\":\"ListItem\",\"position\":2,\"name\":\"Mas Oms\"}]},{\"@type\":\"WebSite\",\"@id\":\"https:\/\/mas-oms.com\/fr\/es\/#website\",\"url\":\"https:\/\/mas-oms.com\/fr\/es\/\",\"name\":\"MAS OMS\",\"description\":\"\",\"potentialAction\":[{\"@type\":\"SearchAction\",\"target\":{\"@type\":\"EntryPoint\",\"urlTemplate\":\"https:\/\/mas-oms.com\/fr\/es\/?s={search_term_string}\"},\"query-input\":{\"@type\":\"PropertyValueSpecification\",\"valueRequired\":true,\"valueName\":\"search_term_string\"}}],\"inLanguage\":\"es\"}]}<\/script>\n<!-- \/ Yoast SEO plugin. -->","yoast_head_json":{"title":"Tu hotel slow life, un nuevo concepto de vacaciones - MAS OMS","description":"El deseo de ofrecer un hotel slow life orientado a la naturaleza, el slow life, la generosidad y la conexi\u00f3n con uno mismo.","robots":{"index":"index","follow":"follow","max-snippet":"max-snippet:-1","max-image-preview":"max-image-preview:large","max-video-preview":"max-video-preview:-1"},"canonical":"https:\/\/mas-oms.com\/fr\/es\/mas-oms\/","og_locale":"es_ES","og_type":"article","og_title":"Tu hotel slow life, un nuevo concepto de vacaciones - MAS OMS","og_description":"El deseo de ofrecer un hotel slow life orientado a la naturaleza, el slow life, la generosidad y la conexi\u00f3n con uno mismo.","og_url":"https:\/\/mas-oms.com\/fr\/es\/mas-oms\/","og_site_name":"MAS OMS","article_modified_time":"2023-03-17T10:27:20+00:00","twitter_card":"summary_large_image","schema":{"@context":"https:\/\/schema.org","@graph":[{"@type":"WebPage","@id":"https:\/\/mas-oms.com\/fr\/es\/mas-oms\/","url":"https:\/\/mas-oms.com\/fr\/es\/mas-oms\/","name":"Tu hotel slow life, un nuevo concepto de vacaciones - MAS OMS","isPartOf":{"@id":"https:\/\/mas-oms.com\/fr\/es\/#website"},"datePublished":"2020-12-12T11:19:46+00:00","dateModified":"2023-03-17T10:27:20+00:00","description":"El deseo de ofrecer un hotel slow life orientado a la naturaleza, el slow life, la generosidad y la conexi\u00f3n con uno mismo.","breadcrumb":{"@id":"https:\/\/mas-oms.com\/fr\/es\/mas-oms\/#breadcrumb"},"inLanguage":"es","potentialAction":[{"@type":"ReadAction","target":["https:\/\/mas-oms.com\/fr\/es\/mas-oms\/"]}]},{"@type":"BreadcrumbList","@id":"https:\/\/mas-oms.com\/fr\/es\/mas-oms\/#breadcrumb","itemListElement":[{"@type":"ListItem","position":1,"name":"Accueil","item":"https:\/\/mas-oms.com\/fr\/es\/"},{"@type":"ListItem","position":2,"name":"Mas Oms"}]},{"@type":"WebSite","@id":"https:\/\/mas-oms.com\/fr\/es\/#website","url":"https:\/\/mas-oms.com\/fr\/es\/","name":"MAS OMS","description":"","potentialAction":[{"@type":"SearchAction","target":{"@type":"EntryPoint","urlTemplate":"https:\/\/mas-oms.com\/fr\/es\/?s={search_term_string}"},"query-input":{"@type":"PropertyValueSpecification","valueRequired":true,"valueName":"search_term_string"}}],"inLanguage":"es"}]}},"_links":{"self":[{"href":"https:\/\/mas-oms.com\/fr\/es\/wp-json\/wp\/v2\/pages\/8080","targetHints":{"allow":["GET"]}}],"collection":[{"href":"https:\/\/mas-oms.com\/fr\/es\/wp-json\/wp\/v2\/pages"}],"about":[{"href":"https:\/\/mas-oms.com\/fr\/es\/wp-json\/wp\/v2\/types\/page"}],"author":[{"embeddable":true,"href":"https:\/\/mas-oms.com\/fr\/es\/wp-json\/wp\/v2\/users\/1"}],"replies":[{"embeddable":true,"href":"https:\/\/mas-oms.com\/fr\/es\/wp-json\/wp\/v2\/comments?post=8080"}],"version-history":[{"count":13,"href":"https:\/\/mas-oms.com\/fr\/es\/wp-json\/wp\/v2\/pages\/8080\/revisions"}],"predecessor-version":[{"id":14801,"href":"https:\/\/mas-oms.com\/fr\/es\/wp-json\/wp\/v2\/pages\/8080\/revisions\/14801"}],"wp:attachment":[{"href":"https:\/\/mas-oms.com\/fr\/es\/wp-json\/wp\/v2\/media?parent=8080"}],"curies":[{"name":"wp","href":"https:\/\/api.w.org\/{rel}","templated":true}]}}