{"id":8093,"date":"2020-12-16T09:14:03","date_gmt":"2020-12-16T08:14:03","guid":{"rendered":"https:\/\/www.mas-oms.com\/escapadas\/"},"modified":"2021-03-05T18:08:59","modified_gmt":"2021-03-05T17:08:59","slug":"escapadas","status":"publish","type":"page","link":"https:\/\/mas-oms.com\/fr\/es\/escapadas\/","title":{"rendered":"Escapadas"},"content":{"rendered":"<p>[et_pb_section fb_built=\u00bb1&#8243; fullwidth=\u00bbon\u00bb _builder_version=\u00bb4.7.4&#8243; _dynamic_attributes=\u00bbbackground_image\u00bb _module_preset=\u00bbdefault\u00bb background_image=\u00bb@ET-DC@eyJkeW5hbWljIjp0cnVlLCJjb250ZW50IjoiY3VzdG9tX21ldGFfYmFubmllcmVfaW1hZ2UiLCJzZXR0aW5ncyI6eyJiZWZvcmUiOiIiLCJhZnRlciI6IiIsImVuYWJsZV9odG1sIjoib2ZmIn19@\u00bb height=\u00bb200px\u00bb custom_margin=\u00bb0px||0px||false|false\u00bb custom_padding=\u00bb||||false|false\u00bb global_module=\u00bb1492&#8243; saved_tabs=\u00bball\u00bb collapsed=\u00bboff\u00bb][et_pb_fullwidth_post_title meta=\u00bboff\u00bb featured_image=\u00bboff\u00bb admin_label=\u00bbTitre du poste en pleine largeur\u00bb _builder_version=\u00bb4.7.4&#8243; _module_preset=\u00bbdefault\u00bb title_text_align=\u00bbcenter\u00bb title_text_color=\u00bb#ffffff\u00bb title_font_size=\u00bb40px\u00bb height=\u00bb200px\u00bb custom_margin=\u00bb0px||0px||false|false\u00bb custom_padding=\u00bb80px||80px||false|false\u00bb custom_padding_tablet=\u00bb\u00bb custom_padding_phone=\u00bb20px||20px||false|false\u00bb custom_padding_last_edited=\u00bbon|phone\u00bb hover_enabled=\u00bb0&#8243; sticky_enabled=\u00bb0&#8243;][\/et_pb_fullwidth_post_title][\/et_pb_section][et_pb_section fb_built=\u00bb1&#8243; custom_padding_last_edited=\u00bbon|desktop\u00bb admin_label=\u00bbsection\u00bb _builder_version=\u00bb3.22.3&#8243; background_color=\u00bb#ffffff\u00bb custom_padding_tablet=\u00bb50px|0|50px|0&#8243; custom_padding_phone=\u00bb\u00bb transparent_background=\u00bboff\u00bb padding_mobile=\u00bboff\u00bb make_fullwidth=\u00bboff\u00bb use_custom_width=\u00bboff\u00bb width_unit=\u00bbon\u00bb][et_pb_row _builder_version=\u00bb4.7.4&#8243; _module_preset=\u00bbdefault\u00bb][et_pb_column type=\u00bb4_4&#8243; _builder_version=\u00bb4.7.4&#8243; _module_preset=\u00bbdefault\u00bb][et_pb_text _builder_version=\u00bb4.7.4&#8243; _module_preset=\u00bbdefault\u00bb text_text_color=\u00bb#241e20&#8243;]<\/p>\n<p style=\"text-align: center\">Para todos aquellos que no quieran perderse todo lo que ofrece esta regi\u00f3n (tarea dif\u00edcil dada la diversidad), hemos agrupado nuestras escapadas en 4 categor\u00edas: Deporte\u2013 Comida\u2013 Cultura\u2013 Playa. Dado que todo est\u00e1 en constante evoluci\u00f3n, estaremos encantados de aconsejarte in situ de las \u00faltimas novedades de la zona. Si quieres solicitar informaci\u00f3n adicional antes de realizar tu viaje, no dudes en <a href=\"https:\/\/mas-oms.com\/es\/contacto\/\"><u>contactar con nosotros<\/u>.<\/a><\/p>\n<p>[\/et_pb_text][et_pb_blog fullwidth=\u00bboff\u00bb include_categories=\u00bb87&#8243; use_manual_excerpt=\u00bboff\u00bb admin_label=\u00bbListe des articles\u00bb _builder_version=\u00bb4.7.4&#8243; _module_preset=\u00bbdefault\u00bb][\/et_pb_blog][\/et_pb_column][\/et_pb_row][\/et_pb_section]<\/p>\n","protected":false},"excerpt":{"rendered":"<p>Para todos aquellos que no quieran perderse todo lo que ofrece esta regi\u00f3n (tarea dif\u00edcil dada la diversidad), hemos agrupado nuestras escapadas en 4 categor\u00edas: Deporte\u2013 Comida\u2013 Cultura\u2013 Playa. Dado que todo est\u00e1 en constante evoluci\u00f3n, estaremos encantados de aconsejarte in situ de las \u00faltimas novedades de la zona. Si quieres solicitar informaci\u00f3n adicional antes [&hellip;]<\/p>\n","protected":false},"author":1,"featured_media":0,"parent":0,"menu_order":0,"comment_status":"closed","ping_status":"closed","template":"","meta":{"_acf_changed":false,"_et_pb_use_builder":"on","_et_pb_old_content":"","_et_gb_content_width":"","_monsterinsights_skip_tracking":false,"_monsterinsights_sitenote_active":false,"_monsterinsights_sitenote_note":"","_monsterinsights_sitenote_category":0,"footnotes":""},"class_list":["post-8093","page","type-page","status-publish","hentry"],"acf":[],"yoast_head":"<!-- This site is optimized with the Yoast SEO plugin v27.0 - https:\/\/yoast.com\/product\/yoast-seo-wordpress\/ -->\n<title>Ciclismo, senderismo y gastronom\u00eda catalana - MAS OMS<\/title>\n<meta name=\"description\" content=\"Venga a descubrir Catalu\u00f1a, sus carriles bici, su cocina gastron\u00f3mica, sus magn\u00edficas playas de la Costa Brava. Ven y \u00fanete a nosotros!\" \/>\n<meta name=\"robots\" content=\"index, follow, max-snippet:-1, max-image-preview:large, max-video-preview:-1\" \/>\n<link rel=\"canonical\" href=\"https:\/\/mas-oms.com\/fr\/es\/escapadas\/\" \/>\n<meta property=\"og:locale\" content=\"es_ES\" \/>\n<meta property=\"og:type\" content=\"article\" \/>\n<meta property=\"og:title\" content=\"Ciclismo, senderismo y gastronom\u00eda catalana - MAS OMS\" \/>\n<meta property=\"og:description\" content=\"Venga a descubrir Catalu\u00f1a, sus carriles bici, su cocina gastron\u00f3mica, sus magn\u00edficas playas de la Costa Brava. Ven y \u00fanete a nosotros!\" \/>\n<meta property=\"og:url\" content=\"https:\/\/mas-oms.com\/fr\/es\/escapadas\/\" \/>\n<meta property=\"og:site_name\" content=\"MAS OMS\" \/>\n<meta property=\"article:modified_time\" content=\"2021-03-05T17:08:59+00:00\" \/>\n<meta name=\"twitter:card\" content=\"summary_large_image\" \/>\n<meta name=\"twitter:label1\" content=\"Tiempo de lectura\" \/>\n\t<meta name=\"twitter:data1\" content=\"2 minutos\" \/>\n<script type=\"application\/ld+json\" class=\"yoast-schema-graph\">{\"@context\":\"https:\/\/schema.org\",\"@graph\":[{\"@type\":\"WebPage\",\"@id\":\"https:\/\/mas-oms.com\/fr\/es\/escapadas\/\",\"url\":\"https:\/\/mas-oms.com\/fr\/es\/escapadas\/\",\"name\":\"Ciclismo, senderismo y gastronom\u00eda catalana - MAS OMS\",\"isPartOf\":{\"@id\":\"https:\/\/mas-oms.com\/fr\/es\/#website\"},\"datePublished\":\"2020-12-16T08:14:03+00:00\",\"dateModified\":\"2021-03-05T17:08:59+00:00\",\"description\":\"Venga a descubrir Catalu\u00f1a, sus carriles bici, su cocina gastron\u00f3mica, sus magn\u00edficas playas de la Costa Brava. Ven y \u00fanete a nosotros!\",\"breadcrumb\":{\"@id\":\"https:\/\/mas-oms.com\/fr\/es\/escapadas\/#breadcrumb\"},\"inLanguage\":\"es\",\"potentialAction\":[{\"@type\":\"ReadAction\",\"target\":[\"https:\/\/mas-oms.com\/fr\/es\/escapadas\/\"]}]},{\"@type\":\"BreadcrumbList\",\"@id\":\"https:\/\/mas-oms.com\/fr\/es\/escapadas\/#breadcrumb\",\"itemListElement\":[{\"@type\":\"ListItem\",\"position\":1,\"name\":\"Accueil\",\"item\":\"https:\/\/mas-oms.com\/fr\/es\/\"},{\"@type\":\"ListItem\",\"position\":2,\"name\":\"Escapadas\"}]},{\"@type\":\"WebSite\",\"@id\":\"https:\/\/mas-oms.com\/fr\/es\/#website\",\"url\":\"https:\/\/mas-oms.com\/fr\/es\/\",\"name\":\"MAS OMS\",\"description\":\"\",\"potentialAction\":[{\"@type\":\"SearchAction\",\"target\":{\"@type\":\"EntryPoint\",\"urlTemplate\":\"https:\/\/mas-oms.com\/fr\/es\/?s={search_term_string}\"},\"query-input\":{\"@type\":\"PropertyValueSpecification\",\"valueRequired\":true,\"valueName\":\"search_term_string\"}}],\"inLanguage\":\"es\"}]}<\/script>\n<!-- \/ Yoast SEO plugin. -->","yoast_head_json":{"title":"Ciclismo, senderismo y gastronom\u00eda catalana - MAS OMS","description":"Venga a descubrir Catalu\u00f1a, sus carriles bici, su cocina gastron\u00f3mica, sus magn\u00edficas playas de la Costa Brava. Ven y \u00fanete a nosotros!","robots":{"index":"index","follow":"follow","max-snippet":"max-snippet:-1","max-image-preview":"max-image-preview:large","max-video-preview":"max-video-preview:-1"},"canonical":"https:\/\/mas-oms.com\/fr\/es\/escapadas\/","og_locale":"es_ES","og_type":"article","og_title":"Ciclismo, senderismo y gastronom\u00eda catalana - MAS OMS","og_description":"Venga a descubrir Catalu\u00f1a, sus carriles bici, su cocina gastron\u00f3mica, sus magn\u00edficas playas de la Costa Brava. Ven y \u00fanete a nosotros!","og_url":"https:\/\/mas-oms.com\/fr\/es\/escapadas\/","og_site_name":"MAS OMS","article_modified_time":"2021-03-05T17:08:59+00:00","twitter_card":"summary_large_image","twitter_misc":{"Tiempo de lectura":"2 minutos"},"schema":{"@context":"https:\/\/schema.org","@graph":[{"@type":"WebPage","@id":"https:\/\/mas-oms.com\/fr\/es\/escapadas\/","url":"https:\/\/mas-oms.com\/fr\/es\/escapadas\/","name":"Ciclismo, senderismo y gastronom\u00eda catalana - MAS OMS","isPartOf":{"@id":"https:\/\/mas-oms.com\/fr\/es\/#website"},"datePublished":"2020-12-16T08:14:03+00:00","dateModified":"2021-03-05T17:08:59+00:00","description":"Venga a descubrir Catalu\u00f1a, sus carriles bici, su cocina gastron\u00f3mica, sus magn\u00edficas playas de la Costa Brava. Ven y \u00fanete a nosotros!","breadcrumb":{"@id":"https:\/\/mas-oms.com\/fr\/es\/escapadas\/#breadcrumb"},"inLanguage":"es","potentialAction":[{"@type":"ReadAction","target":["https:\/\/mas-oms.com\/fr\/es\/escapadas\/"]}]},{"@type":"BreadcrumbList","@id":"https:\/\/mas-oms.com\/fr\/es\/escapadas\/#breadcrumb","itemListElement":[{"@type":"ListItem","position":1,"name":"Accueil","item":"https:\/\/mas-oms.com\/fr\/es\/"},{"@type":"ListItem","position":2,"name":"Escapadas"}]},{"@type":"WebSite","@id":"https:\/\/mas-oms.com\/fr\/es\/#website","url":"https:\/\/mas-oms.com\/fr\/es\/","name":"MAS OMS","description":"","potentialAction":[{"@type":"SearchAction","target":{"@type":"EntryPoint","urlTemplate":"https:\/\/mas-oms.com\/fr\/es\/?s={search_term_string}"},"query-input":{"@type":"PropertyValueSpecification","valueRequired":true,"valueName":"search_term_string"}}],"inLanguage":"es"}]}},"_links":{"self":[{"href":"https:\/\/mas-oms.com\/fr\/es\/wp-json\/wp\/v2\/pages\/8093","targetHints":{"allow":["GET"]}}],"collection":[{"href":"https:\/\/mas-oms.com\/fr\/es\/wp-json\/wp\/v2\/pages"}],"about":[{"href":"https:\/\/mas-oms.com\/fr\/es\/wp-json\/wp\/v2\/types\/page"}],"author":[{"embeddable":true,"href":"https:\/\/mas-oms.com\/fr\/es\/wp-json\/wp\/v2\/users\/1"}],"replies":[{"embeddable":true,"href":"https:\/\/mas-oms.com\/fr\/es\/wp-json\/wp\/v2\/comments?post=8093"}],"version-history":[{"count":3,"href":"https:\/\/mas-oms.com\/fr\/es\/wp-json\/wp\/v2\/pages\/8093\/revisions"}],"predecessor-version":[{"id":8790,"href":"https:\/\/mas-oms.com\/fr\/es\/wp-json\/wp\/v2\/pages\/8093\/revisions\/8790"}],"wp:attachment":[{"href":"https:\/\/mas-oms.com\/fr\/es\/wp-json\/wp\/v2\/media?parent=8093"}],"curies":[{"name":"wp","href":"https:\/\/api.w.org\/{rel}","templated":true}]}}