{"id":8098,"date":"2020-12-16T09:27:20","date_gmt":"2020-12-16T08:27:20","guid":{"rendered":"https:\/\/www.mas-oms.com\/condiciones-generales-de-venta\/"},"modified":"2024-08-29T15:29:49","modified_gmt":"2024-08-29T13:29:49","slug":"condiciones-generales-de-venta","status":"publish","type":"page","link":"https:\/\/mas-oms.com\/fr\/es\/condiciones-generales-de-venta\/","title":{"rendered":"Condiciones generales de venta"},"content":{"rendered":"<p>[et_pb_section fb_built=\u00bb1&#8243; custom_padding_last_edited=\u00bbon|desktop\u00bb admin_label=\u00bbsection\u00bb _builder_version=\u00bb4.16&#8243; background_color=\u00bb#ffffff\u00bb parallax=\u00bbon\u00bb parallax_method=\u00bboff\u00bb custom_padding=\u00bb0px||0px|\u00bb custom_padding_tablet=\u00bb50px|0|50px|0&#8243; custom_padding_phone=\u00bb\u00bb transparent_background=\u00bboff\u00bb padding_mobile=\u00bboff\u00bb make_fullwidth=\u00bboff\u00bb use_custom_width=\u00bboff\u00bb width_unit=\u00bbon\u00bb locked=\u00bboff\u00bb global_colors_info=\u00bb{}\u00bb][et_pb_row admin_label=\u00bbrow\u00bb _builder_version=\u00bb4.16&#8243; background_size=\u00bbinitial\u00bb background_position=\u00bbtop_left\u00bb background_repeat=\u00bbrepeat\u00bb width=\u00bb90%\u00bb max_width=\u00bb1200px\u00bb global_colors_info=\u00bb{}\u00bb][et_pb_column type=\u00bb4_4&#8243; _builder_version=\u00bb4.16&#8243; custom_padding=\u00bb|||\u00bb global_colors_info=\u00bb{}\u00bb custom_padding__hover=\u00bb|||\u00bb][et_pb_post_title meta=\u00bboff\u00bb featured_image=\u00bboff\u00bb _builder_version=\u00bb4.16&#8243; title_font_size=\u00bb35px\u00bb title_line_height=\u00bb1.7em\u00bb background_color=\u00bbrgba(255,255,255,0)\u00bb parallax=\u00bbon\u00bb parallax_method=\u00bboff\u00bb title_font_size_tablet=\u00bb50px\u00bb title_font_size_phone=\u00bb20px\u00bb title_font_size_last_edited=\u00bboff|phone\u00bb use_border_color=\u00bboff\u00bb global_colors_info=\u00bb{}\u00bb][\/et_pb_post_title][\/et_pb_column][\/et_pb_row][\/et_pb_section][et_pb_section fb_built=\u00bb1&#8243; admin_label=\u00bbsection\u00bb _builder_version=\u00bb4.16&#8243; global_colors_info=\u00bb{}\u00bb][et_pb_row admin_label=\u00bbrow\u00bb _builder_version=\u00bb4.16&#8243; background_size=\u00bbinitial\u00bb background_position=\u00bbtop_left\u00bb background_repeat=\u00bbrepeat\u00bb global_colors_info=\u00bb{}\u00bb][et_pb_column type=\u00bb4_4&#8243; _builder_version=\u00bb4.16&#8243; custom_padding=\u00bb|||\u00bb global_colors_info=\u00bb{}\u00bb custom_padding__hover=\u00bb|||\u00bb][et_pb_text admin_label=\u00bbText\u00bb _builder_version=\u00bb4.24.3&#8243; background_size=\u00bbinitial\u00bb background_position=\u00bbtop_left\u00bb background_repeat=\u00bbrepeat\u00bb hover_enabled=\u00bb0&#8243; use_border_color=\u00bboff\u00bb global_colors_info=\u00bb{}\u00bb sticky_enabled=\u00bb0&#8243;]<\/p>\n<h1><strong>Condiciones de reserva del establecimiento Mas Oms<\/strong><\/h1>\n<p>&nbsp;<\/p>\n<h3><u>Respeto del lugar y de los anfitriones<\/u><\/h3>\n<p>Has reservado una estancia en Mas Oms y te lo gradecemos. Vas a vivir en un espacio natural protegio que merece tu respeto. Te pedimos que respetes el lugar tanto para tu confort y el de los dem\u00e1s.<\/p>\n<h3><u>Llegada y salida<\/u><\/h3>\n<p>Las habitaciones est\u00e1n disponibles desde su llegada a las 15:00h y deben ser desalojadas antes de las 11:00h el d\u00eda de la salida.<\/p>\n<h3><u>Reserva<\/u><\/h3>\n<p>Para que su reserva sea v\u00e1lida debe estar pagado el adelanto de 30%. Tanto si se realiza a trav\u00e9s de nuestro sistema de reservas en l\u00ednea con pago seguro en https:\/\/mas-oms.com, por tel\u00e9fono o por correo electr\u00f3nico con nuestro servicio de reservas, o a trav\u00e9s de nuestros socios, el adelento de 30% se cargar\u00e1 en su tarjeta de cr\u00e9dito en el momento de la reserva.<\/p>\n<h3><u>cancelaci\u00f3n o modificaci\u00f3n<\/u><\/h3>\n<p>Cancelaci\u00f3n gratuita si se realiza 14 d\u00edas antes de la llegada. El pago se reembolsar\u00e1 en su totalidad. Si la cancelaci\u00f3n se produce entre 7 y 14 d\u00edas, se devolver\u00e1 el 50% del importe. Sin embargo, si la cancelaci\u00f3n se produce con menos de 7 d\u00edas de antelaci\u00f3n a su llegada, no se realizar\u00e1 ning\u00fan reembolso.<\/p>\n<p>En caso de salida anticipada o de no presentarse, no se realizar\u00e1 ning\u00fan reembolso y la reserva se cancelar\u00e1 autom\u00e1ticamente.<\/p>\n<p>Las solicitudes de cambio deben enviarse por correo electr\u00f3nico y estar\u00e1n sujetas a la disponibilidad en el momento de dicha solicitud.<\/p>\n<h3><u>Tarifas<\/u><\/h3>\n<p>Nuestras tarifas incluyen todos los impuestos. S\u00f3lo son v\u00e1lidas las tarifas que aparecen en nuestro sitio web. A este precio se a\u00f1adir\u00e1 la tasa tur\u00edstica que se pagar\u00e1 a la llegada.<\/p>\n<h3><u>M\u00e9todos de pago aceptadoss<\/u><\/h3>\n<ul>\n<li>Tarjetas bancarias : Mastercard, Visa, Bancontact<\/li>\n<li>PayPal<\/li>\n<li>Efectivo<\/li>\n<\/ul>\n<h3><u>Animales<\/u><\/h3>\n<p>Las mascotas no est\u00e1n permitidas en la propiedad. Si lo desea, hay un hotel de mascotas en las inmediaciones.<\/p>\n<h3><u>Objetos de valor<\/u><\/h3>\n<p>Se recomienda no dejar objetos de valor en las habitaciones. La direcci\u00f3n no se hace responsable de los robos en las habitaciones. No obstante, hay una caja fuerte disponible en su habitaci\u00f3n.<\/p>\n<h3><u>Quejas<\/u><\/h3>\n<p>Toda reclamaci\u00f3n relativa a una estancia debe enviarse por carta certificada con acuse de recibo en un plazo de 30 d\u00edas a partir de la estancia a la siguiente direcci\u00f3n:<\/p>\n<p>Mas Oms<\/p>\n<p>GIV 6641 km 10.5<\/p>\n<p>17242 Montnegre (Quart)<\/p>\n<h3><u>Tabaco<\/u><\/h3>\n<p>Est\u00e1 estrictamente prohibido fumar dentro de las habitaciones y del establecimiento. Est\u00e1 permitido fumar fuera siempre que no se dejen colillas en el suelo. Los ceniceros est\u00e1n a su disposici\u00f3n. Se ruega no fumar en la terraza del restaurante durante las comidas.<\/p>\n<p>&nbsp;<\/p>\n<p>&nbsp;<\/p>\n<p>&nbsp;<\/p>\n<p>&nbsp;<\/p>\n<p>[\/et_pb_text][\/et_pb_column][\/et_pb_row][\/et_pb_section]<\/p>\n","protected":false},"excerpt":{"rendered":"<p>Condiciones de reserva del establecimiento Mas Oms &nbsp; Respeto del lugar y de los anfitriones Has reservado una estancia en Mas Oms y te lo gradecemos. Vas a vivir en un espacio natural protegio que merece tu respeto. Te pedimos que respetes el lugar tanto para tu confort y el de los dem\u00e1s. Llegada y [&hellip;]<\/p>\n","protected":false},"author":1,"featured_media":0,"parent":0,"menu_order":0,"comment_status":"closed","ping_status":"closed","template":"","meta":{"_acf_changed":false,"_et_pb_use_builder":"on","_et_pb_old_content":"","_et_gb_content_width":"","_monsterinsights_skip_tracking":false,"_monsterinsights_sitenote_active":false,"_monsterinsights_sitenote_note":"","_monsterinsights_sitenote_category":0,"footnotes":""},"class_list":["post-8098","page","type-page","status-publish","hentry"],"acf":[],"yoast_head":"<!-- This site is optimized with the Yoast SEO plugin v27.0 - https:\/\/yoast.com\/product\/yoast-seo-wordpress\/ -->\n<title>Condiciones generales de venta - MAS OMS<\/title>\n<meta name=\"robots\" content=\"index, follow, max-snippet:-1, max-image-preview:large, max-video-preview:-1\" \/>\n<link rel=\"canonical\" href=\"https:\/\/mas-oms.com\/fr\/es\/condiciones-generales-de-venta\/\" \/>\n<meta property=\"og:locale\" content=\"es_ES\" \/>\n<meta property=\"og:type\" content=\"article\" \/>\n<meta property=\"og:title\" content=\"Condiciones generales de venta - MAS OMS\" \/>\n<meta property=\"og:url\" content=\"https:\/\/mas-oms.com\/fr\/es\/condiciones-generales-de-venta\/\" \/>\n<meta property=\"og:site_name\" content=\"MAS OMS\" \/>\n<meta property=\"article:modified_time\" content=\"2024-08-29T13:29:49+00:00\" \/>\n<meta name=\"twitter:card\" content=\"summary_large_image\" \/>\n<meta name=\"twitter:label1\" content=\"Tiempo de lectura\" \/>\n\t<meta name=\"twitter:data1\" content=\"4 minutos\" \/>\n<script type=\"application\/ld+json\" class=\"yoast-schema-graph\">{\"@context\":\"https:\/\/schema.org\",\"@graph\":[{\"@type\":\"WebPage\",\"@id\":\"https:\/\/mas-oms.com\/fr\/es\/condiciones-generales-de-venta\/\",\"url\":\"https:\/\/mas-oms.com\/fr\/es\/condiciones-generales-de-venta\/\",\"name\":\"Condiciones generales de venta - MAS OMS\",\"isPartOf\":{\"@id\":\"https:\/\/mas-oms.com\/fr\/es\/#website\"},\"datePublished\":\"2020-12-16T08:27:20+00:00\",\"dateModified\":\"2024-08-29T13:29:49+00:00\",\"breadcrumb\":{\"@id\":\"https:\/\/mas-oms.com\/fr\/es\/condiciones-generales-de-venta\/#breadcrumb\"},\"inLanguage\":\"es\",\"potentialAction\":[{\"@type\":\"ReadAction\",\"target\":[\"https:\/\/mas-oms.com\/fr\/es\/condiciones-generales-de-venta\/\"]}]},{\"@type\":\"BreadcrumbList\",\"@id\":\"https:\/\/mas-oms.com\/fr\/es\/condiciones-generales-de-venta\/#breadcrumb\",\"itemListElement\":[{\"@type\":\"ListItem\",\"position\":1,\"name\":\"Accueil\",\"item\":\"https:\/\/mas-oms.com\/fr\/es\/\"},{\"@type\":\"ListItem\",\"position\":2,\"name\":\"Condiciones generales de venta\"}]},{\"@type\":\"WebSite\",\"@id\":\"https:\/\/mas-oms.com\/fr\/es\/#website\",\"url\":\"https:\/\/mas-oms.com\/fr\/es\/\",\"name\":\"MAS OMS\",\"description\":\"\",\"potentialAction\":[{\"@type\":\"SearchAction\",\"target\":{\"@type\":\"EntryPoint\",\"urlTemplate\":\"https:\/\/mas-oms.com\/fr\/es\/?s={search_term_string}\"},\"query-input\":{\"@type\":\"PropertyValueSpecification\",\"valueRequired\":true,\"valueName\":\"search_term_string\"}}],\"inLanguage\":\"es\"}]}<\/script>\n<!-- \/ Yoast SEO plugin. -->","yoast_head_json":{"title":"Condiciones generales de venta - MAS OMS","robots":{"index":"index","follow":"follow","max-snippet":"max-snippet:-1","max-image-preview":"max-image-preview:large","max-video-preview":"max-video-preview:-1"},"canonical":"https:\/\/mas-oms.com\/fr\/es\/condiciones-generales-de-venta\/","og_locale":"es_ES","og_type":"article","og_title":"Condiciones generales de venta - MAS OMS","og_url":"https:\/\/mas-oms.com\/fr\/es\/condiciones-generales-de-venta\/","og_site_name":"MAS OMS","article_modified_time":"2024-08-29T13:29:49+00:00","twitter_card":"summary_large_image","twitter_misc":{"Tiempo de lectura":"4 minutos"},"schema":{"@context":"https:\/\/schema.org","@graph":[{"@type":"WebPage","@id":"https:\/\/mas-oms.com\/fr\/es\/condiciones-generales-de-venta\/","url":"https:\/\/mas-oms.com\/fr\/es\/condiciones-generales-de-venta\/","name":"Condiciones generales de venta - MAS OMS","isPartOf":{"@id":"https:\/\/mas-oms.com\/fr\/es\/#website"},"datePublished":"2020-12-16T08:27:20+00:00","dateModified":"2024-08-29T13:29:49+00:00","breadcrumb":{"@id":"https:\/\/mas-oms.com\/fr\/es\/condiciones-generales-de-venta\/#breadcrumb"},"inLanguage":"es","potentialAction":[{"@type":"ReadAction","target":["https:\/\/mas-oms.com\/fr\/es\/condiciones-generales-de-venta\/"]}]},{"@type":"BreadcrumbList","@id":"https:\/\/mas-oms.com\/fr\/es\/condiciones-generales-de-venta\/#breadcrumb","itemListElement":[{"@type":"ListItem","position":1,"name":"Accueil","item":"https:\/\/mas-oms.com\/fr\/es\/"},{"@type":"ListItem","position":2,"name":"Condiciones generales de venta"}]},{"@type":"WebSite","@id":"https:\/\/mas-oms.com\/fr\/es\/#website","url":"https:\/\/mas-oms.com\/fr\/es\/","name":"MAS OMS","description":"","potentialAction":[{"@type":"SearchAction","target":{"@type":"EntryPoint","urlTemplate":"https:\/\/mas-oms.com\/fr\/es\/?s={search_term_string}"},"query-input":{"@type":"PropertyValueSpecification","valueRequired":true,"valueName":"search_term_string"}}],"inLanguage":"es"}]}},"_links":{"self":[{"href":"https:\/\/mas-oms.com\/fr\/es\/wp-json\/wp\/v2\/pages\/8098","targetHints":{"allow":["GET"]}}],"collection":[{"href":"https:\/\/mas-oms.com\/fr\/es\/wp-json\/wp\/v2\/pages"}],"about":[{"href":"https:\/\/mas-oms.com\/fr\/es\/wp-json\/wp\/v2\/types\/page"}],"author":[{"embeddable":true,"href":"https:\/\/mas-oms.com\/fr\/es\/wp-json\/wp\/v2\/users\/1"}],"replies":[{"embeddable":true,"href":"https:\/\/mas-oms.com\/fr\/es\/wp-json\/wp\/v2\/comments?post=8098"}],"version-history":[{"count":8,"href":"https:\/\/mas-oms.com\/fr\/es\/wp-json\/wp\/v2\/pages\/8098\/revisions"}],"predecessor-version":[{"id":17341,"href":"https:\/\/mas-oms.com\/fr\/es\/wp-json\/wp\/v2\/pages\/8098\/revisions\/17341"}],"wp:attachment":[{"href":"https:\/\/mas-oms.com\/fr\/es\/wp-json\/wp\/v2\/media?parent=8098"}],"curies":[{"name":"wp","href":"https:\/\/api.w.org\/{rel}","templated":true}]}}